{"id":673,"date":"2025-06-17T05:26:55","date_gmt":"2025-06-17T05:26:55","guid":{"rendered":"https:\/\/dura-alloy.com\/?post_type=product&#038;p=673"},"modified":"2025-06-17T05:37:56","modified_gmt":"2025-06-17T05:37:56","slug":"hastelloy-c-2000","status":"publish","type":"product","link":"https:\/\/www.dura-alloy.com\/de\/produkt\/hastelloy-c-2000\/","title":{"rendered":"Hastelloy C-2000"},"content":{"rendered":"<p style=\"text-align: center;\"><strong>Lieferumfang f\u00fcr Aviation Group<\/strong><\/p>\n<p style=\"text-align: center;\"><strong>Schmiedest\u00fccke, Rundstangen, Stahlplatten, Ringe, nahtlose Rohre, Stahlplatten\/Stahlb\u00e4nder, Kapillaren, Drahtschwei\u00dfmaterial, bitte fragen Sie uns an!<\/strong><\/p>\n<p><strong>1.\u00a0<\/strong><strong>Einf\u00fchrung in Hastelloy C-2000 Werkstoffe<\/strong><\/p>\n<p>Hastelloy C2000 ist eine neue NI-CR-MO-Legierung. Sie erh\u00f6ht den Chromgehalt auf Basis der C4-Legierung und f\u00fcgt Kupfer hinzu, was die Korrosionsbest\u00e4ndigkeit der Legierung und des Reduktionsmittels erheblich verbessert. Es ist derzeit eine Legierung mit guter Best\u00e4ndigkeit gegen H2SO4-Korrosion in dieser Serie, aber sie ist nicht so best\u00e4ndig gegen interkristalline Korrosion wie C4.<\/p>\n<p><strong>2. Chemische Zusammensetzung von Hastelloy C-2000<\/strong><\/p>\n<table border=\"1\">\n<tbody>\n<tr>\n<td width=\"44\">Legierung<\/td>\n<td width=\"44\">%<\/td>\n<td width=\"44\">Unter<\/td>\n<td width=\"44\">Cu<\/td>\n<td width=\"44\">Fe<\/td>\n<td width=\"44\">Mn<\/td>\n<td width=\"44\">C<\/td>\n<td width=\"44\">Und<\/td>\n<td width=\"44\">S<\/td>\n<td width=\"44\">Cr<\/td>\n<td width=\"44\">Al<\/td>\n<td width=\"44\">Mo<\/td>\n<td width=\"44\">P<\/td>\n<td width=\"44\">Co<\/td>\n<\/tr>\n<tr>\n<td rowspan=\"2\" width=\"44\">Hastelloy C-2000<\/td>\n<td width=\"44\">Minimum<\/td>\n<td rowspan=\"2\" width=\"44\">Marge<\/td>\n<td width=\"44\">1.3<\/td>\n<td width=\"44\">&#8211;<\/td>\n<td width=\"44\">&#8211;<\/td>\n<td width=\"44\">&#8211;<\/td>\n<td width=\"44\">&#8211;<\/td>\n<td width=\"44\">&#8211;<\/td>\n<td width=\"44\">22.0<\/td>\n<td width=\"44\">&#8211;<\/td>\n<td width=\"44\">15.0<\/td>\n<td width=\"44\">&#8211;<\/td>\n<td width=\"44\">&#8211;<\/td>\n<\/tr>\n<tr>\n<td width=\"44\">maximal<\/td>\n<td width=\"44\">1.9<\/td>\n<td width=\"44\">3.0<\/td>\n<td width=\"44\">0.5<\/td>\n<td width=\"44\">0.01<\/td>\n<td width=\"44\">0.06<\/td>\n<td width=\"44\">0.010<\/td>\n<td width=\"44\">24.0<\/td>\n<td width=\"44\">0.5<\/td>\n<td width=\"44\">17.0<\/td>\n<td width=\"44\">0.025<\/td>\n<td width=\"44\">2.0<\/td>\n<\/tr>\n<\/tbody>\n<\/table>\n<p><strong>Durchf\u00fchrungsbestimmungen<\/strong><\/p>\n<table border=\"1\">\n<tbody>\n<tr>\n<td width=\"101\">Stick<\/td>\n<td width=\"101\">Mittlere\/d\u00fcnne Platte<\/td>\n<td width=\"101\">Nahtloses Rohr<\/td>\n<td width=\"101\">Geschwei\u00dftes Rohr<\/td>\n<td width=\"101\">Nahtlose Rohre<\/td>\n<td width=\"101\">Schmiedeteile<\/td>\n<\/tr>\n<tr>\n<td width=\"101\">ASTM B574<\/td>\n<td width=\"101\">ASTM B575<\/td>\n<td width=\"101\">ASTM B622<\/td>\n<td width=\"101\">ASTM B619<\/td>\n<td width=\"101\">ASTM B626<\/td>\n<td width=\"101\">ASTM B564<\/td>\n<\/tr>\n<\/tbody>\n<\/table>\n<p><strong>3. Die physikalischen Eigenschaften von Hastelloy C-2000<\/strong><\/p>\n<table border=\"1\">\n<tbody>\n<tr>\n<td width=\"104\">Dichte<\/td>\n<td width=\"115\">8,9 g\/cm3<\/td>\n<\/tr>\n<tr>\n<td width=\"104\">Schmelzpunkt<\/td>\n<td width=\"115\">1335-1380 \u2103<\/td>\n<\/tr>\n<\/tbody>\n<\/table>\n<p>&nbsp;<\/p>\n<p>Mindestwert der mechanischen Eigenschaften von Legierungen bei Raumtemperatur:<\/p>\n<table border=\"1\">\n<tbody>\n<tr>\n<td width=\"104\">Staat<\/td>\n<td width=\"97\">Zugfestigkeit Rm N\/mm<\/td>\n<td width=\"120\">Streckgrenze RP0,2 N\/mm<\/td>\n<td width=\"87\">Dehnung A5 %<\/td>\n<\/tr>\n<tr>\n<td width=\"104\">Fester Schmelzzustand<\/td>\n<td width=\"97\">690<\/td>\n<td width=\"120\">283<\/td>\n<td width=\"87\">45<\/td>\n<\/tr>\n<\/tbody>\n<\/table>\n<p>&nbsp;<\/p>\n<p><strong>4. Hastelloy C-2000 Werkstoffeigenschaften<\/strong><\/p>\n<p>Hastelloy C2000 Diese Legierung wurde entwickelt, um korrosiven Chemikalien wie Schwefels\u00e4ure, Salzs\u00e4ure und Flusss\u00e4ure zu widerstehen. Im Gegensatz zu den zuvor optimierten Ni-Cr-Mo-Legierungen, die nur gegen oxidierende oder reduzierende S\u00e4uren best\u00e4ndig sind, ist die Legierung C-2000 in beiden Umgebungen korrosionsbest\u00e4ndig. Die kombinierte Wirkung von Molybd\u00e4n und Kupfer (mit einem Gehalt von 16% bzw. 1,6%) verleiht der Legierung eine ausgezeichnete Best\u00e4ndigkeit gegen Korrosion in reduzierenden Medien, w\u00e4hrend der hohe Chromgehalt (23%wt) die Best\u00e4ndigkeit gegen Korrosion in oxidierenden Medien garantiert.<\/p>\n<p>Es ist nicht sinnvoll, Ni-Cr-Mo-Legierungen bei etwa 650 \u00b0C nachzuschwei\u00dfen. Im Allgemeinen ist nach dem Schwei\u00dfen keine W\u00e4rmebehandlung erforderlich. Wenn jedoch ein Spannungsabbau erforderlich ist, wird ein vollst\u00e4ndiges Mischkristallgl\u00fchen bei 1149 \u00b0C mit anschlie\u00dfender Wasserabschreckung empfohlen.<\/p>\n<p>Die thermische Verarbeitungstemperatur der Legierung ist 1080\u2103~900\u2103, und die K\u00fchlmethode ist Wasserk\u00fchlung oder andere schnelle K\u00fchlmethoden. Um eine bessere Korrosionsbest\u00e4ndigkeit zu gew\u00e4hrleisten, sollte nach der Warmverarbeitung eine Mischkristallw\u00e4rmebehandlung durchgef\u00fchrt werden.<\/p>\n<p>Metallographische Struktur<\/p>\n<p>Die Legierung Hastelloy C2000 hat eine kubisch-fl\u00e4chenzentrierte Gitterstruktur, und ihre chemische Zusammensetzung gew\u00e4hrleistet metallografische Stabilit\u00e4t und Anti-Sensibilisierung.<\/p>\n<p><strong>\u00a0 \u00a0 Korrosionsbest\u00e4ndigkeit<\/strong><\/p>\n<p>Hastelloy C2000 ist so konzipiert, dass es korrosiven Chemikalien wie Schwefels\u00e4ure, Salzs\u00e4ure und Flusss\u00e4ure widersteht. Im Gegensatz zu den bisher optimierten Ni-Cr-Mo-Legierungen, die nur gegen oxidierende oder reduzierende S\u00e4uren best\u00e4ndig sind, ist die Legierung C-2000 in beiden Umgebungen korrosionsbest\u00e4ndig. Die kombinierte Wirkung von Mo und Cu (mit einem Gehalt von 16% bzw. 1,6%) verleiht der Legierung eine ausgezeichnete Best\u00e4ndigkeit gegen die Korrosion durch reduzierende Medien, w\u00e4hrend der hohe Chromgehalt (23%wt) die Best\u00e4ndigkeit gegen die Korrosion durch oxidierende Medien gew\u00e4hrleistet.<\/p>\n<p><strong>5. Hastelloy C-2000 Anwendungsbereich<\/strong><\/p>\n<ul>\n<li>Essigs\u00e4ure\/Essigs\u00e4ureanhydrid<\/li>\n<li>Saures Einweichen<\/li>\n<li>Herstellung von Zellophan<\/li>\n<li>Chlorungsanlage<\/li>\n<li>Komplexe Mischs\u00e4uren<\/li>\n<li>Walze f\u00fcr Galvanikbecken<\/li>\n<li>Expansions-Wellrohr<\/li>\n<li>Abgasreinigungssystem<\/li>\n<li>Geothermische Bohrungen<\/li>\n<li>Fluorwasserstoff-Ofenreiniger<\/li>\n<li>Verbrennungsreinigungssystem<\/li>\n<li>Regeneration von Kernbrennstoff<\/li>\n<li>Herstellung von Pestiziden<\/li>\n<li>Herstellung von Phosphors\u00e4ure<\/li>\n<li>Beizsystem<\/li>\n<li>Plattenw\u00e4rmetauscher<\/li>\n<li>Selektives Filtersystem<\/li>\n<li>Schwefeldioxid-K\u00fchlturm<\/li>\n<li>Sulfonierungssystem<\/li>\n<\/ul>","protected":false},"excerpt":{"rendered":"<p>Scope of supply for Aviation Group Forgings, round rods, steel plates, rings, seamless pipes, steel plates\/steel belts, capillaries, wire welding [&hellip;]<\/p>","protected":false},"featured_media":674,"template":"","meta":{"site-sidebar-layout":"default","site-content-layout":"","ast-site-content-layout":"default","site-content-style":"default","site-sidebar-style":"default","ast-global-header-display":"","ast-banner-title-visibility":"","ast-main-header-display":"","ast-hfb-above-header-display":"","ast-hfb-below-header-display":"","ast-hfb-mobile-header-display":"","site-post-title":"","ast-breadcrumbs-content":"","ast-featured-img":"","footer-sml-layout":"","theme-transparent-header-meta":"default","adv-header-id-meta":"","stick-header-meta":"","header-above-stick-meta":"","header-main-stick-meta":"","header-below-stick-meta":"","astra-migrate-meta-layouts":"set","ast-page-background-enabled":"default","ast-page-background-meta":{"desktop":{"background-color":"var(--ast-global-color-5)","background-image":"","background-repeat":"repeat","background-position":"center center","background-size":"auto","background-attachment":"scroll","background-type":"","background-media":"","overlay-type":"","overlay-color":"","overlay-opacity":"","overlay-gradient":""},"tablet":{"background-color":"","background-image":"","background-repeat":"repeat","background-position":"center center","background-size":"auto","background-attachment":"scroll","background-type":"","background-media":"","overlay-type":"","overlay-color":"","overlay-opacity":"","overlay-gradient":""},"mobile":{"background-color":"","background-image":"","background-repeat":"repeat","background-position":"center center","background-size":"auto","background-attachment":"scroll","background-type":"","background-media":"","overlay-type":"","overlay-color":"","overlay-opacity":"","overlay-gradient":""}},"ast-content-background-meta":{"desktop":{"background-color":"var(--ast-global-color-4)","background-image":"","background-repeat":"repeat","background-position":"center center","background-size":"auto","background-attachment":"scroll","background-type":"","background-media":"","overlay-type":"","overlay-color":"","overlay-opacity":"","overlay-gradient":""},"tablet":{"background-color":"var(--ast-global-color-4)","background-image":"","background-repeat":"repeat","background-position":"center center","background-size":"auto","background-attachment":"scroll","background-type":"","background-media":"","overlay-type":"","overlay-color":"","overlay-opacity":"","overlay-gradient":""},"mobile":{"background-color":"var(--ast-global-color-4)","background-image":"","background-repeat":"repeat","background-position":"center center","background-size":"auto","background-attachment":"scroll","background-type":"","background-media":"","overlay-type":"","overlay-color":"","overlay-opacity":"","overlay-gradient":""}}},"product_brand":[],"product_cat":[28],"product_tag":[],"class_list":{"0":"post-673","1":"product","2":"type-product","3":"status-publish","4":"has-post-thumbnail","6":"product_cat-hastelloy-alloy","7":"desktop-align-left","8":"tablet-align-left","9":"mobile-align-left","11":"first","12":"instock","13":"shipping-taxable","14":"product-type-simple"},"_links":{"self":[{"href":"https:\/\/www.dura-alloy.com\/de\/wp-json\/wp\/v2\/product\/673","targetHints":{"allow":["GET"]}}],"collection":[{"href":"https:\/\/www.dura-alloy.com\/de\/wp-json\/wp\/v2\/product"}],"about":[{"href":"https:\/\/www.dura-alloy.com\/de\/wp-json\/wp\/v2\/types\/product"}],"version-history":[{"count":0,"href":"https:\/\/www.dura-alloy.com\/de\/wp-json\/wp\/v2\/product\/673\/revisions"}],"wp:featuredmedia":[{"embeddable":true,"href":"https:\/\/www.dura-alloy.com\/de\/wp-json\/wp\/v2\/media\/674"}],"wp:attachment":[{"href":"https:\/\/www.dura-alloy.com\/de\/wp-json\/wp\/v2\/media?parent=673"}],"wp:term":[{"taxonomy":"product_brand","embeddable":true,"href":"https:\/\/www.dura-alloy.com\/de\/wp-json\/wp\/v2\/product_brand?post=673"},{"taxonomy":"product_cat","embeddable":true,"href":"https:\/\/www.dura-alloy.com\/de\/wp-json\/wp\/v2\/product_cat?post=673"},{"taxonomy":"product_tag","embeddable":true,"href":"https:\/\/www.dura-alloy.com\/de\/wp-json\/wp\/v2\/product_tag?post=673"}],"curies":[{"name":"wp","href":"https:\/\/api.w.org\/{rel}","templated":true}]}}