{"id":669,"date":"2025-06-17T05:17:42","date_gmt":"2025-06-17T05:17:42","guid":{"rendered":"https:\/\/dura-alloy.com\/?post_type=product&#038;p=669"},"modified":"2025-06-17T05:17:43","modified_gmt":"2025-06-17T05:17:43","slug":"gr9","status":"publish","type":"product","link":"https:\/\/www.dura-alloy.com\/de\/produkt\/gr9\/","title":{"rendered":"Gr9"},"content":{"rendered":"<p style=\"text-align: center;\"><strong><span>Lieferumfang f\u00fcr Aviation Group<\/span><\/strong><\/p>\n<p style=\"text-align: center;\"><strong><span>Schmiedest\u00fccke, Rundstangen, Stahlplatten, Ringe, nahtlose Rohre, Stahlplatten\/Stahlb\u00e4nder, Kapillaren, Drahtschwei\u00dfmaterial, bitte fragen Sie uns an!<\/span><\/strong><\/p>\n<p><span>Schmiedeteile aus Titan. Benutzerdefiniert<\/span><br \/>\n<span>Titanst\u00e4be gem\u00e4\u00df den Zeichnungen. \u03a6(8-400) \u00d7L\u22645000mm (gewalzte St\u00e4be, geschmiedete St\u00e4be)<\/span><br \/>\n<span>Titanblech\/-band (0,3-60,0) \u00d7 (400-1000) \u00d7 (1000-3500) mm (kaltgewalztes Blech, warmgewalztes Blech)<\/span><br \/>\n<span>Titan-Rohr \u03a6(3-210) \u00d7 (0,2-10,0) \u00d7L (gewalzte Rohre, extrudierte Rohre)<\/span><br \/>\n<span>Titanring Au\u00dfendurchmesser \u03c6(100-1200) \u00d7 Innendurchmesser \u03a6(100-1000) \u00d7 H\u00f6he (20-800) mm<\/span><br \/>\n<span>Titan-Rundkuchen \u03a6(150-1200) \u00d7 (20-800) mm<\/span><br \/>\n<span>Titandraht \u03a6(0,1-7,0) \u00d7L<\/span><\/p>\n<p><strong><span>1.\u00a0<\/span><\/strong><strong><span>Einf\u00fchrung in Gr9-Materialien<\/span><\/strong><\/p>\n<p><span>\u00a0 \u00a0 \u00a0 \u00a0Die Gr9-Titanlegierung ist eine niedrig legierte Titanlegierung mit nahezu Alpha-Gehalt. Sie hat eine nominelle Komponente von Ti-3Al-2,5V. Sie wurde als kaltverarbeitbare Rohranwendung entwickelt. Sie hat gute Kaltverformungs- und Schwei\u00dfeigenschaften. Die Festigkeit bei Raumtemperatur ist mit 20% bis 50% h\u00f6her als die von industriellem Reintitan und hat eine gute Korrosionsbest\u00e4ndigkeit in vielen Medien.\u00a0<\/span><strong><span>Gr9<\/span><\/strong><span>\u00a0Die Schwei\u00df- und Kaltumformungseigenschaften sind besser als bei TC4-Legierungen.<\/span><\/p>\n<p><span>\u00a0 \u00a0 \u00a0 \u00a0Nahtlose Rohre aus Titanlegierung Gr9 eignen sich f\u00fcr Hydraulik- und Kraftstoffleitungssysteme in Flugzeugen und Motoren und werden in verschiedenen milit\u00e4rischen und zivilen Luft- und Raumfahrtanwendungen eingesetzt. Daher ist die Titanlegierung TA18 mit ihrer ausgezeichneten umfassenden Leistung das am besten geeignete Material f\u00fcr die Herstellung von leichten Hochdruckleitungen in Flugzeugen geworden und hat sich zum am besten geeigneten Material f\u00fcr die Herstellung von leichten Hochdruckleitungen in Flugzeugen entwickelt.<\/span><\/p>\n<p><strong><span>2.\u00a0<\/span><\/strong><strong><span>Technische Normen f\u00fcr Gr9-Materialien<\/span><\/strong><\/p>\n<p><span>GB\/T3620.1-2016 Titan und Titanlegierungen und deren chemische Zusammensetzungen<\/span><\/p>\n<p><span>GB\/T 3621-2007 ASTM\/B265 Bleche aus Titan und Titanlegierungen<\/span><\/p>\n<p><span>GB\/T2965 -2007 ASTM\/B348 Stabmaterial aus Titan und Titanlegierungen<\/span><\/p>\n<p><span>GB\/T 3624-2010 ASTM337 Nahtloses Rohr aus Titan und Titanlegierungen<\/span><\/p>\n<p><span>GB\/T16598-2013 Rohre aus Titan und Titanlegierungen f\u00fcr ASTM381-W\u00e4rmetauscher und -Kondensatoren<\/span><\/p>\n<p><span>GB\/T13810-1997 Werkstoffe zur Verarbeitung von Titan und Titanlegierungen f\u00fcr chirurgische Implantate AMST\/F136<\/span><\/p>\n<p><span>GB\/T3623-2007 AMST\/B863 Draht aus Titan und Titanlegierungen<\/span><\/p>\n<p><span>AMST\/B265 ASTM\/B265 Titan und Titanlegierungen Band-Folie<\/span><\/p>\n<p><strong><span>III.\u00a0<\/span><\/strong><strong><span>Chemische Zusammensetzung von Gr9<\/span><\/strong><\/p>\n<table border=\"-\" width=\"1120\">\n<tbody>\n<tr>\n<td rowspan=\"2\" width=\"78\"><span>Markennummer<\/span><\/td>\n<td colspan=\"2\" width=\"117\">&nbsp;<\/td>\n<td colspan=\"10\" width=\"441\"><span>Chemische Zusammensetzung (Gewichtsprozent)<\/span><\/td>\n<\/tr>\n<tr>\n<td colspan=\"2\" width=\"117\">&nbsp;<\/td>\n<td colspan=\"10\" width=\"441\">Chemicai Zusammensetzung(WT%)<\/td>\n<\/tr>\n<tr>\n<td rowspan=\"3\" width=\"78\">Gr9<\/td>\n<td rowspan=\"2\" width=\"78\"><span>Chemische Inhaltsstoffe<\/span><\/td>\n<td colspan=\"2\" width=\"48\"><span>Titan<\/span><\/td>\n<td width=\"49\"><span>Eisen<\/span><\/td>\n<td width=\"49\"><span>Kohlenstoff<\/span><\/td>\n<td width=\"49\"><span>Stickstoff<\/span><\/td>\n<td width=\"49\"><span>Wasserstoff<\/span><\/td>\n<td width=\"49\"><span>Sauerstoff<\/span><\/td>\n<td width=\"49\"><span>Aluminium<\/span><\/td>\n<td width=\"49\"><span>Vanadium<\/span><\/td>\n<td colspan=\"2\" width=\"89\"><span>Andere Verunreinigungen<\/span><\/td>\n<\/tr>\n<tr>\n<td colspan=\"2\" width=\"48\"><span>(Of)<\/span><\/td>\n<td width=\"49\">(Fe)<\/td>\n<td width=\"49\">(C)<\/td>\n<td width=\"49\">(N)<\/td>\n<td width=\"49\">(H)<\/td>\n<td width=\"49\">(O)<\/td>\n<td width=\"49\">(Al)<\/td>\n<td width=\"49\">(V)<\/td>\n<td width=\"45\"><span>einzeln<\/span><\/td>\n<td width=\"45\"><span>Summe<\/span><\/td>\n<\/tr>\n<tr>\n<td width=\"78\"><span>Industrielles Reintitan<\/span><\/td>\n<td colspan=\"2\" width=\"48\"><span>Marge<\/span><\/td>\n<td width=\"49\">\u22640.25<\/td>\n<td width=\"49\">\u22640.08<\/td>\n<td width=\"49\">\u22640.05<\/td>\n<td width=\"49\">\u22640.015<\/td>\n<td width=\"49\">\u22640.12<\/td>\n<td width=\"49\">2.0\uff5e3.5<\/td>\n<td width=\"49\">1.5\uff5e3.0<\/td>\n<td width=\"45\">\u22640.1<\/td>\n<td width=\"45\">\u22640.4<\/td>\n<\/tr>\n<\/tbody>\n<\/table>\n<p><strong><span>IV. Gr9\u00a0<\/span><\/strong><strong><span>physikalische Eigenschaften<\/span><\/strong><\/p>\n<p><span>Dichte: 4,47g\/cm\u00b3<\/span><\/p>\n<p><span>Elastizit\u00e4tsmodul bei Raumtemperatur 118~123GPa,<\/span><\/p>\n<p><span>Phasenwechselpunkt: 925\u2103,<\/span><\/p>\n<p><span>H\u00e4rte 15~17HRC.<\/span><\/p>\n<p><span>Leistung der Titanlegierung Gr9 gem\u00e4\u00df den technischen Normen<\/span><\/p>\n<table border=\"-\" width=\"1120\">\n<tbody>\n<tr>\n<td rowspan=\"4\" scope=\"row\"><span>Technische Normen<\/span><\/td>\n<td rowspan=\"4\" scope=\"row\"><span>Vielfalt<\/span><\/td>\n<td rowspan=\"4\" scope=\"row\"><span>Staat<\/span><\/td>\n<td rowspan=\"4\" scope=\"row\"><span>Spezifikationen\/mm<\/span><\/td>\n<td rowspan=\"4\" scope=\"row\"><span>Richtung der Probenahme<\/span><\/td>\n<td colspan=\"7\" scope=\"row\"><span>Leistung bei Raumtemperatur<\/span><\/td>\n<td colspan=\"4\" scope=\"row\"><span>Leistung bei hohen Temperaturen<\/span><\/td>\n<\/tr>\n<tr>\n<td rowspan=\"2\" scope=\"row\">Rm\/<\/p>\n<p>MPa<\/td>\n<td colspan=\"2\" rowspan=\"2\" scope=\"row\">Rp0.2\/<\/p>\n<p><span>MPa<\/span><\/td>\n<td colspan=\"2\" rowspan=\"2\" scope=\"row\">A\/%<\/td>\n<td colspan=\"2\" rowspan=\"2\" scope=\"row\"><span>\u03b1 \/ (\u00ba)<\/span><\/td>\n<td colspan=\"2\" scope=\"row\">350\u2103<\/td>\n<td colspan=\"2\" scope=\"row\">400\u2103<\/td>\n<\/tr>\n<tr>\n<td scope=\"row\"><span>Rm\/<\/span><\/p>\n<p><span>MPa<\/span><\/td>\n<td scope=\"row\"><span>S100h\/<\/span><\/p>\n<p><span>MPa<\/span><\/td>\n<td scope=\"row\"><span>Rm\/<\/span><\/p>\n<p><span>MPa<\/span><\/td>\n<td scope=\"row\"><span>S100h\/<\/span><\/p>\n<p><span>MPa<\/span><\/td>\n<\/tr>\n<tr>\n<td colspan=\"11\" scope=\"row\"><span>Nicht weniger als<\/span><\/td>\n<\/tr>\n<tr>\n<td scope=\"row\">GB\/T3621-2007<\/td>\n<td scope=\"row\"><span>Platte<\/span><\/td>\n<td scope=\"row\">M<\/td>\n<td scope=\"row\">0.5~1.0<\/p>\n<p>\uff1e1.0~2.0<\/p>\n<p>\uff1e2.0~4.0<\/p>\n<p>\uff1e4.0~5.0<\/p>\n<p>\uff1e5.0~10.0<\/td>\n<td scope=\"row\">LT<\/td>\n<td scope=\"row\">590~735<\/td>\n<td scope=\"row\">&#8211;<\/td>\n<td colspan=\"2\" scope=\"row\">25<\/p>\n<p><span>25<\/span><\/p>\n<p>20<\/p>\n<p>15<\/p>\n<p><span>15<\/span><\/td>\n<td colspan=\"2\" scope=\"row\">100<\/p>\n<p>70<\/p>\n<p>60<\/p>\n<p><span>60<\/span><\/td>\n<td colspan=\"2\" scope=\"row\">340<\/td>\n<td scope=\"row\">320<\/td>\n<td scope=\"row\">310<\/td>\n<td scope=\"row\">280<\/td>\n<\/tr>\n<tr>\n<td scope=\"row\"><span>GJB 3423a-2008<\/span><\/td>\n<td scope=\"row\"><span>Rohrleitung<\/span><\/td>\n<td scope=\"row\"><span>M<\/span><\/td>\n<td scope=\"row\"><span>\u00c4u\u00dferer Durchmesser: &gt;8~52<\/span><\/td>\n<td scope=\"row\"><span>LT<\/span><\/td>\n<td scope=\"row\">620<\/td>\n<td scope=\"row\">515<\/td>\n<td colspan=\"2\" scope=\"row\"><span>15<\/span><\/td>\n<td colspan=\"2\" scope=\"row\"><span>&#8211;<\/span><\/td>\n<td colspan=\"2\" scope=\"row\"><span>&#8211;<\/span><\/td>\n<td scope=\"row\"><span>&#8211;<\/span><\/td>\n<td scope=\"row\"><span>&#8211;<\/span><\/td>\n<td scope=\"row\"><span>&#8211;<\/span><\/td>\n<\/tr>\n<tr>\n<td scope=\"row\">GB\/T26058-2010<\/td>\n<td scope=\"row\"><span>Rohrleitung<\/span><\/td>\n<td scope=\"row\">R<\/td>\n<td scope=\"row\">25~210<\/td>\n<td scope=\"row\"><span>LT<\/span><\/td>\n<td scope=\"row\"><span>Aktueller Test<\/span><\/td>\n<td scope=\"row\"><span>Aktueller Test<\/span><\/td>\n<td colspan=\"2\" scope=\"row\"><span>Aktueller Test<\/span><\/td>\n<td colspan=\"2\" scope=\"row\"><span>&#8211;<\/span><\/td>\n<td colspan=\"2\" scope=\"row\"><span>&#8211;<\/span><\/td>\n<td scope=\"row\"><span>&#8211;<\/span><\/td>\n<td scope=\"row\"><span>&#8211;<\/span><\/td>\n<td scope=\"row\"><span>&#8211;<\/span><\/td>\n<\/tr>\n<\/tbody>\n<\/table>\n<p><strong>\u00a0<\/strong><strong><span>V. Gr9\u00a0<\/span><\/strong><strong><span>Anwendungsbereiche<\/span><\/strong><\/p>\n<ol>\n<li><span>Nahtlose Rohre aus der Titanlegierung Gr9 eignen sich f\u00fcr Hydraulik- und Kraftstoffleitungssysteme in Flugzeugen und Triebwerken und wurden in verschiedenen milit\u00e4rischen und zivilen Luft- und Raumfahrtanwendungen eingesetzt.<\/span><\/li>\n<li><span>Die Titanlegierung Gr9 ist dank ihrer ausgezeichneten Gesamtleistung zum idealen Werkstoff f\u00fcr die Herstellung von leichten Hochdruckleitungen in Flugzeugen geworden. Es ist das ideale Material f\u00fcr die Herstellung von leichten Hochdruckleitungen in Flugzeugen.<\/span><\/li>\n<\/ol>","protected":false},"excerpt":{"rendered":"<p>Scope of supply for Aviation Group Forgings, round rods, steel plates, rings, seamless pipes, steel plates\/steel belts, capillaries, wire welding [&hellip;]<\/p>","protected":false},"featured_media":670,"template":"","meta":{"site-sidebar-layout":"default","site-content-layout":"","ast-site-content-layout":"default","site-content-style":"default","site-sidebar-style":"default","ast-global-header-display":"","ast-banner-title-visibility":"","ast-main-header-display":"","ast-hfb-above-header-display":"","ast-hfb-below-header-display":"","ast-hfb-mobile-header-display":"","site-post-title":"","ast-breadcrumbs-content":"","ast-featured-img":"","footer-sml-layout":"","theme-transparent-header-meta":"default","adv-header-id-meta":"","stick-header-meta":"","header-above-stick-meta":"","header-main-stick-meta":"","header-below-stick-meta":"","astra-migrate-meta-layouts":"set","ast-page-background-enabled":"default","ast-page-background-meta":{"desktop":{"background-color":"var(--ast-global-color-5)","background-image":"","background-repeat":"repeat","background-position":"center center","background-size":"auto","background-attachment":"scroll","background-type":"","background-media":"","overlay-type":"","overlay-color":"","overlay-opacity":"","overlay-gradient":""},"tablet":{"background-color":"","background-image":"","background-repeat":"repeat","background-position":"center center","background-size":"auto","background-attachment":"scroll","background-type":"","background-media":"","overlay-type":"","overlay-color":"","overlay-opacity":"","overlay-gradient":""},"mobile":{"background-color":"","background-image":"","background-repeat":"repeat","background-position":"center center","background-size":"auto","background-attachment":"scroll","background-type":"","background-media":"","overlay-type":"","overlay-color":"","overlay-opacity":"","overlay-gradient":""}},"ast-content-background-meta":{"desktop":{"background-color":"var(--ast-global-color-4)","background-image":"","background-repeat":"repeat","background-position":"center center","background-size":"auto","background-attachment":"scroll","background-type":"","background-media":"","overlay-type":"","overlay-color":"","overlay-opacity":"","overlay-gradient":""},"tablet":{"background-color":"var(--ast-global-color-4)","background-image":"","background-repeat":"repeat","background-position":"center center","background-size":"auto","background-attachment":"scroll","background-type":"","background-media":"","overlay-type":"","overlay-color":"","overlay-opacity":"","overlay-gradient":""},"mobile":{"background-color":"var(--ast-global-color-4)","background-image":"","background-repeat":"repeat","background-position":"center center","background-size":"auto","background-attachment":"scroll","background-type":"","background-media":"","overlay-type":"","overlay-color":"","overlay-opacity":"","overlay-gradient":""}}},"product_brand":[],"product_cat":[36],"product_tag":[],"class_list":{"0":"post-669","1":"product","2":"type-product","3":"status-publish","4":"has-post-thumbnail","6":"product_cat-titanium-alloy","7":"desktop-align-left","8":"tablet-align-left","9":"mobile-align-left","11":"first","12":"instock","13":"shipping-taxable","14":"product-type-simple"},"_links":{"self":[{"href":"https:\/\/www.dura-alloy.com\/de\/wp-json\/wp\/v2\/product\/669","targetHints":{"allow":["GET"]}}],"collection":[{"href":"https:\/\/www.dura-alloy.com\/de\/wp-json\/wp\/v2\/product"}],"about":[{"href":"https:\/\/www.dura-alloy.com\/de\/wp-json\/wp\/v2\/types\/product"}],"version-history":[{"count":0,"href":"https:\/\/www.dura-alloy.com\/de\/wp-json\/wp\/v2\/product\/669\/revisions"}],"wp:featuredmedia":[{"embeddable":true,"href":"https:\/\/www.dura-alloy.com\/de\/wp-json\/wp\/v2\/media\/670"}],"wp:attachment":[{"href":"https:\/\/www.dura-alloy.com\/de\/wp-json\/wp\/v2\/media?parent=669"}],"wp:term":[{"taxonomy":"product_brand","embeddable":true,"href":"https:\/\/www.dura-alloy.com\/de\/wp-json\/wp\/v2\/product_brand?post=669"},{"taxonomy":"product_cat","embeddable":true,"href":"https:\/\/www.dura-alloy.com\/de\/wp-json\/wp\/v2\/product_cat?post=669"},{"taxonomy":"product_tag","embeddable":true,"href":"https:\/\/www.dura-alloy.com\/de\/wp-json\/wp\/v2\/product_tag?post=669"}],"curies":[{"name":"wp","href":"https:\/\/api.w.org\/{rel}","templated":true}]}}