{"id":665,"date":"2025-06-17T05:12:12","date_gmt":"2025-06-17T05:12:12","guid":{"rendered":"https:\/\/dura-alloy.com\/?post_type=product&#038;p=665"},"modified":"2025-06-17T05:12:12","modified_gmt":"2025-06-17T05:12:12","slug":"ti-6al-4v","status":"publish","type":"product","link":"https:\/\/www.dura-alloy.com\/de\/produkt\/ti-6al-4v\/","title":{"rendered":"Ti-6Al-4V"},"content":{"rendered":"<p style=\"font-weight: 400; text-align: center;\"><b><strong>Lieferumfang f\u00fcr Aviation Group<\/strong><\/b><\/p>\n<p style=\"font-weight: 400; text-align: center;\"><b><strong>Schmiedest\u00fccke, Rundstangen, Stahlplatten, Ringe, nahtlose Rohre, Stahlplatten\/Stahlb\u00e4nder, Kapillaren, Drahtschwei\u00dfmaterial, bitte fragen Sie uns an!<\/strong><\/b><\/p>\n<p style=\"font-weight: 400;\">Schmiedeteile aus Titan. Benutzerdefiniert<br \/>\nTitanst\u00e4be gem\u00e4\u00df den Zeichnungen. \u03a6(8-400) \u00d7L\u22645000mm (gewalzte St\u00e4be, geschmiedete St\u00e4be)<br \/>\nTitanblech\/-band (0,3-60,0) \u00d7 (400-1000) \u00d7 (1000-3500) mm (kaltgewalztes Blech, warmgewalztes Blech)<br \/>\nTitan-Rohr \u03a6(3-210) \u00d7 (0,2-10,0) \u00d7L (gewalzte Rohre, extrudierte Rohre)<br \/>\nTitanring Au\u00dfendurchmesser \u03c6(100-1200) \u00d7 Innendurchmesser \u03a6(100-1000) \u00d7 H\u00f6he (20-800) mm<br \/>\nTitan-Rundkuchen \u03a6(150-1200) \u00d7 (20-800) mm<br \/>\nTitandraht \u03a6(0,1-7,0) \u00d7L<\/p>\n<p style=\"font-weight: 400;\">\n<ol>\n<li style=\"font-weight: 400;\"><b><\/b><b><strong>Introduction to Ti-6Al-4V materials<\/strong><\/b><\/li>\n<\/ol>\n<p style=\"font-weight: 400;\">\u00a0 \u00a0 \u00a0 The composition of TC4 material of titanium alloy is Ti-6Al-4V, which belongs to the (\u03b1+\u03b2) type titanium alloy. TC4 titanium alloy is an alloy composed of titanium-based aluminum and vanadium. It has the advantages of low density, high specific strength, good corrosion resistance and good process performance, and has good comprehensive mechanical properties. It is an ideal structural material for aerospace engineering. Higher strength. The strength of TC4 is sb=1.012GPa, the density g=4.51g\/cm3, the specific strength of sb\/g=23.5, while the specific strength of alloy steel is less than 18.<\/p>\n<ol start=\"2\">\n<li style=\"font-weight: 400;\"><b><strong>Ti-6Al-4V<\/strong><\/b><b><strong>chemische Zusammensetzung<\/strong><\/b><\/li>\n<\/ol>\n<table style=\"font-weight: 400;\" width=\"1120\">\n<tbody>\n<tr>\n<td rowspan=\"2\">Markennummer<\/td>\n<td colspan=\"2\">&nbsp;<\/td>\n<td colspan=\"10\">Chemische Zusammensetzung (Gewichtsprozent)<\/td>\n<\/tr>\n<tr>\n<td colspan=\"2\">&nbsp;<\/td>\n<td colspan=\"10\">Chemicai Zusammensetzung(WT%)<\/td>\n<\/tr>\n<tr>\n<td rowspan=\"3\">Ti-6al-4V<\/td>\n<td rowspan=\"2\">Chemische Inhaltsstoffe<\/td>\n<td colspan=\"2\">Titan<\/td>\n<td>Eisen<\/td>\n<td>Kohlenstoff<\/td>\n<td>Stickstoff<\/td>\n<td>Wasserstoff<\/td>\n<td>Sauerstoff<\/td>\n<td>Aluminium<\/td>\n<td>Vanadium<\/td>\n<td colspan=\"2\">Andere Verunreinigungen<\/td>\n<\/tr>\n<tr>\n<td colspan=\"2\">(Of)<\/td>\n<td>(Fe)<\/td>\n<td>(C)<\/td>\n<td>(N)<\/td>\n<td>(H)<\/td>\n<td>(O)<\/td>\n<td>(Al)<\/td>\n<td>(V)<\/td>\n<td>einzeln<\/td>\n<td>Summe<\/td>\n<\/tr>\n<tr>\n<td>Industrielles Reintitan<\/td>\n<td colspan=\"2\">Marge<\/td>\n<td>\u22640.30<\/td>\n<td>\u22640.10<\/td>\n<td>\u22640.05<\/td>\n<td>\u22640.015<\/td>\n<td>\u22640.25<\/td>\n<td>5.5\uff5e6.8<\/td>\n<td>3.5\uff5e4.5<\/td>\n<td>\u22640.10<\/td>\n<td>\u22640.40<\/td>\n<\/tr>\n<\/tbody>\n<\/table>\n<ol start=\"3\">\n<li style=\"font-weight: 400;\"><b><strong> Ti-6Al-4V<\/strong><\/b><b><strong>physikalische Eigenschaften<\/strong><\/b><\/li>\n<\/ol>\n<p style=\"font-weight: 400;\">\u00a0 \u00a0 \u00a0 Ti-6Al-4V titanium alloy density: 4.5 (g\/cm3) working temperature -100~550 (\u2103)<b><strong>\u00a0<\/strong><\/b><\/p>\n<table style=\"font-weight: 400;\" width=\"1120\">\n<tbody>\n<tr>\n<td rowspan=\"2\" width=\"71\">Markennummer<\/td>\n<td colspan=\"5\" width=\"362\">Room temperature mechanical properties are not less than<\/td>\n<td colspan=\"3\" width=\"204\">High temperature mechanical properties are no less than<\/td>\n<\/tr>\n<tr>\n<td width=\"71\">Tensile strength \u03c3b MPa<\/td>\n<td width=\"85\">Yield strength \u03c30.2MPa<\/td>\n<td width=\"66\">Elongation \u03b45%<\/td>\n<td width=\"71\">Shrinkage \u03c8 %<\/td>\n<td width=\"69\">Impact value \u03b1k J\/cm\u00a0<sup>2<\/sup><\/td>\n<td width=\"69\">Test temperature \u2103<\/td>\n<td width=\"67\">Tensile strength \u03c3b MPa<\/td>\n<td width=\"68\">Long-lasting strength \u03c3100 MPa<\/td>\n<\/tr>\n<tr>\n<td width=\"71\">TC1<\/td>\n<td width=\"71\">588<\/td>\n<td width=\"85\">&#8212;<\/td>\n<td width=\"66\">15<\/td>\n<td width=\"71\">30<\/td>\n<td width=\"69\">44.1<\/td>\n<td width=\"69\">350<\/td>\n<td width=\"67\">343<\/td>\n<td width=\"68\">324<\/td>\n<\/tr>\n<tr>\n<td width=\"71\">TC2<\/td>\n<td width=\"71\">686<\/td>\n<td width=\"85\">&#8212;<\/td>\n<td width=\"66\">12<\/td>\n<td width=\"71\">30<\/td>\n<td width=\"69\">39.2<\/td>\n<td width=\"69\">350<\/td>\n<td width=\"67\">422<\/td>\n<td width=\"68\">392<\/td>\n<\/tr>\n<tr>\n<td width=\"71\">Ti-6al-4V<\/td>\n<td width=\"71\">902<\/td>\n<td width=\"85\">824<\/td>\n<td width=\"66\">10<\/td>\n<td width=\"71\">30<\/td>\n<td width=\"69\">39.2<\/td>\n<td width=\"69\">400<\/td>\n<td width=\"67\">618<\/td>\n<td width=\"68\">569<\/td>\n<\/tr>\n<tr>\n<td width=\"71\">TC6<\/td>\n<td width=\"71\">981<\/td>\n<td width=\"85\">&#8212;<\/td>\n<td width=\"66\">10<\/td>\n<td width=\"71\">23<\/td>\n<td width=\"69\">29.4<\/td>\n<td width=\"69\">400<\/td>\n<td width=\"67\">736<\/td>\n<td width=\"68\">667<\/td>\n<\/tr>\n<tr>\n<td width=\"71\">TC9<\/td>\n<td width=\"71\">1059<\/td>\n<td width=\"85\">&#8212;<\/td>\n<td width=\"66\">9<\/td>\n<td width=\"71\">25<\/td>\n<td width=\"69\">29.4<\/td>\n<td width=\"69\">500<\/td>\n<td width=\"67\">785<\/td>\n<td width=\"68\">588<\/td>\n<\/tr>\n<tr>\n<td width=\"71\">TC10<\/td>\n<td width=\"71\">1030<\/td>\n<td width=\"85\">&#8212;<\/td>\n<td width=\"66\">12<\/td>\n<td width=\"71\">25~30<\/td>\n<td width=\"69\">34.3<\/td>\n<td width=\"69\">400<\/td>\n<td width=\"67\">834<\/td>\n<td width=\"68\">785<\/td>\n<\/tr>\n<tr>\n<td width=\"71\">TC11<\/td>\n<td width=\"71\">1030<\/td>\n<td width=\"85\">&#8212;<\/td>\n<td width=\"66\">10<\/td>\n<td width=\"71\">30<\/td>\n<td width=\"69\">29.4<\/td>\n<td width=\"69\">500<\/td>\n<td width=\"67\">686<\/td>\n<td width=\"68\">588<\/td>\n<\/tr>\n<\/tbody>\n<\/table>\n<ol start=\"4\">\n<li style=\"font-weight: 400;\"><b><\/b>Technical standards of Ti-6Al-4V materials<\/li>\n<\/ol>\n<p style=\"font-weight: 400;\">GB\/T3620.1-2016 Titan und Titanlegierungen und deren chemische Zusammensetzungen<\/p>\n<p style=\"font-weight: 400;\">GB\/T 3621-2007 ASTM\/B265 Bleche aus Titan und Titanlegierungen<\/p>\n<p style=\"font-weight: 400;\">GB\/T2965 -2007 ASTM\/B348 Stabmaterial aus Titan und Titanlegierungen<\/p>\n<p style=\"font-weight: 400;\">GB\/T 3624-2010 ASTM337 Nahtloses Rohr aus Titan und Titanlegierungen<\/p>\n<p style=\"font-weight: 400;\">GB\/T16598-2013 Rohre aus Titan und Titanlegierungen f\u00fcr ASTM381-W\u00e4rmetauscher und -Kondensatoren<\/p>\n<p style=\"font-weight: 400;\">GB\/T13810-1997 Werkstoffe zur Verarbeitung von Titan und Titanlegierungen f\u00fcr chirurgische Implantate AMST\/F136<\/p>\n<p style=\"font-weight: 400;\">GB\/T3623-2007 AMST\/B863 Draht aus Titan und Titanlegierungen<\/p>\n<p style=\"font-weight: 400;\">AMST\/B265 ASTM\/B265 Titan und Titanlegierungen Band-Folie<\/p>\n<p style=\"font-weight: 400;\"><b><strong>Ti-6Al-4V\u00a0<\/strong><\/b><b><strong>heat treatment performance<\/strong><\/b><\/p>\n<p style=\"font-weight: 400;\">\u00a0 \u00a0 \u00a0 The Ti-6Al-4V titanium alloy is heated to 1020 degrees, and the alloy&#8217;s high-temperature microstructure is composed of single-phase \u03b2, which is a solid solution. When the microstructures obtained are different at different cooling rates, such as water quenching, air cooling and furnace cooling, the microstructure obtained is different. The water quenching (WQ) structure is martensite \u03b1&#8217;+\u03b2 phase, the air cooling (AC) structure is needle-shaped \u03b1+\u03b2 phase and original \u03b2 grain boundary phase, and the furnace cooling (FC) structure is strip-shaped \u03b1+\u03b2 phase and original \u03b2 phase grain boundary.<\/p>\n<p style=\"font-weight: 400;\">\u00a0 \u00a0 \u00a0 As in the above case, when heated to 950 degrees and 850 degrees, the microstructure obtained after cooling is also different after different cooling speeds. At 950 degrees, the quenched (WQ) tissue in water is the primary equiaxed \u03b1 phase and \u03b1&#8217;+\u03b2 phase, the air-cooled (AC) tissue is the primary equiaxed \u03b1 phase and the needle-shaped \u03b2 phase, and the furnace-cooled (FC) tissue is the primary equiaxed \u03b1 phase and the grain boundary. At 850 degrees, the quenched (WQ) tissue in water is the primary equiaxed \u03b1 phase and the metastable \u03b2 phase, and the air-cooled (AC) tissue is the primary equiaxed \u03b1 phase and the transformed \u03b2 phase.<\/p>\n<p style=\"font-weight: 400;\">\u00a0 \u00a0 \u00a0 After heating Ti-6Al-4V titanium alloy to 1020 degrees, 950 degrees and 850 degrees, it cools at different cooling speeds. The room temperature mechanical properties are shown in Table 1<\/p>\n<table style=\"font-weight: 400;\" width=\"920\">\n<tbody>\n<tr>\n<td><b><strong>Heating temperature and\u00a0<\/strong><\/b><b><strong>cooling method<\/strong><\/b><\/td>\n<td><b><strong>Tensile strength\/Mpa<\/strong><\/b><\/td>\n<td><b><strong>Dehnung\/%<\/strong><\/b><\/td>\n<td><b><strong>Surface shrinkage rate\/%<\/strong><\/b><\/td>\n<\/tr>\n<tr>\n<td>1020 degrees Swimming (WQ)<\/td>\n<td>1098<\/td>\n<td>6.0<\/td>\n<td>8.0<\/td>\n<\/tr>\n<tr>\n<td>1020 degree air cooling (AC)<\/td>\n<td>1005<\/td>\n<td>9.0<\/td>\n<td>13.5<\/td>\n<\/tr>\n<tr>\n<td>1020 degrees furnace cooling (FC)<\/td>\n<td>960<\/td>\n<td>12.0<\/td>\n<td>22.5<\/td>\n<\/tr>\n<tr>\n<td>950 degrees Swimming (WQ)<\/td>\n<td>1035<\/td>\n<td>17.0<\/td>\n<td>61.5<\/td>\n<\/tr>\n<tr>\n<td>950 degree air cooling (AC)<\/td>\n<td>919<\/td>\n<td>20.0<\/td>\n<td>50.0<\/td>\n<\/tr>\n<tr>\n<td>950 degree furnace cooling (FC)<\/td>\n<td>902<\/td>\n<td>21.0<\/td>\n<td>48.0<\/td>\n<\/tr>\n<tr>\n<td>850 degrees Swimming (WQ)<\/td>\n<td>976<\/td>\n<td>18.0<\/td>\n<td>49.0<\/td>\n<\/tr>\n<tr>\n<td>850 degree air cooling (AC)<\/td>\n<td>951<\/td>\n<td>18.0<\/td>\n<td>49.0<\/td>\n<\/tr>\n<\/tbody>\n<\/table>\n<p style=\"font-weight: 400;\"><b><strong>\u00a0<\/strong><\/b><\/p>\n<ol start=\"5\">\n<li style=\"font-weight: 400;\"><b><strong> Ti-6Al-4V<\/strong><\/b><b><strong>application field<\/strong><\/b><\/li>\n<\/ol>\n<ol style=\"font-weight: 400;\">\n<li>It is mainly used in aircraft compressor discs and blades, ship pressure-resistant shells, large-size forgings, die forgings, etc.;<\/li>\n<li>Used to manufacture rockets, missiles and aircraft structural parts, aircraft skeletons, skins, engine components, beams, etc.;<\/li>\n<li>Pipeline systems, valves, and pumps that are corroded by marine seawater;<\/li>\n<li>Power station condensers, accelerators for petroleum refining and seawater desalination, and environmental pollution control devices, etc.;<\/li>\n<li>Chemical heat exchanger, pump body, distillation tower;<\/li>\n<li>Widely used in medical devices<\/li>\n<\/ol>","protected":false},"excerpt":{"rendered":"<p>Scope of supply for Aviation Group Forgings, round rods, steel plates, rings, seamless pipes, steel plates\/steel belts, capillaries, wire welding [&hellip;]<\/p>","protected":false},"featured_media":666,"template":"","meta":{"site-sidebar-layout":"default","site-content-layout":"","ast-site-content-layout":"default","site-content-style":"default","site-sidebar-style":"default","ast-global-header-display":"","ast-banner-title-visibility":"","ast-main-header-display":"","ast-hfb-above-header-display":"","ast-hfb-below-header-display":"","ast-hfb-mobile-header-display":"","site-post-title":"","ast-breadcrumbs-content":"","ast-featured-img":"","footer-sml-layout":"","theme-transparent-header-meta":"default","adv-header-id-meta":"","stick-header-meta":"","header-above-stick-meta":"","header-main-stick-meta":"","header-below-stick-meta":"","astra-migrate-meta-layouts":"set","ast-page-background-enabled":"default","ast-page-background-meta":{"desktop":{"background-color":"var(--ast-global-color-5)","background-image":"","background-repeat":"repeat","background-position":"center center","background-size":"auto","background-attachment":"scroll","background-type":"","background-media":"","overlay-type":"","overlay-color":"","overlay-opacity":"","overlay-gradient":""},"tablet":{"background-color":"","background-image":"","background-repeat":"repeat","background-position":"center center","background-size":"auto","background-attachment":"scroll","background-type":"","background-media":"","overlay-type":"","overlay-color":"","overlay-opacity":"","overlay-gradient":""},"mobile":{"background-color":"","background-image":"","background-repeat":"repeat","background-position":"center center","background-size":"auto","background-attachment":"scroll","background-type":"","background-media":"","overlay-type":"","overlay-color":"","overlay-opacity":"","overlay-gradient":""}},"ast-content-background-meta":{"desktop":{"background-color":"var(--ast-global-color-4)","background-image":"","background-repeat":"repeat","background-position":"center center","background-size":"auto","background-attachment":"scroll","background-type":"","background-media":"","overlay-type":"","overlay-color":"","overlay-opacity":"","overlay-gradient":""},"tablet":{"background-color":"var(--ast-global-color-4)","background-image":"","background-repeat":"repeat","background-position":"center center","background-size":"auto","background-attachment":"scroll","background-type":"","background-media":"","overlay-type":"","overlay-color":"","overlay-opacity":"","overlay-gradient":""},"mobile":{"background-color":"var(--ast-global-color-4)","background-image":"","background-repeat":"repeat","background-position":"center center","background-size":"auto","background-attachment":"scroll","background-type":"","background-media":"","overlay-type":"","overlay-color":"","overlay-opacity":"","overlay-gradient":""}}},"product_brand":[],"product_cat":[36],"product_tag":[],"class_list":{"0":"post-665","1":"product","2":"type-product","3":"status-publish","4":"has-post-thumbnail","6":"product_cat-titanium-alloy","7":"desktop-align-left","8":"tablet-align-left","9":"mobile-align-left","11":"first","12":"instock","13":"shipping-taxable","14":"product-type-simple"},"_links":{"self":[{"href":"https:\/\/www.dura-alloy.com\/de\/wp-json\/wp\/v2\/product\/665","targetHints":{"allow":["GET"]}}],"collection":[{"href":"https:\/\/www.dura-alloy.com\/de\/wp-json\/wp\/v2\/product"}],"about":[{"href":"https:\/\/www.dura-alloy.com\/de\/wp-json\/wp\/v2\/types\/product"}],"version-history":[{"count":0,"href":"https:\/\/www.dura-alloy.com\/de\/wp-json\/wp\/v2\/product\/665\/revisions"}],"wp:featuredmedia":[{"embeddable":true,"href":"https:\/\/www.dura-alloy.com\/de\/wp-json\/wp\/v2\/media\/666"}],"wp:attachment":[{"href":"https:\/\/www.dura-alloy.com\/de\/wp-json\/wp\/v2\/media?parent=665"}],"wp:term":[{"taxonomy":"product_brand","embeddable":true,"href":"https:\/\/www.dura-alloy.com\/de\/wp-json\/wp\/v2\/product_brand?post=665"},{"taxonomy":"product_cat","embeddable":true,"href":"https:\/\/www.dura-alloy.com\/de\/wp-json\/wp\/v2\/product_cat?post=665"},{"taxonomy":"product_tag","embeddable":true,"href":"https:\/\/www.dura-alloy.com\/de\/wp-json\/wp\/v2\/product_tag?post=665"}],"curies":[{"name":"wp","href":"https:\/\/api.w.org\/{rel}","templated":true}]}}