{"id":636,"date":"2025-06-17T03:18:22","date_gmt":"2025-06-17T03:18:22","guid":{"rendered":"https:\/\/dura-alloy.com\/?post_type=product&#038;p=636"},"modified":"2025-06-17T03:27:25","modified_gmt":"2025-06-17T03:27:25","slug":"monel401","status":"publish","type":"product","link":"https:\/\/www.dura-alloy.com\/de\/produkt\/monel401\/","title":{"rendered":"Monel401"},"content":{"rendered":"<p style=\"text-align: center;\"><strong>Lieferumfang f\u00fcr Aviation Group<\/strong><\/p>\n<p style=\"text-align: center;\"><strong>Schmiedest\u00fccke, Rundstangen, Stahlplatten, Ringe, nahtlose Rohre, Stahlplatten\/Stahlb\u00e4nder, Kapillaren, Drahtschwei\u00dfmaterial, bitte fragen Sie uns an!<\/strong><\/p>\n<p><strong>1.\u00a0<\/strong><strong>Einf\u00fchrung in die Werkstoffe von Monel 401<\/strong><strong>\u00a0<\/strong><\/p>\n<p>Die Legierung Monel 401 (UNS N04401) ist eine Nickelbasislegierung mit guten L\u00f6teigenschaften und nahezu unmagnetischen Eigenschaften. Das Widerstandsschwei\u00dfen ist das beste Schwei\u00dfverfahren zum Schwei\u00dfen dieses Werkstoffs.<strong>\u00a0<\/strong><\/p>\n<p><strong>2.\u00a0<\/strong><strong>Die chemische Zusammensetzung von Monel 401<\/strong><strong>\u00a0<\/strong><\/p>\n<table border=\"-\" width=\"1100\">\n<tbody>\n<tr>\n<td width=\"89\">Legierung<\/td>\n<td width=\"72\">%<\/td>\n<td width=\"53\">Nickel<\/td>\n<td width=\"53\">Kupfer<\/td>\n<td width=\"53\">Eisen<\/td>\n<td width=\"53\">Kohlenstoff<\/td>\n<td width=\"53\">Mangan<\/td>\n<td width=\"53\">Silizium<\/td>\n<td width=\"53\">Kobalt<\/td>\n<td width=\"53\">Schwefel<\/td>\n<\/tr>\n<tr>\n<td rowspan=\"2\" width=\"89\">Monel400<\/td>\n<td width=\"72\">Minimaler Wert<\/td>\n<td width=\"53\">40<\/td>\n<td width=\"53\">Marge<\/td>\n<td width=\"53\">&#8211;<\/td>\n<td width=\"53\">&#8211;<\/td>\n<td width=\"53\">&#8211;<\/td>\n<td width=\"53\">&#8211;<\/td>\n<td width=\"53\">&#8211;<\/td>\n<td width=\"53\">&#8211;<\/td>\n<\/tr>\n<tr>\n<td width=\"72\">Maximaler Wert<\/td>\n<td width=\"53\">45<\/td>\n<td width=\"53\">Marge<\/td>\n<td width=\"53\">0.75<\/td>\n<td width=\"53\">0.1<\/td>\n<td width=\"53\">2.25<\/td>\n<td width=\"53\">0.25<\/td>\n<td width=\"53\">0.25<\/td>\n<td width=\"53\">0.015<\/td>\n<\/tr>\n<\/tbody>\n<\/table>\n<p><strong>3. Physikalische Eigenschaften<\/strong><strong>\u00a0<\/strong><\/p>\n<table border=\"-\" width=\"720\">\n<tbody>\n<tr>\n<td width=\"56\">Dichte<\/td>\n<td width=\"94\">Schmelzpunkt<\/td>\n<\/tr>\n<tr>\n<td width=\"56\">g \/ cm3<\/td>\n<td width=\"94\">\u2103<\/td>\n<\/tr>\n<tr>\n<td width=\"56\">8.91<\/td>\n<td width=\"94\">1288-1343<\/td>\n<\/tr>\n<\/tbody>\n<\/table>\n<p>&nbsp;<\/p>\n<table border=\"-\" width=\"920\">\n<tbody>\n<tr>\n<td rowspan=\"2\" width=\"264\">Dichte<\/td>\n<td width=\"388\">0,321 lb\/ in3<\/td>\n<\/tr>\n<tr>\n<td width=\"388\">8,91 G\/cm3<\/td>\n<\/tr>\n<tr>\n<td width=\"264\">Widerstandsf\u00e4higkeit<\/td>\n<td width=\"388\">4,98e-005 Ohm-cm<\/td>\n<\/tr>\n<tr>\n<td width=\"264\">Heizenergie<\/td>\n<td width=\"388\">0,414 J\/g-\u00b0C<\/td>\n<\/tr>\n<tr>\n<td width=\"264\">W\u00e4rmeleiter<\/td>\n<td width=\"388\">21 W\/m-\u00b0C<\/td>\n<\/tr>\n<tr>\n<td width=\"264\">magnetisch<\/td>\n<td width=\"388\">1,0017 (und 78 0f)<\/td>\n<\/tr>\n<tr>\n<td colspan=\"2\" width=\"652\">W\u00e4rmeausdehnungskoeffizient, in.\/in.\/ F x 106<\/td>\n<\/tr>\n<tr>\n<td width=\"264\">70-200F<\/td>\n<td width=\"388\">7.6<\/td>\n<\/tr>\n<tr>\n<td width=\"264\">70 - 500 F<\/td>\n<td width=\"388\">8.5<\/td>\n<\/tr>\n<tr>\n<td width=\"264\">70 - 1000 F<\/td>\n<td width=\"388\">9.2<\/td>\n<\/tr>\n<\/tbody>\n<\/table>\n<p><strong>\u00a0<\/strong><strong>\u00a0<\/strong><strong>IV. Anwendungsbereiche<\/strong><\/p>\n<ul>\n<li>Nahtlose Wasser- und Dampfrohre in Kraftwerken<\/li>\n<li>Seewasseraustauscher und Verdampfer<\/li>\n<li>Umgebung von Schwefels\u00e4ure und Salzs\u00e4ure<\/li>\n<li>Destillation von Roh\u00f6l<\/li>\n<li>Pumpenschacht und spiralf\u00f6rmiger Zellstoff f\u00fcr Tiefseewasserger\u00e4te<\/li>\n<li>Ausr\u00fcstung f\u00fcr die Nuklearindustrie zur Herstellung von Uranraffination und Isotopentrennung<\/li>\n<li>Pumpen und Ventile f\u00fcr die Herstellung von Salzs\u00e4ureanlagen<\/li>\n<\/ul>","protected":false},"excerpt":{"rendered":"<p>Scope of supply for Aviation Group Forgings, round rods, steel plates, rings, seamless pipes, steel plates\/steel belts, capillaries, wire welding [&hellip;]<\/p>","protected":false},"featured_media":637,"template":"","meta":{"site-sidebar-layout":"default","site-content-layout":"","ast-site-content-layout":"default","site-content-style":"default","site-sidebar-style":"default","ast-global-header-display":"","ast-banner-title-visibility":"","ast-main-header-display":"","ast-hfb-above-header-display":"","ast-hfb-below-header-display":"","ast-hfb-mobile-header-display":"","site-post-title":"","ast-breadcrumbs-content":"","ast-featured-img":"","footer-sml-layout":"","theme-transparent-header-meta":"default","adv-header-id-meta":"","stick-header-meta":"","header-above-stick-meta":"","header-main-stick-meta":"","header-below-stick-meta":"","astra-migrate-meta-layouts":"set","ast-page-background-enabled":"default","ast-page-background-meta":{"desktop":{"background-color":"var(--ast-global-color-5)","background-image":"","background-repeat":"repeat","background-position":"center center","background-size":"auto","background-attachment":"scroll","background-type":"","background-media":"","overlay-type":"","overlay-color":"","overlay-opacity":"","overlay-gradient":""},"tablet":{"background-color":"","background-image":"","background-repeat":"repeat","background-position":"center center","background-size":"auto","background-attachment":"scroll","background-type":"","background-media":"","overlay-type":"","overlay-color":"","overlay-opacity":"","overlay-gradient":""},"mobile":{"background-color":"","background-image":"","background-repeat":"repeat","background-position":"center center","background-size":"auto","background-attachment":"scroll","background-type":"","background-media":"","overlay-type":"","overlay-color":"","overlay-opacity":"","overlay-gradient":""}},"ast-content-background-meta":{"desktop":{"background-color":"var(--ast-global-color-4)","background-image":"","background-repeat":"repeat","background-position":"center center","background-size":"auto","background-attachment":"scroll","background-type":"","background-media":"","overlay-type":"","overlay-color":"","overlay-opacity":"","overlay-gradient":""},"tablet":{"background-color":"var(--ast-global-color-4)","background-image":"","background-repeat":"repeat","background-position":"center center","background-size":"auto","background-attachment":"scroll","background-type":"","background-media":"","overlay-type":"","overlay-color":"","overlay-opacity":"","overlay-gradient":""},"mobile":{"background-color":"var(--ast-global-color-4)","background-image":"","background-repeat":"repeat","background-position":"center center","background-size":"auto","background-attachment":"scroll","background-type":"","background-media":"","overlay-type":"","overlay-color":"","overlay-opacity":"","overlay-gradient":""}}},"product_brand":[],"product_cat":[35],"product_tag":[],"class_list":{"0":"post-636","1":"product","2":"type-product","3":"status-publish","4":"has-post-thumbnail","6":"product_cat-waspaloy","7":"desktop-align-left","8":"tablet-align-left","9":"mobile-align-left","11":"first","12":"instock","13":"shipping-taxable","14":"product-type-simple"},"_links":{"self":[{"href":"https:\/\/www.dura-alloy.com\/de\/wp-json\/wp\/v2\/product\/636","targetHints":{"allow":["GET"]}}],"collection":[{"href":"https:\/\/www.dura-alloy.com\/de\/wp-json\/wp\/v2\/product"}],"about":[{"href":"https:\/\/www.dura-alloy.com\/de\/wp-json\/wp\/v2\/types\/product"}],"version-history":[{"count":0,"href":"https:\/\/www.dura-alloy.com\/de\/wp-json\/wp\/v2\/product\/636\/revisions"}],"wp:featuredmedia":[{"embeddable":true,"href":"https:\/\/www.dura-alloy.com\/de\/wp-json\/wp\/v2\/media\/637"}],"wp:attachment":[{"href":"https:\/\/www.dura-alloy.com\/de\/wp-json\/wp\/v2\/media?parent=636"}],"wp:term":[{"taxonomy":"product_brand","embeddable":true,"href":"https:\/\/www.dura-alloy.com\/de\/wp-json\/wp\/v2\/product_brand?post=636"},{"taxonomy":"product_cat","embeddable":true,"href":"https:\/\/www.dura-alloy.com\/de\/wp-json\/wp\/v2\/product_cat?post=636"},{"taxonomy":"product_tag","embeddable":true,"href":"https:\/\/www.dura-alloy.com\/de\/wp-json\/wp\/v2\/product_tag?post=636"}],"curies":[{"name":"wp","href":"https:\/\/api.w.org\/{rel}","templated":true}]}}