{"id":623,"date":"2025-06-17T02:28:56","date_gmt":"2025-06-17T02:28:56","guid":{"rendered":"https:\/\/dura-alloy.com\/?post_type=product&#038;p=623"},"modified":"2025-06-17T02:28:56","modified_gmt":"2025-06-17T02:28:56","slug":"1j22-soft-magnetic-alloy","status":"publish","type":"product","link":"https:\/\/www.dura-alloy.com\/de\/produkt\/1j22-soft-magnetic-alloy\/","title":{"rendered":"1J22 Weichmagnetische Legierung"},"content":{"rendered":"<p><span>1. Einf\u00fchrung in die weichmagnetische Legierung 1J22<\/span><\/p>\n<p><span>1J22 entspricht den entsprechenden und \u00e4hnlichen G\u00fcten Co50V2, 50\u041a\u0424 (Russland), Permendur (UK), Supermendur (US), HiperCo50 (US).<\/span><br \/>\n<span>1J22 ist eine weichmagnetische Eisen-Kobalt-Vanadium-Legierung mit hoher S\u00e4ttigungsinduktionsst\u00e4rke. Unter den bestehenden weichmagnetischen Materialien hat 1J22 die h\u00f6chste S\u00e4ttigungsinduktionsst\u00e4rke, bis zu 2,4T, der Curie-Punkt kann 980\u2103 erreichen, und der S\u00e4ttigungsmagnetostriktionskoeffizient kann 60~100\u00d710-6 erreichen. Aufgrund der hohen magnetischen S\u00e4ttigungsinduktionskraft kann das Volumen bei der Herstellung eines Motors gleicher Leistung stark reduziert werden, und bei Verwendung eines Elektromagneten kann bei gleicher Querschnittsfl\u00e4che eine gro\u00dfe Saugkraft erzeugt werden. Aufgrund des hohen Curie-Punktes kann die Legierung bei h\u00f6heren Temperaturen eingesetzt werden, bei denen andere weichmagnetische Werkstoffe bereits vollst\u00e4ndig entmagnetisiert sind, und beh\u00e4lt dabei eine gute magnetische Stabilit\u00e4t. Aufgrund ihres gro\u00dfen magnetostriktiven Koeffizienten eignet sie sich sehr gut f\u00fcr magnetostriktive Wandler mit hoher Ausgangsenergie und hohem Wirkungsgrad. Die Legierung hat einen niedrigen spezifischen Widerstand (0,27\u03bc\u03a9-m) und sollte nicht bei hohen Frequenzen verwendet werden. Sie ist teuer, leicht zu oxidieren und l\u00e4sst sich schlecht verarbeiten. Die Zugabe einer angemessenen Menge Nickel oder anderer Elemente kann die Verarbeitbarkeit verbessern.<\/span><\/p>\n<p><span>1J22 Technische Normen f\u00fcr Werkstoffe<\/span><br \/>\n<span>GB\/T 15001-1994 \"Gr\u00f6\u00dfe, Aussehen, Oberfl\u00e4chenqualit\u00e4t, Versuchsmethoden und Pr\u00fcfvorschriften f\u00fcr weichmagnetische Legierungen\".<\/span><br \/>\n<span>GB\/T 15002-1994 \"Technische Bedingungen f\u00fcr weichmagnetische Legierungen mit hoher magnetischer S\u00e4ttigungsinduktionsfestigkeit\".<\/span><\/p>\n<p><span>2. 1J22 chemische Zusammensetzung<\/span><\/p>\n<p><span>Gem\u00e4\u00df der US-Norm wird die nationale Norm streng umgesetzt.<\/span><\/p>\n<p><span>3. 1J22 W\u00e4rmebehandlung und Lieferstatus<\/span><\/p>\n<p><span>Kaltgewalztes Bandmuster: Der Ofen heizt auf 850-900\u2103 auf, h\u00e4lt die W\u00e4rme f\u00fcr 3-6 Stunden, k\u00fchlt auf 750\u2103 mit einer Geschwindigkeit von 50\u2103\/h ab, k\u00fchlt dann auf 300\u2103 mit einer Geschwindigkeit von 180-240\u2103\/h ab und kommt aus dem Ofen. Das Gl\u00fchmedium ist Wasserstoff mit einem Taupunkt von nicht mehr als -40\u2103.<\/span><br \/>\n<span>Probe aus dem Schmieden genommen: Wenn der Ofen auf 1100\u2103\u00b120\u2103 ansteigt, die Hitze 3 bis 6 Stunden lang beibehalten, mit einer Geschwindigkeit von 50 bis 100\u2103\/h auf 850\u2103 abk\u00fchlen, die Hitze 3 Stunden lang beibehalten, dann mit einer Geschwindigkeit von 30\u2103\/h auf 700\u2103 abk\u00fchlen, dann mit einer Geschwindigkeit von 200\u2103\/h auf 300\u2103 abk\u00fchlen und aus dem Ofen kommen. Das Gl\u00fchmedium ist Wasserstoff mit einem Taupunkt nicht h\u00f6her als -40\u2103.<\/span><br \/>\n<span>Materialien f\u00fcr hohe magnetische Induktion St\u00e4rke, niedrige Koerzitivfeldst\u00e4rke und hohe rechtwinklige Verh\u00e4ltnis unter einem niedrigeren Magnetfeld: wie der Ofen steigt auf 850 \u2103\u00b110 \u2103, isoliert f\u00fcr 4 Stunden, k\u00fchlt auf 750 \u2103 mit einer Geschwindigkeit von 50 \u2103\/h, isoliert f\u00fcr 3 Stunden, und dann k\u00fchlt auf 300 \u2103 mit einer Geschwindigkeit von 200 \u2103\/h, und entl\u00e4dt sich aus dem Ofen. Bei der Isolierung (750 \u2103) wird ein magnetisches Gleichfeld von 1240-1600 A\/m angelegt, und das Gl\u00fchmedium ist Wasserstoff mit einem Taupunkt von nicht mehr als -40 \u2103.<\/span><br \/>\n<span>Die Spezifikationen und Lieferbedingungen f\u00fcr die 1J22-Sorten umfassen kaltgewalzte B\u00e4nder, kaltgezogene Dr\u00e4hte, warmgewalzte (geschmiedete) Flachmaterialien und Stangen, nicht genormte Schmiedest\u00fccke und 1J22-Schmelz- und Gie\u00dfverfahren werden in Vakuum-Induktions\u00f6fen geschmolzen.<\/span><\/p>\n<p><span>4. Mechanische Eigenschaften von 1J22 bei Raumtemperatur und verschiedenen Temperaturen<\/span><\/p>\n<p><span>1J22 H\u00e4rte: Legierung weich HRB90, kalt hart HRC35.<\/span><br \/>\n<span>1J22 Zugfestigkeit: Legierung im weichen Zustand \u03c3b=490MPa; im kaltharten Zustand \u03c3b=1323MPa.<\/span><br \/>\n<span>1J22 schreibt eine nichtproportionale Dehnungsspannung vor [1] Legierung weicher Zustand \u03c3P0.2=343MPa.<\/span><br \/>\n<span>1J22 Dehnung nach dem Bruch Legierung nach dem Bruch Dehnung \u03b4=1%.<\/span><br \/>\n<span>1J22 Elastizit\u00e4tsmodul E=216GPa.<\/span><\/p>\n<p><span>V. 1J22 Organisationsstruktur<\/span><\/p>\n<p><span>Struktur der Legierung 1J22 Die Struktur der Legierung ist ein einphasiger Mischkristall mit einem kubisch-massenzentrierten Gitter. Der \u03b3\u03b1-Phasen\u00fcbergang erfolgt bei 900-930 \u00b0C. Bei einer Temperatur von weniger als 730 \u00b0C entsteht eine Ordnung, die eine FeCo-\u00dcberstruktur bildet, und die ungeordnete \u03b1-Phase wird in eine geordnete \u03b1\u2032-Phase umgewandelt.<\/span><\/p>\n<p><span>6. 1J22 Prozessleistung und Anforderungen<\/span><\/p>\n<p><span>Nach dem Abschrecken bei etwa 880 \u00b0C kann die Umformlegierung 1J22 zu d\u00fcnnen B\u00e4ndern und d\u00fcnnen F\u00e4den verarbeitet werden. Die B\u00e4nder und F\u00e4den k\u00f6nnen gestanzt, gewickelt oder zu Bauteilen verschiedener Formen verarbeitet werden.<\/span><br \/>\n<span>1J22 Schwei\u00dfleistung Die Schwei\u00dfleistung ist schlecht.<\/span><br \/>\n<span>1J22 Teile W\u00e4rmebehandlungsverfahren<\/span><br \/>\n<span>1J22 Oberfl\u00e4chenbehandlungsverfahren<\/span><br \/>\n<span>1J22 Schneid- und Schleifleistung Die warmgewalzten (geschmiedeten) Werkstoffe, die kaltgezogenen Werkstoffe und die B\u00e4nder dieser Legierung k\u00f6nnen geschnitten und geschliffen werden. Wenn die Legierung zu Bauteilen verarbeitet und einer abschlie\u00dfenden W\u00e4rmebehandlung mit langsamer Abk\u00fchlung unterzogen wird, ist die Plastizit\u00e4t gering und kann nur leicht geschliffen werden.<\/span><\/p>\n<p><span>7. 1J22 Anwendungsbereiche<\/span><br \/>\n<span>Geeignet f\u00fcr leichte und kleine elektrische Komponenten f\u00fcr die Luft- und Raumfahrt, wie z. B. mikroelektronische Rotoren, elektromagnetische Polk\u00f6pfe, Relais, Messwandler usw.<\/span><\/p>","protected":false},"excerpt":{"rendered":"<p>1. Introduction to 1J22 soft magnetic alloy 1J22 corresponds to the corresponding grades and similar grades Co50V2, 50\u041a\u0424 (Russia), Permendur [&hellip;]<\/p>","protected":false},"featured_media":624,"template":"","meta":{"site-sidebar-layout":"default","site-content-layout":"","ast-site-content-layout":"default","site-content-style":"default","site-sidebar-style":"default","ast-global-header-display":"","ast-banner-title-visibility":"","ast-main-header-display":"","ast-hfb-above-header-display":"","ast-hfb-below-header-display":"","ast-hfb-mobile-header-display":"","site-post-title":"","ast-breadcrumbs-content":"","ast-featured-img":"","footer-sml-layout":"","theme-transparent-header-meta":"default","adv-header-id-meta":"","stick-header-meta":"","header-above-stick-meta":"","header-main-stick-meta":"","header-below-stick-meta":"","astra-migrate-meta-layouts":"set","ast-page-background-enabled":"default","ast-page-background-meta":{"desktop":{"background-color":"var(--ast-global-color-5)","background-image":"","background-repeat":"repeat","background-position":"center center","background-size":"auto","background-attachment":"scroll","background-type":"","background-media":"","overlay-type":"","overlay-color":"","overlay-opacity":"","overlay-gradient":""},"tablet":{"background-color":"","background-image":"","background-repeat":"repeat","background-position":"center center","background-size":"auto","background-attachment":"scroll","background-type":"","background-media":"","overlay-type":"","overlay-color":"","overlay-opacity":"","overlay-gradient":""},"mobile":{"background-color":"","background-image":"","background-repeat":"repeat","background-position":"center center","background-size":"auto","background-attachment":"scroll","background-type":"","background-media":"","overlay-type":"","overlay-color":"","overlay-opacity":"","overlay-gradient":""}},"ast-content-background-meta":{"desktop":{"background-color":"var(--ast-global-color-4)","background-image":"","background-repeat":"repeat","background-position":"center center","background-size":"auto","background-attachment":"scroll","background-type":"","background-media":"","overlay-type":"","overlay-color":"","overlay-opacity":"","overlay-gradient":""},"tablet":{"background-color":"var(--ast-global-color-4)","background-image":"","background-repeat":"repeat","background-position":"center center","background-size":"auto","background-attachment":"scroll","background-type":"","background-media":"","overlay-type":"","overlay-color":"","overlay-opacity":"","overlay-gradient":""},"mobile":{"background-color":"var(--ast-global-color-4)","background-image":"","background-repeat":"repeat","background-position":"center center","background-size":"auto","background-attachment":"scroll","background-type":"","background-media":"","overlay-type":"","overlay-color":"","overlay-opacity":"","overlay-gradient":""}}},"product_brand":[],"product_cat":[34],"product_tag":[],"class_list":{"0":"post-623","1":"product","2":"type-product","3":"status-publish","4":"has-post-thumbnail","6":"product_cat-precision-alloy","7":"desktop-align-left","8":"tablet-align-left","9":"mobile-align-left","11":"first","12":"instock","13":"shipping-taxable","14":"product-type-simple"},"_links":{"self":[{"href":"https:\/\/www.dura-alloy.com\/de\/wp-json\/wp\/v2\/product\/623","targetHints":{"allow":["GET"]}}],"collection":[{"href":"https:\/\/www.dura-alloy.com\/de\/wp-json\/wp\/v2\/product"}],"about":[{"href":"https:\/\/www.dura-alloy.com\/de\/wp-json\/wp\/v2\/types\/product"}],"version-history":[{"count":0,"href":"https:\/\/www.dura-alloy.com\/de\/wp-json\/wp\/v2\/product\/623\/revisions"}],"wp:featuredmedia":[{"embeddable":true,"href":"https:\/\/www.dura-alloy.com\/de\/wp-json\/wp\/v2\/media\/624"}],"wp:attachment":[{"href":"https:\/\/www.dura-alloy.com\/de\/wp-json\/wp\/v2\/media?parent=623"}],"wp:term":[{"taxonomy":"product_brand","embeddable":true,"href":"https:\/\/www.dura-alloy.com\/de\/wp-json\/wp\/v2\/product_brand?post=623"},{"taxonomy":"product_cat","embeddable":true,"href":"https:\/\/www.dura-alloy.com\/de\/wp-json\/wp\/v2\/product_cat?post=623"},{"taxonomy":"product_tag","embeddable":true,"href":"https:\/\/www.dura-alloy.com\/de\/wp-json\/wp\/v2\/product_tag?post=623"}],"curies":[{"name":"wp","href":"https:\/\/api.w.org\/{rel}","templated":true}]}}