{"id":619,"date":"2025-06-17T01:59:20","date_gmt":"2025-06-17T01:59:20","guid":{"rendered":"https:\/\/dura-alloy.com\/?post_type=product&#038;p=619"},"modified":"2025-06-17T01:59:20","modified_gmt":"2025-06-17T01:59:20","slug":"1j85-permo-alloy","status":"publish","type":"product","link":"https:\/\/www.dura-alloy.com\/de\/produkt\/1j85-permo-alloy\/","title":{"rendered":"1J85 Permo-Legierung"},"content":{"rendered":"<p><span>1. Einf\u00fchrung in 1J85 Materialien<\/span><\/p>\n<p><span>1J85 Metall auf Nickelbasis ist eine weichmagnetische Legierung, die auch als Permalloy bezeichnet wird. Es hat eine sehr hohe magnetische Suszeptibilit\u00e4t und kann in einem kleineren Magnetfeld magnetisiert werden und eine h\u00f6here magnetische Induktionsst\u00e4rke erreichen. Au\u00dferdem kann sie schnell in S\u00e4ttigung gehen. Sie ist ein besserer Ferromagnet, wenn die Curie-Temperatur unter 400\u2103 liegt. Die Nickelbasislegierung 1J85 hat eine hohe magnetische Anfangspermeabilit\u00e4t, eine relativ geringe Koerzitivfeldst\u00e4rke und eine hohe maximale magnetische Permeabilit\u00e4t. Sie reagiert sehr empfindlich auf einige schwache Signale und hat ein gro\u00dfes Anwendungspotenzial in der Telekommunikationsindustrie und der Instrumentenindustrie. Gleichzeitig l\u00e4sst sich die Nickelbasislegierung 1J85 leicht zu einem sehr d\u00fcnnen Metallband verarbeiten, das in hochempfindlichen Drosseln, Audiotransformatoren, schnellen magnetischen Verst\u00e4rkern, Relais, magnetischen Abschirmungen, verschiedenen Eisenkernen usw. verwendet werden kann und eine Komponente in der Verteidigungsindustrie wie der Luft- und Raumfahrt und der Nuklearindustrie ist.<\/span><\/p>\n<p><span>2. 1J85 chemische Zusammensetzung<\/span><\/p>\n<p><span>Umsetzung gem\u00e4\u00df den US-Normen, nationalen Normen und nationalen Milit\u00e4rstandards<\/span><\/p>\n<p><span>3. 1J85 Physikalische Eigenschaften<\/span><\/p>\n<p><span>1J85 Dichte: 8,75 g\/cm3<\/span><br \/>\n<span>1J85 Schmelzpunkt: 1395-1425 \u2103<\/span><\/p>\n<p><span>IV. 1J85 Materialeigenschaften<\/span><\/p>\n<p><span>Die weichmagnetische Eisen-Nickel-Legierung 1J85 mit hoher S\u00e4ttigungsinduktion ist eine Nickellegierung, die 79-81% enth\u00e4lt und die h\u00f6chste anf\u00e4ngliche magnetische Permeabilit\u00e4t, maximale magnetische Permeabilit\u00e4t und extrem niedrige Koerzitivfeldst\u00e4rke aufweist, die f\u00fcr schwache Signale empfindlich ist. Die ges\u00e4ttigte magnetische Induktionsst\u00e4rke von 1J85 ist gr\u00f6\u00dfer als 0,78T, die anf\u00e4ngliche magnetische Permeabilit\u00e4t ist gr\u00f6\u00dfer als 30mH\/m, die maximale magnetische Permeabilit\u00e4t ist gr\u00f6\u00dfer als 115mH\/m, und die Koerzitivkraft ist kleiner als 2,4A\/m<\/span><\/p>\n<p><span>Metallographische Struktur von 1J85: Die Legierung 1J85 hat eine Austenitstruktur.<\/span><\/p>\n<p><span>Austenitischer legierter Stahl ist ein Kristall, und seine inneren Atome sind nach bestimmten Regeln angeordnet. Im Allgemeinen gibt es drei Anordnungsmethoden: die kubisch-raumzentrierte Gitterstruktur und die polykristalline Struktur, die w\u00e4hrend des Kristallisationsprozesses des Metalls entsteht.<\/span><\/p>\n<p><span>5. 1J85 Anwendungsbereiche<\/span><\/p>\n<p><span>1. Kernbleche f\u00fcr Gleichstromrelais, Transformatoren und Drosseln f\u00fcr Kommunikations- und elektronische Ger\u00e4te<\/span><\/p>\n<p><span>2. Magnetische Abschirmvorrichtung, Teile oder Steuerungskomponenten<\/span><\/p>\n<p><span>3. Elektronikindustrie, Pr\u00e4zisionsinstrumente, Fernsteuerungs- und automatische Kontrollsysteme.<\/span><\/p>\n<p><span>4. Transformatoren mit hoher Empfindlichkeit und kleiner Leistung, magnetische Verst\u00e4rker kleiner Leistung, Relais, Drosseln, Magnetk\u00f6pfe f\u00fcr magnetische Aufzeichnungsger\u00e4te, magnetische Abschirmungen, verschiedene gewickelte Kerne, geschnittene Kerne und laminierte Kerne, die in schwachen Magnetfeldern verwendet werden.<\/span><\/p>","protected":false},"excerpt":{"rendered":"<p>1. Introduction to 1J85 Materials 1J85 Nickel-based metal is a soft magnetic alloy, also known as permalloy. It has a [&hellip;]<\/p>","protected":false},"featured_media":620,"template":"","meta":{"site-sidebar-layout":"default","site-content-layout":"","ast-site-content-layout":"default","site-content-style":"default","site-sidebar-style":"default","ast-global-header-display":"","ast-banner-title-visibility":"","ast-main-header-display":"","ast-hfb-above-header-display":"","ast-hfb-below-header-display":"","ast-hfb-mobile-header-display":"","site-post-title":"","ast-breadcrumbs-content":"","ast-featured-img":"","footer-sml-layout":"","theme-transparent-header-meta":"default","adv-header-id-meta":"","stick-header-meta":"","header-above-stick-meta":"","header-main-stick-meta":"","header-below-stick-meta":"","astra-migrate-meta-layouts":"set","ast-page-background-enabled":"default","ast-page-background-meta":{"desktop":{"background-color":"var(--ast-global-color-5)","background-image":"","background-repeat":"repeat","background-position":"center center","background-size":"auto","background-attachment":"scroll","background-type":"","background-media":"","overlay-type":"","overlay-color":"","overlay-opacity":"","overlay-gradient":""},"tablet":{"background-color":"","background-image":"","background-repeat":"repeat","background-position":"center center","background-size":"auto","background-attachment":"scroll","background-type":"","background-media":"","overlay-type":"","overlay-color":"","overlay-opacity":"","overlay-gradient":""},"mobile":{"background-color":"","background-image":"","background-repeat":"repeat","background-position":"center center","background-size":"auto","background-attachment":"scroll","background-type":"","background-media":"","overlay-type":"","overlay-color":"","overlay-opacity":"","overlay-gradient":""}},"ast-content-background-meta":{"desktop":{"background-color":"var(--ast-global-color-4)","background-image":"","background-repeat":"repeat","background-position":"center center","background-size":"auto","background-attachment":"scroll","background-type":"","background-media":"","overlay-type":"","overlay-color":"","overlay-opacity":"","overlay-gradient":""},"tablet":{"background-color":"var(--ast-global-color-4)","background-image":"","background-repeat":"repeat","background-position":"center center","background-size":"auto","background-attachment":"scroll","background-type":"","background-media":"","overlay-type":"","overlay-color":"","overlay-opacity":"","overlay-gradient":""},"mobile":{"background-color":"var(--ast-global-color-4)","background-image":"","background-repeat":"repeat","background-position":"center center","background-size":"auto","background-attachment":"scroll","background-type":"","background-media":"","overlay-type":"","overlay-color":"","overlay-opacity":"","overlay-gradient":""}}},"product_brand":[],"product_cat":[34],"product_tag":[],"class_list":{"0":"post-619","1":"product","2":"type-product","3":"status-publish","4":"has-post-thumbnail","6":"product_cat-precision-alloy","7":"desktop-align-left","8":"tablet-align-left","9":"mobile-align-left","11":"first","12":"instock","13":"shipping-taxable","14":"product-type-simple"},"_links":{"self":[{"href":"https:\/\/www.dura-alloy.com\/de\/wp-json\/wp\/v2\/product\/619","targetHints":{"allow":["GET"]}}],"collection":[{"href":"https:\/\/www.dura-alloy.com\/de\/wp-json\/wp\/v2\/product"}],"about":[{"href":"https:\/\/www.dura-alloy.com\/de\/wp-json\/wp\/v2\/types\/product"}],"version-history":[{"count":0,"href":"https:\/\/www.dura-alloy.com\/de\/wp-json\/wp\/v2\/product\/619\/revisions"}],"wp:featuredmedia":[{"embeddable":true,"href":"https:\/\/www.dura-alloy.com\/de\/wp-json\/wp\/v2\/media\/620"}],"wp:attachment":[{"href":"https:\/\/www.dura-alloy.com\/de\/wp-json\/wp\/v2\/media?parent=619"}],"wp:term":[{"taxonomy":"product_brand","embeddable":true,"href":"https:\/\/www.dura-alloy.com\/de\/wp-json\/wp\/v2\/product_brand?post=619"},{"taxonomy":"product_cat","embeddable":true,"href":"https:\/\/www.dura-alloy.com\/de\/wp-json\/wp\/v2\/product_cat?post=619"},{"taxonomy":"product_tag","embeddable":true,"href":"https:\/\/www.dura-alloy.com\/de\/wp-json\/wp\/v2\/product_tag?post=619"}],"curies":[{"name":"wp","href":"https:\/\/api.w.org\/{rel}","templated":true}]}}