{"id":613,"date":"2025-06-17T01:51:41","date_gmt":"2025-06-17T01:51:41","guid":{"rendered":"https:\/\/dura-alloy.com\/?post_type=product&#038;p=613"},"modified":"2025-06-17T01:51:57","modified_gmt":"2025-06-17T01:51:57","slug":"4j29-kovar-alloy","status":"publish","type":"product","link":"https:\/\/www.dura-alloy.com\/de\/produkt\/4j29-kovar-alloy\/","title":{"rendered":"4J29 Kovar-Legierung"},"content":{"rendered":"<p><strong>1. Einf\u00fchrung in die 4J29-Materialien<\/strong><\/p>\n<p>Die Legierung 4J29 wird auch als Kovar-Legierung bezeichnet. Die Legierung hat einen linearen Ausdehnungskoeffizienten, der dem von Borosilikat-Hartglas bei 20 bis 450 \u00b0C \u00e4hnelt, einen hohen Curie-Punkt und eine gute Tieftemperatur-Gewebestabilit\u00e4t. Die Oxidschicht der Legierung ist dicht und kann gut in Glas eingeweicht werden. Sie reagiert nicht mit Quecksilber und eignet sich f\u00fcr die Verwendung in Quecksilberentladungsinstrumenten. Es ist das wichtigste abdichtende Strukturmaterial von elektrischen Vakuumger\u00e4ten.<br \/>\nTechnische Normen f\u00fcr 4J29-Werkstoffe YB\/T 5231-1993 \"Technische Bedingungen f\u00fcr Eisen-Nickel-Kobalt-Glasdichtungslegierungen 4J29 und 4J44\".<br \/>\n4J29 entsprechende Sorten: Russland 29H\u041a, 29H\u041a-B\u0418, Vereinigte Staaten Kovar, Rodar Techallony Glasseal 29-17, Deutschland Vacon 12<\/p>\n<p><strong>2. Chemische Zusammensetzung von 4J29<\/strong><\/p>\n<p>Strenge Umsetzung der Anforderungen der Vereinigten Staaten oder nationaler Normen<\/p>\n<p><strong>3. 4J29 Physikalische Eigenschaften<\/strong><\/p>\n<p>4J29 Dichte 8,5<br \/>\n4J29 spezifischer Widerstand \u03c1=0,48\u03bc\u03a9-m[1,5].<br \/>\n4J29 Curie-Punkt Tc=430\u2103[1,5].<br \/>\nDie magnetischen Eigenschaften der Legierung 4J29 liegen bei 4000A\/m, die magnetische Restinduktionsst\u00e4rke Br=0,98T und die Koerzitivkraft Hc=68,8A\/m[1,2].<br \/>\n4J29 Elastizit\u00e4tsmodul E=138GPa.<\/p>\n<p><strong>4. 4J29 Organisation und Schmelzverfahren<\/strong><\/p>\n<p>1) Nachdem die Struktur und das Gef\u00fcge der Legierung 4J29 nach dem in 1.5 angegebenen W\u00e4rmebehandlungssystem behandelt wurde, wird sie bei -78,5\u2103 eingefroren. Die Martensitstruktur sollte nicht erscheinen, wenn sie gr\u00f6\u00dfer oder gleich 4 Stunden ist. Wenn jedoch die Legierungszusammensetzung nicht stimmt, werden sich verschiedene Grade von Austenit (\u03b3) bei Raumtemperatur oder niedriger Temperatur in nadelf\u00f6rmigen Martensit (\u03b1) umwandeln, und die Phasen\u00e4nderung wird von einem Volumeneffekt begleitet. Der Ausdehnungskoeffizient der Legierung steigt entsprechend an, wodurch die Eigenspannung des Dichtungselements stark ansteigt und sogar eine teilweise Besch\u00e4digung verursacht wird. Der wichtigste Faktor, der die Stabilit\u00e4t des Tieftemperaturgef\u00fcges der Legierung beeinflusst, ist die chemische Zusammensetzung der Legierung. Aus dem tern\u00e4ren Fe-Ni-Co-Phasendiagramm ist ersichtlich, dass Nickel das Hauptelement der stabilen Gamma-Phase ist und ein hoher Nickelgehalt die Stabilit\u00e4t der Gamma-Phase beg\u00fcnstigt. Je h\u00f6her die Gesamtverformungsrate der Legierung ist, desto stabiler ist ihre Struktur tendenziell. Die Entmischung der Legierungszusammensetzung kann auch eine \u03b3\u2192\u03b1-Phasen\u00e4nderung in lokalen Bereichen verursachen. Dar\u00fcber hinaus f\u00f6rdern grobe K\u00f6rner den Phasen\u00fcbergang von \u03b3\u2192\u03b1.<br \/>\n2) Die Norm 4J29 f\u00fcr die Korngr\u00f6\u00dfe legt fest, dass die Korngr\u00f6\u00dfe von tiefgezogenen B\u00e4ndern nicht kleiner als Stufe 7 sein sollte, und die K\u00f6rner, die kleiner als Stufe 7 sind, d\u00fcrfen 10% der Fl\u00e4che nicht \u00fcberschreiten. Bei der Sch\u00e4tzung der durchschnittlichen Korngr\u00f6\u00dfe des Bandes mit einer Dicke von weniger als 0,13 mm sollte die Anzahl der K\u00f6rner nicht weniger als 8 entlang der Dickenrichtung des Bandes betragen.<br \/>\n3) Das Schmelz- und Gie\u00dfverfahren von 4J29 wird in einem Nicht-Vakuum-Induktionsofen, einem Vakuum-Induktionsofen oder einem Lichtbogenofen geschmolzen.<br \/>\n4J29 Anwendungs\u00fcbersicht und besondere Anforderungen Diese Legierung ist eine typische Fe-Ni-Co-Hartglaslegierung, die international vielseitig einsetzbar ist. Nach langfristigem Einsatz in der Luftfahrtindustrie ist die Leistung stabil. Sie wird haupts\u00e4chlich f\u00fcr die Glasversiegelung von elektrischen Vakuumkomponenten wie Emissionsr\u00f6hren, Oszillationsr\u00f6hren, Z\u00fcndr\u00f6hren, Magnetrons, Transistoren, Verschlussstopfen, Relais, Leitungsdr\u00e4hten von integrierten Schaltkreisen, Chassis, Geh\u00e4usen, Halterungen usw. verwendet. Bei den Anwendungen sollte das ausgew\u00e4hlte Glas auf den Ausdehnungskoeffizienten der Legierung abgestimmt sein. Die Stabilit\u00e4t des Gewebes bei niedrigen Temperaturen ist entsprechend der Verwendungstemperatur genau zu pr\u00fcfen. W\u00e4hrend der Verarbeitung sollte eine geeignete W\u00e4rmebehandlung durchgef\u00fchrt werden, um sicherzustellen, dass das Material gute Tiefziehdehnungseigenschaften aufweist. Bei der Verwendung von Schmiedematerialien sollte die Luftdichtheit streng gepr\u00fcft werden.<\/p>\n<p><strong>5. 4J29 Anwendungsbereiche<\/strong><\/p>\n<p>1. Geeignet f\u00fcr die Verwendung in Quecksilberentladungsinstrumenten.<br \/>\n2. Die wichtigsten Dichtungswerkstoffe, die in elektrischen Vakuumger\u00e4ten verwendet werden.<\/p>","protected":false},"excerpt":{"rendered":"<p>1. Introduction to 4J29 materials 4J29 alloy is also called Kovar alloy. The alloy has a linear expansion coefficient similar [&hellip;]<\/p>","protected":false},"featured_media":614,"template":"","meta":{"site-sidebar-layout":"default","site-content-layout":"","ast-site-content-layout":"default","site-content-style":"default","site-sidebar-style":"default","ast-global-header-display":"","ast-banner-title-visibility":"","ast-main-header-display":"","ast-hfb-above-header-display":"","ast-hfb-below-header-display":"","ast-hfb-mobile-header-display":"","site-post-title":"","ast-breadcrumbs-content":"","ast-featured-img":"","footer-sml-layout":"","theme-transparent-header-meta":"default","adv-header-id-meta":"","stick-header-meta":"","header-above-stick-meta":"","header-main-stick-meta":"","header-below-stick-meta":"","astra-migrate-meta-layouts":"set","ast-page-background-enabled":"default","ast-page-background-meta":{"desktop":{"background-color":"var(--ast-global-color-5)","background-image":"","background-repeat":"repeat","background-position":"center center","background-size":"auto","background-attachment":"scroll","background-type":"","background-media":"","overlay-type":"","overlay-color":"","overlay-opacity":"","overlay-gradient":""},"tablet":{"background-color":"","background-image":"","background-repeat":"repeat","background-position":"center center","background-size":"auto","background-attachment":"scroll","background-type":"","background-media":"","overlay-type":"","overlay-color":"","overlay-opacity":"","overlay-gradient":""},"mobile":{"background-color":"","background-image":"","background-repeat":"repeat","background-position":"center center","background-size":"auto","background-attachment":"scroll","background-type":"","background-media":"","overlay-type":"","overlay-color":"","overlay-opacity":"","overlay-gradient":""}},"ast-content-background-meta":{"desktop":{"background-color":"var(--ast-global-color-4)","background-image":"","background-repeat":"repeat","background-position":"center center","background-size":"auto","background-attachment":"scroll","background-type":"","background-media":"","overlay-type":"","overlay-color":"","overlay-opacity":"","overlay-gradient":""},"tablet":{"background-color":"var(--ast-global-color-4)","background-image":"","background-repeat":"repeat","background-position":"center center","background-size":"auto","background-attachment":"scroll","background-type":"","background-media":"","overlay-type":"","overlay-color":"","overlay-opacity":"","overlay-gradient":""},"mobile":{"background-color":"var(--ast-global-color-4)","background-image":"","background-repeat":"repeat","background-position":"center center","background-size":"auto","background-attachment":"scroll","background-type":"","background-media":"","overlay-type":"","overlay-color":"","overlay-opacity":"","overlay-gradient":""}}},"product_brand":[],"product_cat":[34],"product_tag":[],"class_list":{"0":"post-613","1":"product","2":"type-product","3":"status-publish","4":"has-post-thumbnail","6":"product_cat-precision-alloy","7":"desktop-align-left","8":"tablet-align-left","9":"mobile-align-left","11":"first","12":"instock","13":"shipping-taxable","14":"product-type-simple"},"_links":{"self":[{"href":"https:\/\/www.dura-alloy.com\/de\/wp-json\/wp\/v2\/product\/613","targetHints":{"allow":["GET"]}}],"collection":[{"href":"https:\/\/www.dura-alloy.com\/de\/wp-json\/wp\/v2\/product"}],"about":[{"href":"https:\/\/www.dura-alloy.com\/de\/wp-json\/wp\/v2\/types\/product"}],"version-history":[{"count":0,"href":"https:\/\/www.dura-alloy.com\/de\/wp-json\/wp\/v2\/product\/613\/revisions"}],"wp:featuredmedia":[{"embeddable":true,"href":"https:\/\/www.dura-alloy.com\/de\/wp-json\/wp\/v2\/media\/614"}],"wp:attachment":[{"href":"https:\/\/www.dura-alloy.com\/de\/wp-json\/wp\/v2\/media?parent=613"}],"wp:term":[{"taxonomy":"product_brand","embeddable":true,"href":"https:\/\/www.dura-alloy.com\/de\/wp-json\/wp\/v2\/product_brand?post=613"},{"taxonomy":"product_cat","embeddable":true,"href":"https:\/\/www.dura-alloy.com\/de\/wp-json\/wp\/v2\/product_cat?post=613"},{"taxonomy":"product_tag","embeddable":true,"href":"https:\/\/www.dura-alloy.com\/de\/wp-json\/wp\/v2\/product_tag?post=613"}],"curies":[{"name":"wp","href":"https:\/\/api.w.org\/{rel}","templated":true}]}}