{"id":611,"date":"2025-06-17T01:48:03","date_gmt":"2025-06-17T01:48:03","guid":{"rendered":"https:\/\/dura-alloy.com\/?post_type=product&#038;p=611"},"modified":"2025-06-17T01:48:04","modified_gmt":"2025-06-17T01:48:04","slug":"sus630","status":"publish","type":"product","link":"https:\/\/www.dura-alloy.com\/de\/produkt\/sus630\/","title":{"rendered":"SUS630"},"content":{"rendered":"<p style=\"text-align: center;\"><strong><span>Lieferumfang der Aviation Group:<\/span><\/strong><\/p>\n<p style=\"text-align: center;\"><strong><span>Nicht standardisierte Schmiedest\u00fccke, Rundstangen, Stahlplatten, Ringe, nahtlose Rohre<\/span><\/strong><\/p>\n<ol>\n<li><strong><span>Einf\u00fchrung in SUS630\u00a0<\/span><\/strong><strong><span>Materialien<\/span><\/strong><strong style=\"font-size: 16px;\">\u00a0<\/strong><\/li>\n<\/ol>\n<p><span>\u00a0 \u00a0 \u00a0 Die Legierung SUS630 ist ein ausgef\u00e4llter, geh\u00e4rteter, martensitischer, rostfreier Stahl, der aus Kupfer, Niob und Zinnober besteht. Entsprechende Sorte: 0Cr17Ni4Cu4Nb 05Cr17Ni4Cu4Nb S17400<\/span><\/p>\n<p><span>\u00a0 \u00a0 \u00a0 SUS630 ist ein martensitisch gef\u00e4llter, geh\u00e4rteter Edelstahl mit hoher Festigkeit, hoher H\u00e4rte, guter Schwei\u00dfbarkeit und Korrosionsbest\u00e4ndigkeit. Er wurde weithin gef\u00f6rdert und in Ventilen, Wellen, Chemiefasern, Luft- und Raumfahrt und anderen Industrien verwendet und hat hochfeste Komponenten mit bestimmten Korrosionsbest\u00e4ndigkeitsanforderungen.<\/span><\/p>\n<ol start=\"2\">\n<li><strong><span>SUS630\u00a0<\/span><\/strong><strong><span>Chemische Zusammensetzung<\/span><\/strong><strong style=\"font-size: 16px;\">\u00a0<\/strong><\/li>\n<\/ol>\n<table border=\"-\">\n<tbody>\n<tr>\n<td width=\"56\"><span>Legierung<\/span><\/td>\n<td width=\"64\">%<\/td>\n<td width=\"42\">C<\/td>\n<td width=\"37\">Mn<\/td>\n<td width=\"41\"><span>Und\u00a0<\/span><\/td>\n<td width=\"47\">P<\/td>\n<td width=\"59\">S<\/td>\n<td width=\"41\">Cr<\/td>\n<td width=\"40\"><span>Unter<\/span><\/td>\n<td width=\"40\">Cu<\/td>\n<td width=\"40\">Fe<\/td>\n<td width=\"41\">Nb<\/td>\n<\/tr>\n<tr>\n<td rowspan=\"2\" width=\"56\"><span>SUS630<\/span><\/td>\n<td width=\"64\"><span>Minimaler Wert<\/span><\/td>\n<td width=\"42\">&#8211;<\/td>\n<td width=\"37\"><span>&#8211;<\/span><\/td>\n<td width=\"41\"><span>&#8211;<\/span><\/td>\n<td width=\"47\"><span>&#8211;<\/span><\/td>\n<td width=\"59\"><span>&#8211;<\/span><\/td>\n<td width=\"41\">15.5<\/td>\n<td width=\"40\">3.0<\/td>\n<td width=\"40\"><span>3.0<\/span><\/td>\n<td rowspan=\"2\" width=\"40\"><span>Marge<\/span><\/td>\n<td width=\"41\">0.15<\/td>\n<\/tr>\n<tr>\n<td width=\"64\"><span>Maximaler Wert<\/span><\/td>\n<td width=\"42\">0.07<\/td>\n<td width=\"37\">1.0<\/td>\n<td width=\"41\"><span>1.0<\/span><\/td>\n<td width=\"47\">0.040<\/td>\n<td width=\"59\">0.030<\/td>\n<td width=\"41\">17.5<\/td>\n<td width=\"40\">5.0<\/td>\n<td width=\"40\"><span>5.0<\/span><\/td>\n<td width=\"41\">0.45<\/td>\n<\/tr>\n<\/tbody>\n<\/table>\n<ol start=\"3\">\n<li><strong><span>SUS630\u00a0<\/span><\/strong><strong><span>Physische Leistung<\/span><\/strong><strong style=\"font-size: 16px;\">\u00a0<\/strong><\/li>\n<\/ol>\n<table border=\"-\">\n<tbody>\n<tr>\n<td width=\"106\"><span>Dichte<\/span><\/td>\n<td width=\"247\">7,78 g\/cm3<\/td>\n<\/tr>\n<tr>\n<td width=\"106\"><span>Schmelzpunkt<\/span><\/td>\n<td width=\"247\">1400-1440\u2103<\/td>\n<\/tr>\n<\/tbody>\n<\/table>\n<p><span>Mechanische Eigenschaften der Legierung SUS630 bei Raumtemperatur:<\/span><\/p>\n<table border=\"-\">\n<tbody>\n<tr>\n<td width=\"96\"><span>Legierung<\/span><\/td>\n<td width=\"103\"><span>Zugfestigkeit<\/span><br \/>\n<span>Rm N\/mm2<\/span><\/td>\n<td width=\"120\"><span>Streckgrenze<\/span><br \/>\n<span>RP0.2N\/mm2<\/span><\/td>\n<td width=\"67\"><span>Dehnung<\/span><br \/>\n<span>A5 %<\/span><\/td>\n<td width=\"90\"><span>Brinell-H\u00e4rte\u00a0<\/span><br \/>\n<span>HB<\/span><\/td>\n<\/tr>\n<tr>\n<td width=\"96\"><span>480\u2103 Alterung<\/span><\/td>\n<td width=\"103\">\u22651310<\/td>\n<td width=\"120\">\u22651180<\/td>\n<td width=\"67\">\u226510<\/td>\n<td width=\"90\">\u226540<\/td>\n<\/tr>\n<tr>\n<td width=\"96\"><span>550\u2103 Alterung<\/span><\/td>\n<td width=\"103\">\u22651060<\/td>\n<td width=\"120\">\u22651000<\/td>\n<td width=\"67\">\u226512<\/td>\n<td width=\"90\">\u226535<\/td>\n<\/tr>\n<tr>\n<td width=\"96\"><span>580\u2103 Alterung<\/span><\/td>\n<td width=\"103\"><span>\u22651000<\/span><\/td>\n<td width=\"120\">\u2265865<\/td>\n<td width=\"67\">\u226513<\/td>\n<td width=\"90\">\u226531<\/td>\n<\/tr>\n<tr>\n<td width=\"96\"><span>Alterungseffekt von 620\u2103<\/span><\/td>\n<td width=\"103\">\u2265930<\/td>\n<td width=\"120\">\u2265325<\/td>\n<td width=\"67\">\u226516<\/td>\n<td width=\"90\">\u226528<\/td>\n<\/tr>\n<\/tbody>\n<\/table>\n<ol start=\"4\">\n<li><strong><span>SUS630\u00a0<\/span><\/strong><strong><span>Korrosionsbest\u00e4ndigkeit<\/span><\/strong><strong style=\"font-size: 16px;\">\u00a0<\/strong><\/li>\n<\/ol>\n<ul>\n<li><span>Die SUS630-Legierung ist korrosionsbest\u00e4ndiger als jedes andere h\u00e4rtbare Standard-Edelstahlblech. In den meisten F\u00e4llen ist seine Korrosionsbest\u00e4ndigkeit nicht weniger als 304.<\/span><\/li>\n<li><span>Besteht die Gefahr von Spannungsrisskorrosion, muss die h\u00f6here Alterungstemperatur \u00fcber 550\u00b0C (1022\u00b0F), vorzugsweise 590\u00b0C (1094\u00b0F), liegen.<\/span><\/li>\n<li><span>Die Anlasstemperatur im Chloridmedium betr\u00e4gt 550\u00b0C-1022\u00b0F.<\/span><\/li>\n<li><span>Die Anlasstemperatur im H2S-Medium betr\u00e4gt 590\u00b0C-1094\u00b0F.<\/span><\/li>\n<li><span>Es ist anf\u00e4llig f\u00fcr Korrosion oder Risskorrosion in statischem Seewasser.<\/span><\/li>\n<li><span>Seine Korrosionsbest\u00e4ndigkeit ist die gleiche wie die der Sorte 304L in der Petrochemie, Lebensmittel- und Papierindustrie.<\/span><\/li>\n<\/ul>\n<ol start=\"5\">\n<li><strong><span>SUS630 Lieferstatus<\/span><\/strong><strong style=\"font-size: 16px;\">\u00a0<\/strong><\/li>\n<\/ol>\n<p><span>In der Regel erfolgt die Lieferung in w\u00e4rmebehandeltem Zustand, wobei die Art der W\u00e4rmebehandlung im Vertrag angegeben ist; ist sie nicht angegeben, erfolgt die Lieferung in w\u00e4rmebehandeltem Zustand.<\/span><\/p>\n<p><span>Die Legierung SUS630 ist ein ausgef\u00e4llter, abgeschreckter, martensitischer Edelstahl, der sich durch hohe Festigkeit, H\u00e4rte und Korrosionsbest\u00e4ndigkeit auszeichnet. Nach der W\u00e4rmebehandlung sind die mechanischen Eigenschaften des Produkts perfekter und erreichen eine Druckfestigkeit von bis zu 1100-1300 mpa (160-190 ksi). Diese Sorte kann nicht bei Temperaturen \u00fcber 300\u00b0C (570F) oder sehr niedrigen Temperaturen verwendet werden. Sie hat eine gute Korrosionsbest\u00e4ndigkeit gegen\u00fcber der Atmosph\u00e4re und verd\u00fcnnten S\u00e4uren oder Salzen, und ihre Korrosionsbest\u00e4ndigkeit ist die gleiche wie die von 304 und 430.<\/span><\/p>\n<p><strong><span>SUS630 Mechanische Eigenschaften<\/span><\/strong><\/p>\n<p><span>Zugfestigkeit \u03c3b (MPa): 480\u2103 Alterung, \u22651310; 550\u2103 Alterung, \u22651060; 580\u2103 Alterung, \u22651000; 620\u2103 Alterung, \u2265930<\/span><\/p>\n<p><span>Bedingte Streckgrenze \u03c30,2 (MPa): 480\u2103 Alterung, \u22651180; 550\u2103 Alterung, \u22651000; 580\u2103 Alterung, \u2265865; 620\u2103 Alterung, \u2265725<\/span><\/p>\n<p><span>Dehnung \u03b45 (%): 480\u2103 Alterung, \u226510; 550\u2103 Alterung, \u226512; 580\u2103 Alterung, \u226513; 620\u2103 Alterung, \u226516<\/span><\/p>\n<p><span>Schrumpfungsrate des Abschnitts \u03c8 (%): 480\u2103 Alterung, \u226540; 550\u2103 Alterung, \u226545; 580\u2103 Alterung, \u226545; 620\u2103 Alterung, \u226550<\/span><\/p>\n<p><span>H\u00e4rte: Mischkristall, \u2264363HB und \u226438HRC; Alterung von 480\u2103, \u2265375HB und \u226540HRC; Alterung von 550\u2103, \u2265331HB und \u226535HRC; Alterung von 580\u2103, \u2265302HB und \u226531HRC; Alterung von 620\u2103, \u2265277HB und \u226528HRC<\/span><\/p>\n<p><strong><span>SUS630<\/span><\/strong><span>\u00a0W\u00e4rmebehandlungsverfahren, W\u00e4rmebehandlungsspezifikationen:<\/span><\/p>\n<p><span>1) Feste L\u00f6sung bei 1020~1060\u2103 schnell abgek\u00fchlt;<\/span><\/p>\n<p><span>2) Alterung bei 480\u2103, nach Behandlung mit fester L\u00f6sung, Luftabk\u00fchlung bei 470~490\u2103;<\/span><\/p>\n<p><span>3) Alterung bei 550\u2103, nach Behandlung mit fester L\u00f6sung, Luftabk\u00fchlung bei 540~560\u2103;<\/span><\/p>\n<p><span>4) Alterung bei 580\u2103, nach Behandlung mit fester L\u00f6sung, Luftabk\u00fchlung bei 570~590\u2103;<\/span><\/p>\n<p><span>5) Alterung bei 620\u2103, nach Behandlung in fester L\u00f6sung, Luftabk\u00fchlung bei 610~630\u2103. Metallographische Struktur: Das Gewebe ist durch Ausscheidung und H\u00e4rtung gekennzeichnet.<\/span><\/p>\n<p><span>Status der Lieferung<\/span><\/p>\n<p><span>In der Regel erfolgt die Lieferung in w\u00e4rmebehandeltem Zustand, wobei die Art der W\u00e4rmebehandlung im Vertrag angegeben ist; ist sie nicht angegeben, erfolgt die Lieferung in w\u00e4rmebehandeltem Zustand.<\/span><\/p>\n<ol start=\"6\">\n<li><strong><span>SUS630\u00a0<\/span><\/strong><strong><span>Anwendungsbereiche<\/span><\/strong><strong style=\"font-size: 16px;\">\u00a0<\/strong><\/li>\n<\/ol>\n<ul>\n<li><span>Maritime Plattform, Hubschrauberdeck, andere Plattformen<\/span><\/li>\n<li><span>Lebensmittelindustrie<\/span><\/li>\n<li><span>Zellstoff- und Papierindustrie<\/span><\/li>\n<li><span>Luft- und Raumfahrt (Turbinenschaufeln)<\/span><\/li>\n<li><span>Mechanische Komponenten<\/span><\/li>\n<li><span>Eimer f\u00fcr nukleare Abf\u00e4lle<\/span><\/li>\n<\/ul>","protected":false},"excerpt":{"rendered":"<p>Scope of supply of Aviation Group: Non-standard forgings, round rods, steel plates, rings, seamless pipes Introduction to SUS630\u00a0Materials\u00a0 \u00a0 \u00a0 [&hellip;]<\/p>","protected":false},"featured_media":612,"template":"","meta":{"site-sidebar-layout":"default","site-content-layout":"","ast-site-content-layout":"default","site-content-style":"default","site-sidebar-style":"default","ast-global-header-display":"","ast-banner-title-visibility":"","ast-main-header-display":"","ast-hfb-above-header-display":"","ast-hfb-below-header-display":"","ast-hfb-mobile-header-display":"","site-post-title":"","ast-breadcrumbs-content":"","ast-featured-img":"","footer-sml-layout":"","theme-transparent-header-meta":"default","adv-header-id-meta":"","stick-header-meta":"","header-above-stick-meta":"","header-main-stick-meta":"","header-below-stick-meta":"","astra-migrate-meta-layouts":"set","ast-page-background-enabled":"default","ast-page-background-meta":{"desktop":{"background-color":"var(--ast-global-color-5)","background-image":"","background-repeat":"repeat","background-position":"center center","background-size":"auto","background-attachment":"scroll","background-type":"","background-media":"","overlay-type":"","overlay-color":"","overlay-opacity":"","overlay-gradient":""},"tablet":{"background-color":"","background-image":"","background-repeat":"repeat","background-position":"center center","background-size":"auto","background-attachment":"scroll","background-type":"","background-media":"","overlay-type":"","overlay-color":"","overlay-opacity":"","overlay-gradient":""},"mobile":{"background-color":"","background-image":"","background-repeat":"repeat","background-position":"center center","background-size":"auto","background-attachment":"scroll","background-type":"","background-media":"","overlay-type":"","overlay-color":"","overlay-opacity":"","overlay-gradient":""}},"ast-content-background-meta":{"desktop":{"background-color":"var(--ast-global-color-4)","background-image":"","background-repeat":"repeat","background-position":"center center","background-size":"auto","background-attachment":"scroll","background-type":"","background-media":"","overlay-type":"","overlay-color":"","overlay-opacity":"","overlay-gradient":""},"tablet":{"background-color":"var(--ast-global-color-4)","background-image":"","background-repeat":"repeat","background-position":"center center","background-size":"auto","background-attachment":"scroll","background-type":"","background-media":"","overlay-type":"","overlay-color":"","overlay-opacity":"","overlay-gradient":""},"mobile":{"background-color":"var(--ast-global-color-4)","background-image":"","background-repeat":"repeat","background-position":"center center","background-size":"auto","background-attachment":"scroll","background-type":"","background-media":"","overlay-type":"","overlay-color":"","overlay-opacity":"","overlay-gradient":""}}},"product_brand":[],"product_cat":[33],"product_tag":[],"class_list":{"0":"post-611","1":"product","2":"type-product","3":"status-publish","4":"has-post-thumbnail","6":"product_cat-precipitation-hardening-stainless-steel","7":"desktop-align-left","8":"tablet-align-left","9":"mobile-align-left","11":"first","12":"instock","13":"shipping-taxable","14":"product-type-simple"},"_links":{"self":[{"href":"https:\/\/www.dura-alloy.com\/de\/wp-json\/wp\/v2\/product\/611","targetHints":{"allow":["GET"]}}],"collection":[{"href":"https:\/\/www.dura-alloy.com\/de\/wp-json\/wp\/v2\/product"}],"about":[{"href":"https:\/\/www.dura-alloy.com\/de\/wp-json\/wp\/v2\/types\/product"}],"version-history":[{"count":0,"href":"https:\/\/www.dura-alloy.com\/de\/wp-json\/wp\/v2\/product\/611\/revisions"}],"wp:featuredmedia":[{"embeddable":true,"href":"https:\/\/www.dura-alloy.com\/de\/wp-json\/wp\/v2\/media\/612"}],"wp:attachment":[{"href":"https:\/\/www.dura-alloy.com\/de\/wp-json\/wp\/v2\/media?parent=611"}],"wp:term":[{"taxonomy":"product_brand","embeddable":true,"href":"https:\/\/www.dura-alloy.com\/de\/wp-json\/wp\/v2\/product_brand?post=611"},{"taxonomy":"product_cat","embeddable":true,"href":"https:\/\/www.dura-alloy.com\/de\/wp-json\/wp\/v2\/product_cat?post=611"},{"taxonomy":"product_tag","embeddable":true,"href":"https:\/\/www.dura-alloy.com\/de\/wp-json\/wp\/v2\/product_tag?post=611"}],"curies":[{"name":"wp","href":"https:\/\/api.w.org\/{rel}","templated":true}]}}