{"id":586,"date":"2025-06-16T09:09:57","date_gmt":"2025-06-16T09:09:57","guid":{"rendered":"https:\/\/dura-alloy.com\/?post_type=product&#038;p=586"},"modified":"2025-06-16T09:09:57","modified_gmt":"2025-06-16T09:09:57","slug":"dc53","status":"publish","type":"product","link":"https:\/\/www.dura-alloy.com\/de\/produkt\/dc53\/","title":{"rendered":"DC53"},"content":{"rendered":"<p style=\"text-align: center;\"><strong><span>Lieferumfang der Aviation Group:<\/span><\/strong><\/p>\n<p style=\"text-align: center;\"><strong><span>Rundstangen, Stahlplatten, nicht standardisierte Schmiedest\u00fccke, Ringe usw., bitte fragen Sie uns!<\/span><\/strong><\/p>\n<p><strong><span>1. Einf\u00fchrung in DC53-Materialien<\/span><\/strong><\/p>\n<p><span>\u00a0 \u00a0 \u00a0 DC53 ist ein neuartiger Kaltarbeitsstahl, der den SKD11 verbessert. Seine technischen Spezifikationen sind in der japanischen Industrienorm (JIS) G4404 enthalten. Er \u00fcberwindet die Schw\u00e4chen des SKD11 in Bezug auf H\u00e4rte und Z\u00e4higkeit beim Anlassen bei hohen Temperaturen und wird den SKD11 im Bereich der allgemeinen Formen und Pr\u00e4zisionsformen vollst\u00e4ndig ersetzen. Die Z\u00e4higkeit von DC53 ist bei der Kaltumformung von Formenstahl st\u00e4rker ausgepr\u00e4gt, und seine Z\u00e4higkeit ist doppelt so hoch wie die von SKD11. Daher entstehen bei DC53 nur selten Risse und Spr\u00fcnge, was die Lebensdauer erheblich verbessert. Die Eigenspannung nach dem Drahterodieren wird durch Hochtemperaturanlassen reduziert. Daher werden Risse und Verformungen nach dem Online-Schneiden und der Verarbeitung von gro\u00dfen Formen und Formen, die Pr\u00e4zision erfordern, unterdr\u00fcckt.<\/span><\/p>\n<p><span>\u00a0 \u00a0 \u00a0 Spezielle Spezifikationen f\u00fcr Maskenmaschinen: 60mm~95mm, \u00fcblicherweise verwendete Spezifikationen: 1,3mm~295mm<\/span><\/p>\n<p><strong><span>2. Chemische Zusammensetzung von DC53<\/span><\/strong><\/p>\n<table border=\"-\" width=\"1120\">\n<tbody>\n<tr>\n<td width=\"68\"><span>Legierung<\/span><\/td>\n<td width=\"73\">%<\/td>\n<td width=\"57\"><span>Chrom Cr<\/span><\/td>\n<td width=\"61\"><span>Stein Mo<\/span><\/td>\n<td width=\"57\"><span>\u94dc mit<\/span><\/td>\n<td width=\"57\"><span>Vanadium V<\/span><\/td>\n<td width=\"57\"><span>Kohlenstoff C<\/span><\/td>\n<td width=\"61\"><span>Mangan Mn<\/span><\/td>\n<td width=\"57\"><span>Silizium Si<\/span><\/td>\n<td width=\"57\"><span>Phosphor P<\/span><\/td>\n<td width=\"57\"><span>Schwefel S<\/span><\/td>\n<\/tr>\n<tr>\n<td rowspan=\"2\" width=\"68\"><span>Dc53<\/span><\/p>\n<p><span>Cr8mo2SIV<\/span><\/td>\n<td width=\"73\"><span>Minimaler Wert<\/span><\/td>\n<td width=\"57\">7.80<\/td>\n<td width=\"61\">2.00<\/td>\n<td width=\"57\">&#8211;<\/td>\n<td width=\"57\">0.30<\/td>\n<td width=\"57\">0.95<\/td>\n<td width=\"61\">0.20<\/td>\n<td width=\"57\">0.80<\/td>\n<td width=\"57\">&#8211;<\/td>\n<td width=\"57\"><span>&#8211;<\/span><\/td>\n<\/tr>\n<tr>\n<td width=\"73\"><span>Maximaler Wert<\/span><\/td>\n<td width=\"57\">8.30<\/td>\n<td width=\"61\">2.30<\/td>\n<td width=\"57\">0.30<\/td>\n<td width=\"57\">0.40<\/td>\n<td width=\"57\">1.03<\/td>\n<td width=\"61\"><span>2.30<\/span><\/td>\n<td width=\"57\">1.10<\/td>\n<td width=\"57\">0.030<\/td>\n<td width=\"57\"><span>0.030<\/span><\/td>\n<\/tr>\n<\/tbody>\n<\/table>\n<p><strong><span>3. Vorteile von DC53 gegen\u00fcber SKD11<\/span><\/strong><\/p>\n<p><span>\u00a0 \u00a0 \u00a0 1. Die W\u00e4rmebehandlungsh\u00e4rte von DC53 ist h\u00f6her als die von SKD11, und seine Z\u00e4higkeit ist doppelt so hoch wie die von SKD11:<\/span><\/p>\n<p><span>\u00a0 \u00a0 \u00a0 2. DC53 hohe Temperatur (520-530\u2103) kann hohe H\u00e4rte von 62-63HRC nach Anlassen erreichen. Daher kann DC53 St\u00e4rke und Verschlei\u00dffestigkeit seine Leistung besser als SKD11 aus\u00fcben;<\/span><\/p>\n<p><span>\u00a0 \u00a0 \u00a0 3. Unter den Werkzeugst\u00e4hlen f\u00fcr die Kaltbearbeitung hat DC53 die h\u00f6chste Z\u00e4higkeit, so dass es Risse und Zusammenbr\u00fcche in Werkzeugen und Formen verhindern kann. Mit DC53 hergestellte Werkzeuge zeigen selten Risse und Spr\u00fcnge, was die Lebensdauer verbessert;<\/span><\/p>\n<p><span>\u00a0 \u00a0 \u00a0 4. DC53 kann die riesigen Karbide von SKD11 verbessern und sie auf weniger als 1\/3 von SKD11 verbessern, so dass es verhindern kann, dass Absplitterungen usw. Formsch\u00e4den verursachen.<\/span><\/p>\n<p><strong><span>4. DC53 W\u00e4rmebehandlung und H\u00e4rte<\/span><\/strong><\/p>\n<p><span>\u00a0 \u00a0 \u00a0 Schmiedetemperatur: 1100~900\u2103<\/span><\/p>\n<p><span>\u00a0 \u00a0 \u00a0 W\u00e4rmebehandlungstemperatur: Gl\u00fchen 830~880\u2103\/Abschrecken 1000~1040\u2103\/Tieftemperatur 180~200\u2103\/Gl\u00fchen Hochtemperatur 520~530\u2103<\/span><\/p>\n<p><span>\u00a0 \u00a0 \u00a0 H\u00e4rte: Abschrecken\/H\u00e4rtung HRC62~63\/HRC60~62<\/span><\/p>\n<p><strong><span>5. Anwendungsbereich DC53<\/span><\/strong><\/p>\n<ol>\n<li><span>Pr\u00e4zisions-Stanzwerkzeug: Pr\u00e4zisionsstanzwerkzeug f\u00fcr die Drahtschneideverarbeitung und Stanzwerkzeug f\u00fcr verschiedene Zwecke<\/span><\/li>\n<li><span>Werkzeuge f\u00fcr die plastische Verformung von schwer zu verarbeitenden Materialien<\/span><\/li>\n<li><span>Kaltschmieden, Tiefziehen und Drahtreibeformen<\/span><\/li>\n<li><span>Ziehformen, Kaltarbeitsformen, Kaltziehformen<\/span><\/li>\n<li><span>Maskenmaschinen, Walzen, Formwalzen, Stanzen<\/span><\/li>\n<\/ol>","protected":false},"excerpt":{"rendered":"<p>Scope of supply of Aviation Group: Round rods, steel plates, non-standard forgings, rings, etc., welcome to inquire! 1. Introduction to [&hellip;]<\/p>","protected":false},"featured_media":587,"template":"","meta":{"site-sidebar-layout":"default","site-content-layout":"","ast-site-content-layout":"default","site-content-style":"default","site-sidebar-style":"default","ast-global-header-display":"","ast-banner-title-visibility":"","ast-main-header-display":"","ast-hfb-above-header-display":"","ast-hfb-below-header-display":"","ast-hfb-mobile-header-display":"","site-post-title":"","ast-breadcrumbs-content":"","ast-featured-img":"","footer-sml-layout":"","theme-transparent-header-meta":"default","adv-header-id-meta":"","stick-header-meta":"","header-above-stick-meta":"","header-main-stick-meta":"","header-below-stick-meta":"","astra-migrate-meta-layouts":"set","ast-page-background-enabled":"default","ast-page-background-meta":{"desktop":{"background-color":"var(--ast-global-color-5)","background-image":"","background-repeat":"repeat","background-position":"center center","background-size":"auto","background-attachment":"scroll","background-type":"","background-media":"","overlay-type":"","overlay-color":"","overlay-opacity":"","overlay-gradient":""},"tablet":{"background-color":"","background-image":"","background-repeat":"repeat","background-position":"center center","background-size":"auto","background-attachment":"scroll","background-type":"","background-media":"","overlay-type":"","overlay-color":"","overlay-opacity":"","overlay-gradient":""},"mobile":{"background-color":"","background-image":"","background-repeat":"repeat","background-position":"center center","background-size":"auto","background-attachment":"scroll","background-type":"","background-media":"","overlay-type":"","overlay-color":"","overlay-opacity":"","overlay-gradient":""}},"ast-content-background-meta":{"desktop":{"background-color":"var(--ast-global-color-4)","background-image":"","background-repeat":"repeat","background-position":"center center","background-size":"auto","background-attachment":"scroll","background-type":"","background-media":"","overlay-type":"","overlay-color":"","overlay-opacity":"","overlay-gradient":""},"tablet":{"background-color":"var(--ast-global-color-4)","background-image":"","background-repeat":"repeat","background-position":"center center","background-size":"auto","background-attachment":"scroll","background-type":"","background-media":"","overlay-type":"","overlay-color":"","overlay-opacity":"","overlay-gradient":""},"mobile":{"background-color":"var(--ast-global-color-4)","background-image":"","background-repeat":"repeat","background-position":"center center","background-size":"auto","background-attachment":"scroll","background-type":"","background-media":"","overlay-type":"","overlay-color":"","overlay-opacity":"","overlay-gradient":""}}},"product_brand":[],"product_cat":[32],"product_tag":[],"class_list":{"0":"post-586","1":"product","2":"type-product","3":"status-publish","4":"has-post-thumbnail","6":"product_cat-alloy-structural-steel","7":"desktop-align-left","8":"tablet-align-left","9":"mobile-align-left","11":"first","12":"instock","13":"shipping-taxable","14":"product-type-simple"},"_links":{"self":[{"href":"https:\/\/www.dura-alloy.com\/de\/wp-json\/wp\/v2\/product\/586","targetHints":{"allow":["GET"]}}],"collection":[{"href":"https:\/\/www.dura-alloy.com\/de\/wp-json\/wp\/v2\/product"}],"about":[{"href":"https:\/\/www.dura-alloy.com\/de\/wp-json\/wp\/v2\/types\/product"}],"version-history":[{"count":0,"href":"https:\/\/www.dura-alloy.com\/de\/wp-json\/wp\/v2\/product\/586\/revisions"}],"wp:featuredmedia":[{"embeddable":true,"href":"https:\/\/www.dura-alloy.com\/de\/wp-json\/wp\/v2\/media\/587"}],"wp:attachment":[{"href":"https:\/\/www.dura-alloy.com\/de\/wp-json\/wp\/v2\/media?parent=586"}],"wp:term":[{"taxonomy":"product_brand","embeddable":true,"href":"https:\/\/www.dura-alloy.com\/de\/wp-json\/wp\/v2\/product_brand?post=586"},{"taxonomy":"product_cat","embeddable":true,"href":"https:\/\/www.dura-alloy.com\/de\/wp-json\/wp\/v2\/product_cat?post=586"},{"taxonomy":"product_tag","embeddable":true,"href":"https:\/\/www.dura-alloy.com\/de\/wp-json\/wp\/v2\/product_tag?post=586"}],"curies":[{"name":"wp","href":"https:\/\/api.w.org\/{rel}","templated":true}]}}