{"id":550,"date":"2025-06-16T08:19:30","date_gmt":"2025-06-16T08:19:30","guid":{"rendered":"https:\/\/dura-alloy.com\/?post_type=product&#038;p=550"},"modified":"2025-06-16T08:19:30","modified_gmt":"2025-06-16T08:19:30","slug":"zirconium-wire","status":"publish","type":"product","link":"https:\/\/www.dura-alloy.com\/de\/produkt\/zirconium-wire\/","title":{"rendered":"Zirkonium-Draht"},"content":{"rendered":"<p><span>Brand: ZR60702, ZR60704, ZR60705, ZR1, ZR2<\/span><br \/>\n<span>Production specifications: \u03a60.1-\u03a68.0mm<\/span><br \/>\n<span>Standard: ASTM B550, GB\/T8769-2010<\/span><br \/>\n<span>Variety: straight wire, disc wire<\/span><br \/>\n<span>State: annealed state (M), hot processing state (R), cold processing state (Y)<\/span><br \/>\n<span>density: 6.51g\/cm3<\/span><\/p>\n<p><strong><span>Zirconium wire application fields:<\/span><\/strong><\/p>\n<p><span>Petrochemical, electrical and electronics, aerospace, etc.<\/span><\/p>\n<p><strong><span>Introduction to Zirconium Materials:<\/span><\/strong><\/p>\n<p><span>Zirconium alloy has good corrosion resistance, moderate mechanical properties, and a low atomic thermal neutron absorption cross-section (zirconium is 0.18 meter) in high-temperature and high-pressure water and steam at 300-400\u2103. It has good compatibility with nuclear fuel. Therefore, it can be used as a core structural material (fuel clad, pressure tube, bracket and pore tube) for water-cooled nuclear reactors. This is the main use of zirconium alloy.<\/span><\/p>\n<p><span>Zirkonium weist eine ausgezeichnete Korrosionsbest\u00e4ndigkeit gegen\u00fcber einer Vielzahl von S\u00e4uren (wie Salzs\u00e4ure, Salpeters\u00e4ure, Schwefels\u00e4ure und Essigs\u00e4ure), Laugen und Salzen auf, so dass Zirkoniumlegierungen auch zur Herstellung korrosionsbest\u00e4ndiger Komponenten und pharmazeutischer Ger\u00e4te verwendet werden. Da Zirkonium eine starke Affinit\u00e4t zu Gasen wie Sauerstoff und Stickstoff hat, werden Zirkoniumlegierungen auch h\u00e4ufig als nicht verdampfende Gasentgasungsmittel in der Elektrovakuum- und Gl\u00fchlampenindustrie verwendet. Zirkonium hat hervorragende Leuchteigenschaften, was es auch zu einem Material f\u00fcr Blitzlichter und Feuerwerke macht.<\/span><\/p>\n<p><span>Zirkonium und Zirkoniumlegierungen haben eine gute Plastizit\u00e4t und k\u00f6nnen zu Rohren, Platten, St\u00e4ben und Dr\u00e4hten verarbeitet werden, von denen Rohre die wichtigsten Produkte sind. Die Verarbeitungstechnologie von Zirkonium und Zirkoniumlegierungen h\u00e4ngt von den grundlegenden Eigenschaften von Zirkonium und den besonderen Anforderungen von Kernreaktoren an Zirkoniumkomponenten ab. Die grundlegenden Eigenschaften von Zirkonium sind: es wird leicht durch Sauerstoff, Stickstoff, Wasserstoff usw. verunreinigt, klebt leicht an der Form und weist eine homogene und heterokristalline Umwandlung auf.<\/span><\/p>\n<p><span>Zirkonium und Zirkoniumlegierungen haben gute Schwei\u00dfeigenschaften. Zu den g\u00e4ngigen Schwei\u00dfverfahren geh\u00f6ren das Wolfram-Elektroden-Argon-Lichtbogenschwei\u00dfen und das Elektronenstrahlschwei\u00dfen. D\u00fcnnwandige Rohre mit gro\u00dfem Durchmesser werden in der Regel durch Schwei\u00dfen hergestellt. Sp\u00e4ne aus Zirkoniumpulver sind brennbar, daher ist beim Schleifen und Schneiden von Zirkoniumprodukten Vorsicht geboten.<\/span><\/p>\n<p><span>Zirkoniumlegierungen sind korrosionsbest\u00e4ndig und biokompatibel, so dass sie f\u00fcr die Implantation in den K\u00f6rper verwendet werden k\u00f6nnen. In der Medizin k\u00f6nnen aus der Legierung Zr-2,5Nb Knie- oder H\u00fcftimplantate hergestellt werden. Diese Zirkoniumlegierung verringert die Reibung und erh\u00f6ht die Verschlei\u00dffestigkeit, wobei die Gesamtleistung (Herstellbarkeit, Bruchz\u00e4higkeit und Duktilit\u00e4t) erhalten bleibt, was eine gute L\u00f6sung f\u00fcr medizinische Implantate darstellt.<\/span><\/p>\n<p><span>Die Anforderungen von Kernreaktoren an Zirkoniumkomponenten sind hohe Ma\u00dfgenauigkeit, strenge Anforderungen an die Mikrostruktur und stabile Leistung. Die am weitesten verbreiteten Hauptverfahren der Verarbeitung nahtloser Zirkoniumrohre sind: Vorbereitung der Verbrauchselektroden, Schmelzguss, Schmieden, Warmflie\u00dfpressen (Rohrrohling), Kaltbearbeitung und Endbearbeitung.<\/span><\/p>","protected":false},"excerpt":{"rendered":"<p>Brand: ZR60702, ZR60704, ZR60705, ZR1, ZR2 Production specifications: \u03a60.1-\u03a68.0mm Standard: ASTM B550, GB\/T8769-2010 Variety: straight wire, disc wire State: annealed [&hellip;]<\/p>","protected":false},"featured_media":551,"template":"","meta":{"site-sidebar-layout":"default","site-content-layout":"","ast-site-content-layout":"default","site-content-style":"default","site-sidebar-style":"default","ast-global-header-display":"","ast-banner-title-visibility":"","ast-main-header-display":"","ast-hfb-above-header-display":"","ast-hfb-below-header-display":"","ast-hfb-mobile-header-display":"","site-post-title":"","ast-breadcrumbs-content":"","ast-featured-img":"","footer-sml-layout":"","theme-transparent-header-meta":"default","adv-header-id-meta":"","stick-header-meta":"","header-above-stick-meta":"","header-main-stick-meta":"","header-below-stick-meta":"","astra-migrate-meta-layouts":"set","ast-page-background-enabled":"default","ast-page-background-meta":{"desktop":{"background-color":"var(--ast-global-color-5)","background-image":"","background-repeat":"repeat","background-position":"center center","background-size":"auto","background-attachment":"scroll","background-type":"","background-media":"","overlay-type":"","overlay-color":"","overlay-opacity":"","overlay-gradient":""},"tablet":{"background-color":"","background-image":"","background-repeat":"repeat","background-position":"center center","background-size":"auto","background-attachment":"scroll","background-type":"","background-media":"","overlay-type":"","overlay-color":"","overlay-opacity":"","overlay-gradient":""},"mobile":{"background-color":"","background-image":"","background-repeat":"repeat","background-position":"center center","background-size":"auto","background-attachment":"scroll","background-type":"","background-media":"","overlay-type":"","overlay-color":"","overlay-opacity":"","overlay-gradient":""}},"ast-content-background-meta":{"desktop":{"background-color":"var(--ast-global-color-4)","background-image":"","background-repeat":"repeat","background-position":"center center","background-size":"auto","background-attachment":"scroll","background-type":"","background-media":"","overlay-type":"","overlay-color":"","overlay-opacity":"","overlay-gradient":""},"tablet":{"background-color":"var(--ast-global-color-4)","background-image":"","background-repeat":"repeat","background-position":"center center","background-size":"auto","background-attachment":"scroll","background-type":"","background-media":"","overlay-type":"","overlay-color":"","overlay-opacity":"","overlay-gradient":""},"mobile":{"background-color":"var(--ast-global-color-4)","background-image":"","background-repeat":"repeat","background-position":"center center","background-size":"auto","background-attachment":"scroll","background-type":"","background-media":"","overlay-type":"","overlay-color":"","overlay-opacity":"","overlay-gradient":""}}},"product_brand":[],"product_cat":[31],"product_tag":[],"class_list":{"0":"post-550","1":"product","2":"type-product","3":"status-publish","4":"has-post-thumbnail","6":"product_cat-tantalum-niobium-zirconium-nickel","7":"desktop-align-left","8":"tablet-align-left","9":"mobile-align-left","11":"first","12":"instock","13":"shipping-taxable","14":"product-type-simple"},"_links":{"self":[{"href":"https:\/\/www.dura-alloy.com\/de\/wp-json\/wp\/v2\/product\/550","targetHints":{"allow":["GET"]}}],"collection":[{"href":"https:\/\/www.dura-alloy.com\/de\/wp-json\/wp\/v2\/product"}],"about":[{"href":"https:\/\/www.dura-alloy.com\/de\/wp-json\/wp\/v2\/types\/product"}],"version-history":[{"count":0,"href":"https:\/\/www.dura-alloy.com\/de\/wp-json\/wp\/v2\/product\/550\/revisions"}],"wp:featuredmedia":[{"embeddable":true,"href":"https:\/\/www.dura-alloy.com\/de\/wp-json\/wp\/v2\/media\/551"}],"wp:attachment":[{"href":"https:\/\/www.dura-alloy.com\/de\/wp-json\/wp\/v2\/media?parent=550"}],"wp:term":[{"taxonomy":"product_brand","embeddable":true,"href":"https:\/\/www.dura-alloy.com\/de\/wp-json\/wp\/v2\/product_brand?post=550"},{"taxonomy":"product_cat","embeddable":true,"href":"https:\/\/www.dura-alloy.com\/de\/wp-json\/wp\/v2\/product_cat?post=550"},{"taxonomy":"product_tag","embeddable":true,"href":"https:\/\/www.dura-alloy.com\/de\/wp-json\/wp\/v2\/product_tag?post=550"}],"curies":[{"name":"wp","href":"https:\/\/api.w.org\/{rel}","templated":true}]}}