{"id":546,"date":"2025-06-16T08:04:03","date_gmt":"2025-06-16T08:04:03","guid":{"rendered":"https:\/\/dura-alloy.com\/?post_type=product&#038;p=546"},"modified":"2025-06-16T08:04:03","modified_gmt":"2025-06-16T08:04:03","slug":"c4-nitric-acid-resistant-stainless-steel","status":"publish","type":"product","link":"https:\/\/www.dura-alloy.com\/de\/produkt\/c4-nitric-acid-resistant-stainless-steel\/","title":{"rendered":"C4 salpeters\u00e4urebest\u00e4ndiger rostfreier Stahl"},"content":{"rendered":"<p style=\"text-align: center;\"><strong><span>Das Leistungsspektrum unseres Unternehmens umfasst<\/span><\/strong><\/p>\n<p style=\"text-align: center;\"><strong><span>Nicht genormte Schmiedest\u00fccke, Rundstangen, Stahlplatten\/Stahlb\u00e4nder, Flanschrohre, nahtlose Rohre, Kapillaren, usw. Willkommen zu erkundigen!<\/span><\/strong><\/p>\n<p><strong><span>1.<\/span><\/strong><span>\u00a0Einf\u00fchrung in C4\u00a0<\/span><strong><span>Materialien<\/span><\/strong><\/p>\n<p><span>\u00a0 \u00a0 \u00a0 Die entsprechende Sorte des rostfreien C4-Stahls ist 00Cr14Ni14Si4, ein austenitischer rostfreier Stahl mit sehr niedrigem Kohlenstoffgehalt und hohem Siliziumgehalt, der sehr s\u00e4urebest\u00e4ndig ist und eine ausgezeichnete Korrosionsbest\u00e4ndigkeit in stark oxidierenden Medien aufweist, die der von allgemeinem rostfreiem Stahl (wie 304, 316L, 321, usw.) weit \u00fcberlegen ist. Im Vergleich zu hochreinem Ferrosilizium und hochreinem Aluminium ist seine Korrosionsbest\u00e4ndigkeit besser als die von hochreinem Aluminium und \u00e4hnlich wie die von hochreinem Ferrosilizium, aber seine mechanische Festigkeit und Bearbeitungsleistung sind nicht mit der von hochreinem Aluminium und hochreinem Ferrosilizium vergleichbar. Daher wird C4-Stahl derzeit als das Material mit der besten umfassenden Leistung unter den Medienmaterialien anerkannt, insbesondere bei konzentrierter Salpeters\u00e4ure.<\/span><\/p>\n<p><span>\u00a0 \u00a0 \u00a0 C4-Stahl wurde mit dem ersten Preis des Ministeriums f\u00fcr Wissenschaft und Technologie des Fortschritts in der R\u00fcstungsindustrie ausgezeichnet. Er \u00e4hnelt dem Uranuss Durcomet5, der ehemaligen Sowjetunion Zu654^, dem deutschen VEWA611, dem franz\u00f6sischen und anderen Uranuss. Im Jahr 1984 wurde es in die nationale Norm GB2100-80 aufgenommen, und sein Codename war 300.<\/span><\/p>\n<p><strong><span>2. Chemische Zusammensetzung von C4<\/span><\/strong><\/p>\n<table border=\"-\">\n<tbody>\n<tr>\n<td width=\"142\"><span>Legierung<\/span><\/td>\n<td width=\"72\">%<\/td>\n<td width=\"57\">C<\/td>\n<td width=\"57\"><span>Und<\/span><\/td>\n<td width=\"57\">Mn<\/td>\n<td width=\"57\">P<\/td>\n<td width=\"57\">S<\/td>\n<td width=\"57\"><span>Unter<\/span><\/td>\n<td width=\"57\">Cr<\/td>\n<\/tr>\n<tr>\n<td rowspan=\"2\" width=\"142\">C4\uff0800Cr14Ni14Si4\uff09<\/td>\n<td width=\"72\"><span>Minimaler Wert<\/span><\/td>\n<td width=\"57\">-<\/td>\n<td width=\"57\">3.0<\/td>\n<td width=\"57\"><span>-<\/span><\/td>\n<td width=\"57\"><span>-<\/span><\/td>\n<td width=\"57\"><span>-<\/span><\/td>\n<td width=\"57\">13.0<\/td>\n<td width=\"57\"><span>13.0<\/span><\/td>\n<\/tr>\n<tr>\n<td width=\"72\"><span>Maximaler Wert<\/span><\/td>\n<td width=\"57\">0.03<\/td>\n<td width=\"57\">5.0<\/td>\n<td width=\"57\">1.0<\/td>\n<td width=\"57\">0.035<\/td>\n<td width=\"57\">0.030<\/td>\n<td width=\"57\">15.0<\/td>\n<td width=\"57\"><span>15.0<\/span><\/td>\n<\/tr>\n<\/tbody>\n<\/table>\n<p><strong><span>3.<\/span><\/strong><span>\u00a0C4\u00a0<\/span><strong><span>Materialeigenschaften<\/span><\/strong><\/p>\n<p><span>\u00a0 \u00a0 \u00a0 C4 (00Cr14Ni14Si4) ist ein rostfreier Stahl mit hohem Siliziumgehalt und sehr niedrigem Kohlenstoffgehalt, der ideal gegen Salpeters\u00e4ure ist. Er eignet sich besonders f\u00fcr den Einsatz in konzentrierten Salpeters\u00e4uremedien und ist auch best\u00e4ndig gegen die Korrosion verschiedener konzentrierter Salpeters\u00e4ure-Mischs\u00e4uren. Er hat hervorragende mechanische Eigenschaften und Verarbeitungseigenschaften von austenitischem Edelstahl, gute Schwei\u00dfbarkeit, kein Vorw\u00e4rmen vor dem Schwei\u00dfen, und seine Schwei\u00dfverbindungen haben vergleichbare mechanische Eigenschaften und Korrosionsbest\u00e4ndigkeit wie das Grundmaterial.<\/span><\/p>\n<p><span>\u00a0 \u00a0 \u00a0 C4 W\u00e4rmebehandlung: Das Gussteil wird auf 1050\u2103 erhitzt, dann in Wasser erhitzt und abgek\u00fchlt, und dann feste L\u00f6sung Behandlung durchgef\u00fchrt wird, um die beste Korrosionsbest\u00e4ndigkeit zu erhalten.<\/span><br \/>\n<span>Schwei\u00dfen: Es hat eine gute Schwei\u00dfleistung. Manuelles Lichtbogenschwei\u00dfen wird mit Ao 0,12 Silizium Schwei\u00dfdraht verwendet. Die Gussteile sollten nach dem Schwei\u00dfen einer festen L\u00f6sung unterzogen werden.<\/span><br \/>\n<span>Korrosionsbest\u00e4ndigkeit: C4-Stahl ist ein stark oxidierendes Material. Er kann der vollen Konzentration von Salpeters\u00e4ure bei Raumtemperatur widerstehen. Er weist auch eine ausgezeichnete Korrosionsbest\u00e4ndigkeit in Chroms\u00e4ure auf und ist auch in anderen Korrosionsmedien besser als rostfreier Stahl vom Typ 18-8.<\/span><\/p>\n<p><strong><span>C4\u00a0<\/span><\/strong><strong><span>Stahl hat die folgenden Vorteile:<\/span><\/strong><\/p>\n<ul>\n<li><span>\u00a0 \u00a0 \u00a0 Nach dem Schwei\u00dfen gibt es keine Schneidekorrosion, und es hat eine gute Korrosionsbest\u00e4ndigkeit bei kleinen L\u00f6chern und eine ausgezeichnete Spannungskorrosionsbest\u00e4ndigkeit;<\/span><\/li>\n<li><span>\u00a0 \u00a0 \u00a0 C4-Stahl-Kunststoff hat eine gute Z\u00e4higkeit, was die Sicherheit und Zuverl\u00e4ssigkeit erh\u00f6ht und die Gefahr eines industriellen Reintitanbrandes und einer Explosion in ger\u00e4ucherter Salpeters\u00e4ure vermeidet;<\/span><\/li>\n<li><span>\u00a0 \u00a0 \u00a0 C4-Stahl ist der Korrosionsbest\u00e4ndigkeit von hochreinem Aluminium weit \u00fcberlegen und hat mechanische Eigenschaften, die mit Gusseisen mit hohem Siliziumgehalt nicht erreicht werden k\u00f6nnen. Seine Schwei\u00dfverbindungen weisen mechanische Eigenschaften und Korrosionsbest\u00e4ndigkeit auf, die mit denen des Grundmaterials vergleichbar sind.<\/span><\/li>\n<\/ul>\n<p><strong>\u00a0<\/strong><strong><span>4. C4-Anwendungsbereiche<\/span><\/strong><\/p>\n<ol>\n<li><span>C4-Stahl wird in der Ausr\u00fcstung f\u00fcr die Konzentrierung von Salpeters\u00e4ure nach der indirekten Methode (Magnesiumnitratmethode) mit sehr guten Ergebnissen verwendet.<\/span><\/li>\n<li><span>C4 ist ein Stahlwerkstoff: 00Cr14Ni14Si4 austenitischer, rostfreier Stahl mit sehr niedrigem Kohlenstoffgehalt und hervorragender Best\u00e4ndigkeit gegen interkristalline und Spannungskorrosion<\/span><\/li>\n<\/ol>","protected":false},"excerpt":{"rendered":"<p>Our company&#8217;s scope of supply includes Non-standard forgings, round rods, steel plates\/steel belts, flange pipe fittings, seamless pipes, capillaries, etc. [&hellip;]<\/p>","protected":false},"featured_media":547,"template":"","meta":{"site-sidebar-layout":"default","site-content-layout":"","ast-site-content-layout":"default","site-content-style":"default","site-sidebar-style":"default","ast-global-header-display":"","ast-banner-title-visibility":"","ast-main-header-display":"","ast-hfb-above-header-display":"","ast-hfb-below-header-display":"","ast-hfb-mobile-header-display":"","site-post-title":"","ast-breadcrumbs-content":"","ast-featured-img":"","footer-sml-layout":"","theme-transparent-header-meta":"default","adv-header-id-meta":"","stick-header-meta":"","header-above-stick-meta":"","header-main-stick-meta":"","header-below-stick-meta":"","astra-migrate-meta-layouts":"set","ast-page-background-enabled":"default","ast-page-background-meta":{"desktop":{"background-color":"var(--ast-global-color-5)","background-image":"","background-repeat":"repeat","background-position":"center center","background-size":"auto","background-attachment":"scroll","background-type":"","background-media":"","overlay-type":"","overlay-color":"","overlay-opacity":"","overlay-gradient":""},"tablet":{"background-color":"","background-image":"","background-repeat":"repeat","background-position":"center center","background-size":"auto","background-attachment":"scroll","background-type":"","background-media":"","overlay-type":"","overlay-color":"","overlay-opacity":"","overlay-gradient":""},"mobile":{"background-color":"","background-image":"","background-repeat":"repeat","background-position":"center center","background-size":"auto","background-attachment":"scroll","background-type":"","background-media":"","overlay-type":"","overlay-color":"","overlay-opacity":"","overlay-gradient":""}},"ast-content-background-meta":{"desktop":{"background-color":"var(--ast-global-color-4)","background-image":"","background-repeat":"repeat","background-position":"center center","background-size":"auto","background-attachment":"scroll","background-type":"","background-media":"","overlay-type":"","overlay-color":"","overlay-opacity":"","overlay-gradient":""},"tablet":{"background-color":"var(--ast-global-color-4)","background-image":"","background-repeat":"repeat","background-position":"center center","background-size":"auto","background-attachment":"scroll","background-type":"","background-media":"","overlay-type":"","overlay-color":"","overlay-opacity":"","overlay-gradient":""},"mobile":{"background-color":"var(--ast-global-color-4)","background-image":"","background-repeat":"repeat","background-position":"center center","background-size":"auto","background-attachment":"scroll","background-type":"","background-media":"","overlay-type":"","overlay-color":"","overlay-opacity":"","overlay-gradient":""}}},"product_brand":[],"product_cat":[30],"product_tag":[],"class_list":{"0":"post-546","1":"product","2":"type-product","3":"status-publish","4":"has-post-thumbnail","6":"product_cat-advanced-stainless-steel","7":"desktop-align-left","8":"tablet-align-left","9":"mobile-align-left","11":"first","12":"instock","13":"shipping-taxable","14":"product-type-simple"},"_links":{"self":[{"href":"https:\/\/www.dura-alloy.com\/de\/wp-json\/wp\/v2\/product\/546","targetHints":{"allow":["GET"]}}],"collection":[{"href":"https:\/\/www.dura-alloy.com\/de\/wp-json\/wp\/v2\/product"}],"about":[{"href":"https:\/\/www.dura-alloy.com\/de\/wp-json\/wp\/v2\/types\/product"}],"version-history":[{"count":0,"href":"https:\/\/www.dura-alloy.com\/de\/wp-json\/wp\/v2\/product\/546\/revisions"}],"wp:featuredmedia":[{"embeddable":true,"href":"https:\/\/www.dura-alloy.com\/de\/wp-json\/wp\/v2\/media\/547"}],"wp:attachment":[{"href":"https:\/\/www.dura-alloy.com\/de\/wp-json\/wp\/v2\/media?parent=546"}],"wp:term":[{"taxonomy":"product_brand","embeddable":true,"href":"https:\/\/www.dura-alloy.com\/de\/wp-json\/wp\/v2\/product_brand?post=546"},{"taxonomy":"product_cat","embeddable":true,"href":"https:\/\/www.dura-alloy.com\/de\/wp-json\/wp\/v2\/product_cat?post=546"},{"taxonomy":"product_tag","embeddable":true,"href":"https:\/\/www.dura-alloy.com\/de\/wp-json\/wp\/v2\/product_tag?post=546"}],"curies":[{"name":"wp","href":"https:\/\/api.w.org\/{rel}","templated":true}]}}