{"id":544,"date":"2025-06-16T08:00:08","date_gmt":"2025-06-16T08:00:08","guid":{"rendered":"https:\/\/dura-alloy.com\/?post_type=product&#038;p=544"},"modified":"2025-06-16T08:00:08","modified_gmt":"2025-06-16T08:00:08","slug":"n08367","status":"publish","type":"product","link":"https:\/\/www.dura-alloy.com\/de\/produkt\/n08367\/","title":{"rendered":"N08367"},"content":{"rendered":"<p style=\"text-align: center;\"><strong><span>Das Leistungsspektrum unseres Unternehmens umfasst<\/span><\/strong><\/p>\n<p style=\"text-align: center;\"><strong><span>Nicht genormte Schmiedest\u00fccke, Rundstangen, Stahlplatten\/Stahlb\u00e4nder, Flanschrohre, nahtlose Rohre, Kapillaren, usw. Willkommen zu erkundigen!<\/span><\/strong><\/p>\n<p><strong><span>1.\u00a0<\/span><\/strong><strong><span>Einf\u00fchrung in N08367 Materialien<\/span><\/strong><\/p>\n<p><strong><span>\u00a0 \u00a0 \u00a0 N08367<\/span><\/strong><span>\u00a0ist ein typischer rostfreier 6-Molybd\u00e4n-Stahl (hoher Molybd\u00e4ngehalt 6.3%) mit superaustenitischem Charakter. Seine Widerstandsf\u00e4higkeit gegen Chlorid-Lochfra\u00df, Spaltkorrosion und Spannungskorrosion ist besser als die von rostfreiem Stahl der Serie 3 und kosteng\u00fcnstiger als korrosionsbest\u00e4ndige Nickelbasislegierungen. Er weist eine gute Korrosionsbest\u00e4ndigkeit in verschiedenen schweren Korrosionsumgebungen auf und ist f\u00fcr w\u00e4ssrige L\u00f6sungen mit hohem Chloridgehalt und Chloridkorrosionsumgebungen geeignet. Seine umfassende Korrosionsbest\u00e4ndigkeit hat im Vergleich zu 316L einen gro\u00dfen Sprung gemacht. Gleichzeitig liegt seine Korrosionsbest\u00e4ndigkeit nahe an der anderer korrosionsbest\u00e4ndiger Nickelbasislegierungen wie C-276, aber seine Kosten sind g\u00fcnstiger. Einsatz in einer Vielzahl von Umgebungen mit hohem Chloridgehalt: Bleichmittel (Nano-Hypochlorit, Chlordioxid), Halogen und Chemikalien mit hohem Salz- oder Meerwassergehalt.<\/span><\/p>\n<p><strong><span>2. N08367\u00a0<\/span><\/strong><strong><span>chemische Zusammensetzung<\/span><\/strong><\/p>\n<table border=\"-\" width=\"1120\">\n<tbody>\n<tr>\n<td width=\"97\"><span>Legierung<\/span><\/td>\n<td width=\"64\">%<\/td>\n<td width=\"51\">C<\/td>\n<td width=\"51\"><span>Und<\/span><\/td>\n<td width=\"51\">Mn<\/td>\n<td width=\"51\">P<\/td>\n<td width=\"51\">S<\/td>\n<td width=\"51\"><span>Unter<\/span><\/td>\n<td width=\"51\">Cr<\/td>\n<td width=\"51\">Mo<\/td>\n<td width=\"51\">Cu<\/td>\n<td width=\"51\">N<\/td>\n<\/tr>\n<tr>\n<td rowspan=\"2\" width=\"97\"><strong><span>N08367<\/span><\/strong><\/td>\n<td width=\"64\"><span>Minimaler Wert<\/span><\/td>\n<td width=\"51\">-<\/td>\n<td width=\"51\"><span>-<\/span><\/td>\n<td width=\"51\"><span>-<\/span><\/td>\n<td width=\"51\"><span>-<\/span><\/td>\n<td width=\"51\"><span>-<\/span><\/td>\n<td width=\"51\">23.5<\/td>\n<td width=\"51\">20.0<\/td>\n<td width=\"51\">6.0<\/td>\n<td width=\"51\"><span>-<\/span><\/td>\n<td width=\"51\">0.18<\/td>\n<\/tr>\n<tr>\n<td width=\"64\"><span>Maximaler Wert<\/span><\/td>\n<td width=\"51\">0.03<\/td>\n<td width=\"51\">1.0<\/td>\n<td width=\"51\">2.0<\/td>\n<td width=\"51\">0.040<\/td>\n<td width=\"51\">0.030<\/td>\n<td width=\"51\">25.5<\/td>\n<td width=\"51\">22.0<\/td>\n<td width=\"51\">7.0<\/td>\n<td width=\"51\">0.75<\/td>\n<td width=\"51\">0.25<\/td>\n<\/tr>\n<\/tbody>\n<\/table>\n<p><strong>\u00a0<\/strong><strong><span>3. N08367\u00a0<\/span><\/strong><strong><span>physikalische Eigenschaften<\/span><\/strong><\/p>\n<table border=\"-\" width=\"720\">\n<tbody>\n<tr>\n<td colspan=\"2\" width=\"320\"><span>Spezifische W\u00e4rme (J\/kg-K)<\/span><\/td>\n<td width=\"93\">450<\/td>\n<\/tr>\n<tr>\n<td colspan=\"2\" width=\"320\"><span>Widerstandswert (\u03bc\u03a9-cm)<\/span><\/td>\n<td width=\"93\">94.4<\/td>\n<\/tr>\n<tr>\n<td rowspan=\"2\" width=\"197\"><span>W\u00e4rmeleitf\u00e4higkeit (W\/mK)<\/span><\/td>\n<td width=\"122\">20\u2103<\/td>\n<td width=\"93\">11.9<\/td>\n<\/tr>\n<tr>\n<td width=\"122\">100\u2103<\/td>\n<td width=\"93\">13.0<\/td>\n<\/tr>\n<tr>\n<td rowspan=\"4\" width=\"197\"><span>Durchschnittlicher W\u00e4rmeausdehnungskoeffizient (10-6\/\u2103)<\/span><\/td>\n<td width=\"122\">20-200\u2103<\/td>\n<td width=\"93\">15.3<\/td>\n<\/tr>\n<tr>\n<td width=\"122\">20-300\u2103<\/td>\n<td width=\"93\">15.6<\/td>\n<\/tr>\n<tr>\n<td width=\"122\">20-400\u2103<\/td>\n<td width=\"93\">15.9<\/td>\n<\/tr>\n<tr>\n<td width=\"122\">20-500\u2103<\/td>\n<td width=\"93\">16.2<\/td>\n<\/tr>\n<tr>\n<td colspan=\"2\" width=\"320\"><span>Elastizit\u00e4tsmodul in L\u00e4ngsrichtung (MPa)<\/span><\/td>\n<td width=\"93\">19.8 x 104<\/td>\n<\/tr>\n<tr>\n<td colspan=\"2\" width=\"320\"><span>Dichte<\/span><\/td>\n<td width=\"93\">8.24<\/td>\n<\/tr>\n<tr>\n<td colspan=\"2\" width=\"320\"><span>Schmelzpunkt (\u2103)<\/span><\/td>\n<td width=\"93\">1360-1394<\/td>\n<\/tr>\n<\/tbody>\n<\/table>\n<p><strong>\u00a0<\/strong><strong><span>\u00a0 \u00a0 \u00a0 N08367\u00a0<\/span><\/strong><strong><span>W\u00e4rmebehandlung<\/span><\/strong><\/p>\n<p><span>\u00a0 \u00a0 \u00a0 Diese Legierung ist ein austenitischer rostfreier Stahl, und die W\u00e4rmebehandlung kann die gleiche sein wie bei austenitischem rostfreiem Standardstahl. Die \u00fcblicherweise verwendeten W\u00e4rmebehandlungsbedingungen sind wie folgt.<\/span><\/p>\n<p><span>\u00a0 \u00a0 \u00a0 Behandlung von festen L\u00f6sungen 1125~1175\u2103 Wasserk\u00fchlung<\/span><\/p>\n<p><strong><span>\u00a0 \u00a0 \u00a0 N08367\u00a0<\/span><\/strong><strong><span>Beizen<\/span><\/strong><\/p>\n<p><span>\u00a0 \u00a0 \u00a0 Verwenden Sie zum Beizen eine Mischung aus Salpeters\u00e4ure und Flusss\u00e4ure. Aufgrund seiner h\u00f6heren Korrosionsbest\u00e4ndigkeit als bei SUS 304 ist der Zunder etwas schwieriger zu entfernen. Daher ist es effektiver, vor dem Beizen eine kurze Zeit lang alkalisch zu impr\u00e4gnieren oder, wenn m\u00f6glich, kugelzustrahlen.<\/span><\/p>\n<p><strong><span>IV. N08367\u00a0<\/span><\/strong><strong><span>Anwendungsbereiche<\/span><\/strong><\/p>\n<ol>\n<li><span>Meerwasserumgebung: Meerwasserentsalzungsanlage, Meerwasserw\u00e4rmetauscher, Kondensatorrohr usw.<\/span><\/li>\n<li><span>Umgebung mit hoher Chloridionenkonzentration: Rauchgasentschwefelungsanlage, Zellstoff- und Papierindustrie, verschiedene Bleichanlagen usw.<\/span><\/li>\n<li><span>Umgebung mit hoher Salzkonzentration: Anlagen zur Herstellung von Harzen, Beh\u00e4lter und Leitungen f\u00fcr chemische Reaktionen usw.<\/span><\/li>\n<li><span>Rauchgasentschwefelungsanlagen (REA), Roh\u00f6l-Destillationst\u00fcrme und F\u00fcllk\u00f6rper f\u00fcr Lagertanks und Druckwalzen, W\u00e4rmekraftwerke, Stahlwerke und petrochemische Unternehmen,<\/span><\/li>\n<li><span>Pharmazeutische Ausr\u00fcstung, Lebensmittelmaschinenausr\u00fcstung<\/span><\/li>\n<\/ol>","protected":false},"excerpt":{"rendered":"<p>Our company&#8217;s scope of supply includes Non-standard forgings, round rods, steel plates\/steel belts, flange pipe fittings, seamless pipes, capillaries, etc. [&hellip;]<\/p>","protected":false},"featured_media":545,"template":"","meta":{"site-sidebar-layout":"default","site-content-layout":"","ast-site-content-layout":"default","site-content-style":"default","site-sidebar-style":"default","ast-global-header-display":"","ast-banner-title-visibility":"","ast-main-header-display":"","ast-hfb-above-header-display":"","ast-hfb-below-header-display":"","ast-hfb-mobile-header-display":"","site-post-title":"","ast-breadcrumbs-content":"","ast-featured-img":"","footer-sml-layout":"","theme-transparent-header-meta":"default","adv-header-id-meta":"","stick-header-meta":"","header-above-stick-meta":"","header-main-stick-meta":"","header-below-stick-meta":"","astra-migrate-meta-layouts":"set","ast-page-background-enabled":"default","ast-page-background-meta":{"desktop":{"background-color":"var(--ast-global-color-5)","background-image":"","background-repeat":"repeat","background-position":"center center","background-size":"auto","background-attachment":"scroll","background-type":"","background-media":"","overlay-type":"","overlay-color":"","overlay-opacity":"","overlay-gradient":""},"tablet":{"background-color":"","background-image":"","background-repeat":"repeat","background-position":"center center","background-size":"auto","background-attachment":"scroll","background-type":"","background-media":"","overlay-type":"","overlay-color":"","overlay-opacity":"","overlay-gradient":""},"mobile":{"background-color":"","background-image":"","background-repeat":"repeat","background-position":"center center","background-size":"auto","background-attachment":"scroll","background-type":"","background-media":"","overlay-type":"","overlay-color":"","overlay-opacity":"","overlay-gradient":""}},"ast-content-background-meta":{"desktop":{"background-color":"var(--ast-global-color-4)","background-image":"","background-repeat":"repeat","background-position":"center center","background-size":"auto","background-attachment":"scroll","background-type":"","background-media":"","overlay-type":"","overlay-color":"","overlay-opacity":"","overlay-gradient":""},"tablet":{"background-color":"var(--ast-global-color-4)","background-image":"","background-repeat":"repeat","background-position":"center center","background-size":"auto","background-attachment":"scroll","background-type":"","background-media":"","overlay-type":"","overlay-color":"","overlay-opacity":"","overlay-gradient":""},"mobile":{"background-color":"var(--ast-global-color-4)","background-image":"","background-repeat":"repeat","background-position":"center center","background-size":"auto","background-attachment":"scroll","background-type":"","background-media":"","overlay-type":"","overlay-color":"","overlay-opacity":"","overlay-gradient":""}}},"product_brand":[],"product_cat":[30],"product_tag":[],"class_list":{"0":"post-544","1":"product","2":"type-product","3":"status-publish","4":"has-post-thumbnail","6":"product_cat-advanced-stainless-steel","7":"desktop-align-left","8":"tablet-align-left","9":"mobile-align-left","11":"first","12":"instock","13":"shipping-taxable","14":"product-type-simple"},"_links":{"self":[{"href":"https:\/\/www.dura-alloy.com\/de\/wp-json\/wp\/v2\/product\/544","targetHints":{"allow":["GET"]}}],"collection":[{"href":"https:\/\/www.dura-alloy.com\/de\/wp-json\/wp\/v2\/product"}],"about":[{"href":"https:\/\/www.dura-alloy.com\/de\/wp-json\/wp\/v2\/types\/product"}],"version-history":[{"count":0,"href":"https:\/\/www.dura-alloy.com\/de\/wp-json\/wp\/v2\/product\/544\/revisions"}],"wp:featuredmedia":[{"embeddable":true,"href":"https:\/\/www.dura-alloy.com\/de\/wp-json\/wp\/v2\/media\/545"}],"wp:attachment":[{"href":"https:\/\/www.dura-alloy.com\/de\/wp-json\/wp\/v2\/media?parent=544"}],"wp:term":[{"taxonomy":"product_brand","embeddable":true,"href":"https:\/\/www.dura-alloy.com\/de\/wp-json\/wp\/v2\/product_brand?post=544"},{"taxonomy":"product_cat","embeddable":true,"href":"https:\/\/www.dura-alloy.com\/de\/wp-json\/wp\/v2\/product_cat?post=544"},{"taxonomy":"product_tag","embeddable":true,"href":"https:\/\/www.dura-alloy.com\/de\/wp-json\/wp\/v2\/product_tag?post=544"}],"curies":[{"name":"wp","href":"https:\/\/api.w.org\/{rel}","templated":true}]}}