{"id":540,"date":"2025-06-16T07:56:59","date_gmt":"2025-06-16T07:56:59","guid":{"rendered":"https:\/\/dura-alloy.com\/?post_type=product&#038;p=540"},"modified":"2025-06-16T07:57:00","modified_gmt":"2025-06-16T07:57:00","slug":"xm-19","status":"publish","type":"product","link":"https:\/\/www.dura-alloy.com\/de\/produkt\/xm-19\/","title":{"rendered":"XM-19"},"content":{"rendered":"<p style=\"text-align: center;\"><strong><span>Das Leistungsspektrum unseres Unternehmens umfasst<\/span><\/strong><\/p>\n<p style=\"text-align: center;\"><strong><span>Nicht genormte Schmiedest\u00fccke, Rundstangen, Stahlplatten\/Stahlb\u00e4nder, Flanschrohre, nahtlose Rohre, Kapillaren, usw. Willkommen zu erkundigen!<\/span><\/strong><\/p>\n<p><strong><span>1.\u00a0<\/span><\/strong><strong><span>Introduction to XM-19 materials<\/span><\/strong><\/p>\n<p><strong><span>\u00a0 \u00a0 \u00a0 XM-19<\/span><\/strong><span>\u00a0is the first steel for high-wire ferritic stainless steel development. The brittle transition temperature is low, the corrosion resistance is good, the corrosion resistance is comparable to that of pure nickel, and it has good toughness, processing moldability and welding properties.<\/span><\/p>\n<p><strong><span>2.\u00a0<\/span><\/strong><strong><span>Chemical composition of XM-19<\/span><\/strong><\/p>\n<table border=\"-\">\n<tbody>\n<tr>\n<td width=\"66\"><span>Legierung<\/span><\/td>\n<td width=\"64\">%<\/td>\n<td width=\"51\"><span>Nickel<\/span><\/td>\n<td width=\"51\"><span>Chrom<\/span><\/td>\n<td width=\"51\"><span>Eisen<\/span><\/td>\n<td width=\"41\"><span>Kohlenstoff<\/span><\/td>\n<td width=\"51\"><span>Mangan<\/span><\/td>\n<td width=\"42\"><span>Silizium<\/span><\/td>\n<td width=\"51\"><span>Stickstoff<\/span><\/td>\n<td width=\"51\"><span>Molybd\u00e4n<\/span><\/td>\n<td width=\"51\"><span>niobium<\/span><\/td>\n<td width=\"51\"><span>Vanadium<\/span><\/td>\n<td width=\"43\"><span>Phosphor<\/span><\/td>\n<td width=\"38\"><span>Schwefel<\/span><\/td>\n<\/tr>\n<tr>\n<td rowspan=\"2\" width=\"66\"><span>XM-19<\/span><\/td>\n<td width=\"64\"><span>Minimaler Wert<\/span><\/td>\n<td width=\"51\">11.5<\/td>\n<td width=\"51\">20.5<\/td>\n<td width=\"51\">52.0<\/td>\n<td width=\"41\">&#8211;<\/td>\n<td width=\"51\">4.0<\/td>\n<td width=\"42\"><span>&#8211;<\/span><\/td>\n<td width=\"51\">0.2<\/td>\n<td width=\"51\">1.5<\/td>\n<td width=\"51\">0.1<\/td>\n<td width=\"51\"><span>0.1<\/span><\/td>\n<td width=\"43\"><span>&#8211;<\/span><\/td>\n<td width=\"38\"><span>&#8211;<\/span><\/td>\n<\/tr>\n<tr>\n<td width=\"64\"><span>Maximaler Wert<\/span><\/td>\n<td width=\"51\">13.5<\/td>\n<td width=\"51\">23.5<\/td>\n<td width=\"51\">62.0<\/td>\n<td width=\"41\">0.06<\/td>\n<td width=\"51\">6.0<\/td>\n<td width=\"42\">1.0<\/td>\n<td width=\"51\">0.4<\/td>\n<td width=\"51\">3.0<\/td>\n<td width=\"51\">0.3<\/td>\n<td width=\"51\"><span>0.3<\/span><\/td>\n<td width=\"43\">0.040<\/td>\n<td width=\"38\">0.030<\/td>\n<\/tr>\n<\/tbody>\n<\/table>\n<p><strong><span>3. XM-19\u00a0<\/span><\/strong><strong><span>physical performance<\/span><\/strong><\/p>\n<table border=\"-\">\n<tbody>\n<tr>\n<td width=\"114\"><span>Dichte<\/span><\/td>\n<td width=\"179\">7.8g\/cm3<\/td>\n<\/tr>\n<tr>\n<td width=\"114\"><span>Schmelzpunkt<\/span><\/td>\n<td width=\"179\">1415-1450\u00a0\u2103<\/td>\n<\/tr>\n<\/tbody>\n<\/table>\n<p><span>\u00a0 \u00a0 \u00a0 Mechanical properties of XM-19 alloy at room temperature:<\/span><\/p>\n<p>&nbsp;<\/p>\n<table border=\"-\">\n<tbody>\n<tr>\n<td width=\"83\"><span>Staat<\/span><\/td>\n<td width=\"105\"><span>Tensile strength Rm N\/mm2<\/span><\/td>\n<td width=\"105\"><span>Yield strength RP0.2 N\/mm2<\/span><\/td>\n<td width=\"98\"><span>Dehnung A5 %<\/span><\/td>\n<td width=\"138\"><span>Brinell-H\u00e4rte\u00a0\u00a0\u00a0\u00a0\u00a0\u00a0\u00a0\u00a0\u00a0\u00a0<\/span><\/p>\n<p>HB<\/td>\n<\/tr>\n<tr>\n<td width=\"83\"><span>Fester Schmelzzustand<\/span><\/td>\n<td width=\"105\">690<\/td>\n<td width=\"105\">380<\/td>\n<td width=\"98\">35<\/td>\n<td width=\"138\">\u2264241<\/td>\n<\/tr>\n<\/tbody>\n<\/table>\n<p>&nbsp;<\/p>\n<p><strong><span>4. XM-19\u00a0<\/span><\/strong><strong><span>Korrosionsbest\u00e4ndigkeit<\/span><\/strong><\/p>\n<ul>\n<li><span>The corrosion resistance is better than 316L and 317L stainless steel, and it can be exposed to offshore atmospheric environments for a long time. In quiet seawater environments, its corrosion resistance is slightly better than that of Monel 400 alloy.<\/span><\/li>\n<li><span>Double corrosion resistance of 304<\/span><\/li>\n<li><span>In a hot chloride environment, it will be affected by stress corrosion cracking, and its crack resistance is between 304 and 316.<\/span><\/li>\n<li><span>Excellent mechanical properties are maintained at high temperatures of 629\u2103.<\/span><\/li>\n<\/ul>\n<p><strong><span>V. XM-19\u00a0<\/span><\/strong><strong><span>Anwendungsbereiche<\/span><\/strong><\/p>\n<ul>\n<li><span>Meerwasserumgebung: Meerwasserentsalzungsanlage, Meerwasserw\u00e4rmetauscher, Kondensatorrohr usw.<\/span><\/li>\n<li><span>Umgebung mit hoher Chloridionenkonzentration: Rauchgasentschwefelungsanlage, Zellstoff- und Papierindustrie, verschiedene Bleichanlagen usw.<\/span><\/li>\n<li><span>Umgebung mit hoher Salzkonzentration: Anlagen zur Herstellung von Harzen, Beh\u00e4lter und Leitungen f\u00fcr chemische Reaktionen usw.<\/span><\/li>\n<li><span>Rauchgasentschwefelungsanlagen (REA), Roh\u00f6l-Destillationst\u00fcrme und F\u00fcllk\u00f6rper f\u00fcr Lagertanks und Druckwalzen, W\u00e4rmekraftwerke, Stahlwerke und petrochemische Unternehmen,<\/span><\/li>\n<li><span>Pharmazeutische Ausr\u00fcstung, Lebensmittelmaschinenausr\u00fcstung<\/span><\/li>\n<\/ul>","protected":false},"excerpt":{"rendered":"<p>Our company&#8217;s scope of supply includes Non-standard forgings, round rods, steel plates\/steel belts, flange pipe fittings, seamless pipes, capillaries, etc. [&hellip;]<\/p>","protected":false},"featured_media":541,"template":"","meta":{"site-sidebar-layout":"default","site-content-layout":"","ast-site-content-layout":"default","site-content-style":"default","site-sidebar-style":"default","ast-global-header-display":"","ast-banner-title-visibility":"","ast-main-header-display":"","ast-hfb-above-header-display":"","ast-hfb-below-header-display":"","ast-hfb-mobile-header-display":"","site-post-title":"","ast-breadcrumbs-content":"","ast-featured-img":"","footer-sml-layout":"","theme-transparent-header-meta":"default","adv-header-id-meta":"","stick-header-meta":"","header-above-stick-meta":"","header-main-stick-meta":"","header-below-stick-meta":"","astra-migrate-meta-layouts":"set","ast-page-background-enabled":"default","ast-page-background-meta":{"desktop":{"background-color":"var(--ast-global-color-5)","background-image":"","background-repeat":"repeat","background-position":"center center","background-size":"auto","background-attachment":"scroll","background-type":"","background-media":"","overlay-type":"","overlay-color":"","overlay-opacity":"","overlay-gradient":""},"tablet":{"background-color":"","background-image":"","background-repeat":"repeat","background-position":"center center","background-size":"auto","background-attachment":"scroll","background-type":"","background-media":"","overlay-type":"","overlay-color":"","overlay-opacity":"","overlay-gradient":""},"mobile":{"background-color":"","background-image":"","background-repeat":"repeat","background-position":"center center","background-size":"auto","background-attachment":"scroll","background-type":"","background-media":"","overlay-type":"","overlay-color":"","overlay-opacity":"","overlay-gradient":""}},"ast-content-background-meta":{"desktop":{"background-color":"var(--ast-global-color-4)","background-image":"","background-repeat":"repeat","background-position":"center center","background-size":"auto","background-attachment":"scroll","background-type":"","background-media":"","overlay-type":"","overlay-color":"","overlay-opacity":"","overlay-gradient":""},"tablet":{"background-color":"var(--ast-global-color-4)","background-image":"","background-repeat":"repeat","background-position":"center center","background-size":"auto","background-attachment":"scroll","background-type":"","background-media":"","overlay-type":"","overlay-color":"","overlay-opacity":"","overlay-gradient":""},"mobile":{"background-color":"var(--ast-global-color-4)","background-image":"","background-repeat":"repeat","background-position":"center center","background-size":"auto","background-attachment":"scroll","background-type":"","background-media":"","overlay-type":"","overlay-color":"","overlay-opacity":"","overlay-gradient":""}}},"product_brand":[],"product_cat":[30],"product_tag":[],"class_list":{"0":"post-540","1":"product","2":"type-product","3":"status-publish","4":"has-post-thumbnail","6":"product_cat-advanced-stainless-steel","7":"desktop-align-left","8":"tablet-align-left","9":"mobile-align-left","11":"first","12":"instock","13":"shipping-taxable","14":"product-type-simple"},"_links":{"self":[{"href":"https:\/\/www.dura-alloy.com\/de\/wp-json\/wp\/v2\/product\/540","targetHints":{"allow":["GET"]}}],"collection":[{"href":"https:\/\/www.dura-alloy.com\/de\/wp-json\/wp\/v2\/product"}],"about":[{"href":"https:\/\/www.dura-alloy.com\/de\/wp-json\/wp\/v2\/types\/product"}],"version-history":[{"count":0,"href":"https:\/\/www.dura-alloy.com\/de\/wp-json\/wp\/v2\/product\/540\/revisions"}],"wp:featuredmedia":[{"embeddable":true,"href":"https:\/\/www.dura-alloy.com\/de\/wp-json\/wp\/v2\/media\/541"}],"wp:attachment":[{"href":"https:\/\/www.dura-alloy.com\/de\/wp-json\/wp\/v2\/media?parent=540"}],"wp:term":[{"taxonomy":"product_brand","embeddable":true,"href":"https:\/\/www.dura-alloy.com\/de\/wp-json\/wp\/v2\/product_brand?post=540"},{"taxonomy":"product_cat","embeddable":true,"href":"https:\/\/www.dura-alloy.com\/de\/wp-json\/wp\/v2\/product_cat?post=540"},{"taxonomy":"product_tag","embeddable":true,"href":"https:\/\/www.dura-alloy.com\/de\/wp-json\/wp\/v2\/product_tag?post=540"}],"curies":[{"name":"wp","href":"https:\/\/api.w.org\/{rel}","templated":true}]}}