{"id":535,"date":"2025-06-16T07:52:15","date_gmt":"2025-06-16T07:52:15","guid":{"rendered":"https:\/\/dura-alloy.com\/?post_type=product&#038;p=535"},"modified":"2025-06-16T07:52:15","modified_gmt":"2025-06-16T07:52:15","slug":"253ma","status":"publish","type":"product","link":"https:\/\/www.dura-alloy.com\/de\/produkt\/253ma\/","title":{"rendered":"253MA"},"content":{"rendered":"<p style=\"text-align: center;\"><strong><span>Das Leistungsspektrum unseres Unternehmens umfasst<\/span><\/strong><\/p>\n<p style=\"text-align: center;\"><strong><span>Nicht genormte Schmiedest\u00fccke, Rundstangen, Stahlplatten\/Stahlb\u00e4nder, Flanschrohre, nahtlose Rohre, Kapillaren, usw. Willkommen zu erkundigen!<\/span><\/strong><\/p>\n<p><strong><span>1. Einf\u00fchrung in 253MA Materialien<\/span><\/strong><\/p>\n<p><span>\u00a0 \u00a0 \u00a0 253MA ist ein hitzebest\u00e4ndiger austenitischer Edelstahl f\u00fcr Anwendungen, die eine hohe Kriechfestigkeit und gute Korrosionsbest\u00e4ndigkeit erfordern.<\/span><\/p>\n<p><span>\u00a0 \u00a0 \u00a0 Die chemische Zusammensetzung von 253MA ist ausgewogen, so dass der Stahl die am besten geeignete umfassende Leistung im Temperaturbereich von 850\u2103-1100\u2103, eine extrem hohe Oxidationsbest\u00e4ndigkeit und eine Oxidationstemperatur von bis zu 1150\u2103, eine extrem hohe Kriechbest\u00e4ndigkeit und Kriechbruchfestigkeit, eine gute Korrosionsbest\u00e4ndigkeit bei hohen Temperaturen und eine ausgewogene Best\u00e4ndigkeit gegen B\u00fcrstenkorrosion in den meisten Gasmedien, eine hohe Streckgrenze und Zugfestigkeit bei hohen Temperaturen, eine gute Formbarkeit und Schwei\u00dfbarkeit sowie eine ausreichende Bearbeitbarkeit aufweist.<\/span><\/p>\n<p><span>\u00a0 \u00a0 \u00a0 Neben den Legierungselementen Chrom und Nickel enth\u00e4lt der nichtrostende Stahl 253MA auch eine geringe Menge an Seltenen Erden (REM), was seine Oxidationsbest\u00e4ndigkeit deutlich verbessert. Stickstoff wurde hinzugef\u00fcgt, um die Kriecheigenschaften zu verbessern und diesen Stahl vollst\u00e4ndig austenitisch zu machen. Obwohl der Chrom- und Nickelgehalt relativ gering ist, weist dieser nichtrostende Stahl in vielen F\u00e4llen die gleichen Hochtemperatureigenschaften auf wie hochlegierte St\u00e4hle und Nickelbasislegierungen.<\/span><\/p>\n<p>&nbsp;<\/p>\n<p><strong><span>2. 253MA chemische Zusammensetzung<\/span><\/strong><\/p>\n<table border=\"-\" width=\"1120\">\n<tbody>\n<tr>\n<td width=\"97\"><span>Legierung<\/span><\/td>\n<td width=\"64\">%<\/td>\n<td width=\"51\"><span>Chrom Cr<\/span><\/td>\n<td width=\"51\"><span>Kohlenstoff C<\/span><\/td>\n<td width=\"51\"><span>Silizium Si<\/span><\/td>\n<td width=\"51\"><span>Schwefel S<\/span><\/td>\n<td width=\"51\"><span>Ni<\/span><\/td>\n<td width=\"51\"><span>Stickstoff N<\/span><\/td>\n<td width=\"51\"><span>\u94c8 Was<\/span><\/td>\n<\/tr>\n<tr>\n<td rowspan=\"2\" width=\"97\"><span>253ma<\/span><\/td>\n<td width=\"64\"><span>Minimaler Wert<\/span><\/td>\n<td width=\"51\">20.0<\/td>\n<td width=\"51\">0.05<\/td>\n<td width=\"51\">1.40<\/td>\n<td width=\"51\">&#8211;<\/td>\n<td width=\"51\">10.0<\/td>\n<td width=\"51\">0.14<\/td>\n<td width=\"51\">0.03<\/td>\n<\/tr>\n<tr>\n<td width=\"64\"><span>Maximaler Wert<\/span><\/td>\n<td width=\"51\">22.0<\/td>\n<td width=\"51\">0.10<\/td>\n<td width=\"51\">2.00<\/td>\n<td width=\"51\">0..030<\/td>\n<td width=\"51\">12.0<\/td>\n<td width=\"51\">0.20<\/td>\n<td width=\"51\">0.08<\/td>\n<\/tr>\n<\/tbody>\n<\/table>\n<p><strong><span>3. 253MA Korrosionsbest\u00e4ndigkeit und hohe Temperaturbest\u00e4ndigkeit<\/span><\/strong><\/p>\n<p><span>\u00a0 \u00a0 \u00a0 Der Stahl hat die am besten geeignete umfassende Leistung im Temperaturbereich von 850\u2103-1100\u2103, extrem hohe Oxidationsbest\u00e4ndigkeit und eine Zundertemperatur von bis zu 1150\u2103; extrem hohe Kriechbest\u00e4ndigkeit und Kriechbruchfestigkeit; hat eine gute Hochtemperatur-Korrosionsbest\u00e4ndigkeit und Gleichgewicht B\u00fcrstenkorrosionsbest\u00e4ndigkeit in den meisten Gasmedien; hat eine hohe Streckgrenze und Zugfestigkeit bei hohen Temperaturen; gute Formbarkeit und Schwei\u00dfbarkeit sowie eine ausreichende Bearbeitbarkeit. Neben den Legierungselementen Chrom und Nickel enth\u00e4lt der nichtrostende Stahl 253MA auch eine geringe Menge an Seltenerdmetallen (REM), die seine Oxidationsbest\u00e4ndigkeit deutlich verbessern. Stickstoff wurde hinzugef\u00fcgt, um die Kriecheigenschaften zu verbessern und diesen Stahl vollst\u00e4ndig austenitisch zu machen. Obwohl der Chrom- und Nickelgehalt relativ niedrig ist, weist dieser nichtrostende Stahl in vielen F\u00e4llen die gleichen Hochtemperatureigenschaften auf wie hochlegierte St\u00e4hle und Nickelbasislegierungen.<\/span><\/p>\n<p><strong><span>4. 253NA Anwendungsbereiche<\/span><\/strong><\/p>\n<p><span>\u00a0 \u00a0 \u00a0 253MA ist weit verbreitet in Sinteranlagen, Hochofenanlagen, Stahlschmelzen, \u00d6fen und Stranggussanlagen, Stahlwalzwerke (W\u00e4rme\u00f6fen), W\u00e4rmebehandlungs\u00f6fen und Zubeh\u00f6r, Mineralienanlagen und Zementproduktionsanlagen, etc. 253MA Stahl kann Druck-tragende Gelegenheiten bei 900 \u2103 und nicht-drucktragende Hochtemperatur-Komponenten mit Arbeitstemperaturen bis zu 1150 \u2103 verwenden.<\/span><\/p>","protected":false},"excerpt":{"rendered":"<p>Our company&#8217;s scope of supply includes Non-standard forgings, round rods, steel plates\/steel belts, flange pipe fittings, seamless pipes, capillaries, etc. [&hellip;]<\/p>","protected":false},"featured_media":536,"template":"","meta":{"site-sidebar-layout":"default","site-content-layout":"","ast-site-content-layout":"default","site-content-style":"default","site-sidebar-style":"default","ast-global-header-display":"","ast-banner-title-visibility":"","ast-main-header-display":"","ast-hfb-above-header-display":"","ast-hfb-below-header-display":"","ast-hfb-mobile-header-display":"","site-post-title":"","ast-breadcrumbs-content":"","ast-featured-img":"","footer-sml-layout":"","theme-transparent-header-meta":"default","adv-header-id-meta":"","stick-header-meta":"","header-above-stick-meta":"","header-main-stick-meta":"","header-below-stick-meta":"","astra-migrate-meta-layouts":"set","ast-page-background-enabled":"default","ast-page-background-meta":{"desktop":{"background-color":"var(--ast-global-color-5)","background-image":"","background-repeat":"repeat","background-position":"center center","background-size":"auto","background-attachment":"scroll","background-type":"","background-media":"","overlay-type":"","overlay-color":"","overlay-opacity":"","overlay-gradient":""},"tablet":{"background-color":"","background-image":"","background-repeat":"repeat","background-position":"center center","background-size":"auto","background-attachment":"scroll","background-type":"","background-media":"","overlay-type":"","overlay-color":"","overlay-opacity":"","overlay-gradient":""},"mobile":{"background-color":"","background-image":"","background-repeat":"repeat","background-position":"center center","background-size":"auto","background-attachment":"scroll","background-type":"","background-media":"","overlay-type":"","overlay-color":"","overlay-opacity":"","overlay-gradient":""}},"ast-content-background-meta":{"desktop":{"background-color":"var(--ast-global-color-4)","background-image":"","background-repeat":"repeat","background-position":"center center","background-size":"auto","background-attachment":"scroll","background-type":"","background-media":"","overlay-type":"","overlay-color":"","overlay-opacity":"","overlay-gradient":""},"tablet":{"background-color":"var(--ast-global-color-4)","background-image":"","background-repeat":"repeat","background-position":"center center","background-size":"auto","background-attachment":"scroll","background-type":"","background-media":"","overlay-type":"","overlay-color":"","overlay-opacity":"","overlay-gradient":""},"mobile":{"background-color":"var(--ast-global-color-4)","background-image":"","background-repeat":"repeat","background-position":"center center","background-size":"auto","background-attachment":"scroll","background-type":"","background-media":"","overlay-type":"","overlay-color":"","overlay-opacity":"","overlay-gradient":""}}},"product_brand":[],"product_cat":[30],"product_tag":[],"class_list":{"0":"post-535","1":"product","2":"type-product","3":"status-publish","4":"has-post-thumbnail","6":"product_cat-advanced-stainless-steel","7":"desktop-align-left","8":"tablet-align-left","9":"mobile-align-left","11":"first","12":"instock","13":"shipping-taxable","14":"product-type-simple"},"_links":{"self":[{"href":"https:\/\/www.dura-alloy.com\/de\/wp-json\/wp\/v2\/product\/535","targetHints":{"allow":["GET"]}}],"collection":[{"href":"https:\/\/www.dura-alloy.com\/de\/wp-json\/wp\/v2\/product"}],"about":[{"href":"https:\/\/www.dura-alloy.com\/de\/wp-json\/wp\/v2\/types\/product"}],"version-history":[{"count":0,"href":"https:\/\/www.dura-alloy.com\/de\/wp-json\/wp\/v2\/product\/535\/revisions"}],"wp:featuredmedia":[{"embeddable":true,"href":"https:\/\/www.dura-alloy.com\/de\/wp-json\/wp\/v2\/media\/536"}],"wp:attachment":[{"href":"https:\/\/www.dura-alloy.com\/de\/wp-json\/wp\/v2\/media?parent=535"}],"wp:term":[{"taxonomy":"product_brand","embeddable":true,"href":"https:\/\/www.dura-alloy.com\/de\/wp-json\/wp\/v2\/product_brand?post=535"},{"taxonomy":"product_cat","embeddable":true,"href":"https:\/\/www.dura-alloy.com\/de\/wp-json\/wp\/v2\/product_cat?post=535"},{"taxonomy":"product_tag","embeddable":true,"href":"https:\/\/www.dura-alloy.com\/de\/wp-json\/wp\/v2\/product_tag?post=535"}],"curies":[{"name":"wp","href":"https:\/\/api.w.org\/{rel}","templated":true}]}}