{"id":523,"date":"2025-06-16T07:14:27","date_gmt":"2025-06-16T07:14:27","guid":{"rendered":"https:\/\/dura-alloy.com\/?post_type=product&#038;p=523"},"modified":"2025-06-16T07:14:27","modified_gmt":"2025-06-16T07:14:27","slug":"7075","status":"publish","type":"product","link":"https:\/\/www.dura-alloy.com\/de\/produkt\/7075\/","title":{"rendered":"7075"},"content":{"rendered":"<p style=\"text-align: center;\"><strong><span>Lieferumfang der Aviation Group:<\/span><\/strong><\/p>\n<p style=\"text-align: center;\"><strong><span>Es kann kundenspezifische Nicht-Standard, Aluminium-Platte (ganze Platte \/ Schnitt), Aluminium-Stab, Aluminium-Schmiedeteile, Aluminium-Rohre, Aluminium-Profile, etc. Willkommen zu erkundigen!<\/span><\/strong><\/p>\n<p>&nbsp;<\/p>\n<p><strong><span>1. Einf\u00fchrung in\u00a0<\/span><\/strong><strong><span>7075\u00a0<\/span><\/strong><strong><span>Materialien<\/span><\/strong><\/p>\n<p><span>\u00a0 \u00a0 \u00a0 Die Aluminiumlegierung 7075 ist eine kaltverformte Schmiedelegierung mit hoher Festigkeit, die weit \u00fcber der von Baustahl liegt. 7075 ist eine der leistungsst\u00e4rksten Legierungen, die im gewerblichen Bereich eingesetzt werden. Nach der W\u00e4rmebehandlung kann es sehr hohe Festigkeitseigenschaften erreichen. Dem 7075-Material wird im Allgemeinen eine kleine Menge Kupfer, Chrom und andere Legierungen zugesetzt. Unter den Serien ist die Aluminiumlegierung 7075-T651 besonders hochwertig. Sie ist als das beste Produkt unter den Aluminiumlegierungen bekannt, mit hoher Festigkeit und weit besser als jeder Baustahl. Diese Legierung hat gute mechanische Eigenschaften und eine gute Anodenreaktion.<\/span><\/p>\n<p><span>\u00a0 \u00a0 \u00a0 7075 enth\u00e4lt haupts\u00e4chlich Zink. Es geh\u00f6rt ebenfalls zur Luftfahrt-Serie, ist eine Aluminium-Magnesium-Zink-Kupfer-Legierung, eine w\u00e4rmebehandelte Legierung und hat eine gute Verschlei\u00dffestigkeit. Das 7075-Aluminiumblech ist spannungsfrei und verformt oder verzieht sich nicht nach der Bearbeitung. Alle supergro\u00dfen und superdicken 7075-Aluminiumplatten werden mit Ultraschallwellen gepr\u00fcft, wodurch sichergestellt werden kann, dass keine Sandl\u00f6cher und Verunreinigungen vorhanden sind. Die 7075-Aluminiumplatte hat eine hohe W\u00e4rmeleitf\u00e4higkeit, die die Umformzeit verk\u00fcrzen und die Arbeitseffizienz verbessern kann. Das Hauptmerkmal ist, dass die hohe H\u00e4rte 7075 ist eine hohe H\u00e4rte und hohe Festigkeit Aluminium-Legierung, die oft verwendet wird, um Flugzeugstrukturen und Futures herzustellen. Sie erfordert hochbeanspruchte Strukturteile und Formenbau mit hoher Festigkeit und Korrosionsbest\u00e4ndigkeit.<\/span><\/p>\n<p><strong><span>2,\u00a0<\/span><\/strong><strong><span>7075\u00a0<\/span><\/strong><strong><span>Chemische Inhaltsstoffe<\/span><\/strong><\/p>\n<table border=\"-\">\n<tbody>\n<tr>\n<td colspan=\"2\" width=\"106\"><span>Legierungsmedaille<\/span><\/td>\n<td width=\"50\"><span>Silizium<\/span><\/p>\n<p><span>Und<\/span><\/td>\n<td width=\"50\"><span>Eisen<\/span><\/p>\n<p>Fe<\/td>\n<td width=\"51\"><span>Kupfer<\/span><\/p>\n<p>Cu<\/td>\n<td width=\"48\"><span>Mangan<\/span><\/p>\n<p>Mn<\/td>\n<td width=\"49\"><span>Magnesium<\/span><\/p>\n<p>Mg<\/td>\n<td width=\"47\"><span>Chrom<\/span><\/p>\n<p>Cr<\/td>\n<td width=\"48\"><span>Zink<\/span><\/p>\n<p>Zn<\/td>\n<td width=\"47\"><span>Titan<\/span><\/p>\n<p><span>von<\/span><\/td>\n<td colspan=\"2\" width=\"91\"><span>andere<\/span><\/td>\n<td width=\"49\"><span>Aluminium<\/span><\/p>\n<p>AL<\/td>\n<\/tr>\n<tr>\n<td width=\"53\"><span>Neue Klasse<\/span><\/td>\n<td width=\"53\"><span>Alte Marke<\/span><\/td>\n<td rowspan=\"2\" width=\"50\">0.4<\/td>\n<td rowspan=\"2\" width=\"50\">0.5<\/td>\n<td rowspan=\"2\" width=\"51\">1.2-2.0<\/td>\n<td rowspan=\"2\" width=\"48\">0.3<\/td>\n<td rowspan=\"2\" width=\"49\">2.1-2.9<\/td>\n<td rowspan=\"2\" width=\"47\">0.18-0.28<\/td>\n<td rowspan=\"2\" width=\"48\">5.1-6.1<\/td>\n<td rowspan=\"2\" width=\"47\">0.2<\/td>\n<td width=\"46\"><span>Jede<\/span><\/td>\n<td width=\"44\"><span>insgesamt<\/span><\/td>\n<td rowspan=\"2\" width=\"49\"><span>Marge<\/span><\/td>\n<\/tr>\n<tr>\n<td width=\"53\">7075<\/td>\n<td width=\"53\">&#8211;<\/td>\n<td width=\"46\">0.05<\/td>\n<td width=\"44\">0.15<\/td>\n<\/tr>\n<\/tbody>\n<\/table>\n<p><strong>\u00a0<\/strong><strong><span>3.\u00a0<\/span><\/strong><strong><span>7075\u00a0<\/span><\/strong><strong><span>Physikalische Eigenschaften und Merkmale<\/span><\/strong><\/p>\n<table border=\"-\">\n<tbody>\n<tr>\n<td width=\"99\"><span>Qualit\u00e4t und Zustand der Aluminiumlegierung<\/span><\/td>\n<td width=\"109\"><span>Zugfestigkeit<\/span><\/p>\n<p>Rm\/Mpa<\/td>\n<td width=\"101\"><span>Ausbeute der Ausbeute<\/span><\/p>\n<p>Rp0,2\/Mpa<\/td>\n<td width=\"98\"><span>Dehnung\/%<\/span><\/td>\n<td width=\"104\"><span>H\u00e4rte\/HBW\u03b1<\/span><\/td>\n<td width=\"108\"><span>Dichte<\/span><\/p>\n<p><span>(20 \u2103) (g \/ cm3)<\/span><\/td>\n<\/tr>\n<tr>\n<td width=\"99\"><span>7075-T6<\/span><\/td>\n<td width=\"109\">572<\/td>\n<td width=\"101\">503<\/td>\n<td width=\"98\">11<\/td>\n<td width=\"104\">150<\/td>\n<td width=\"108\">2.9<\/td>\n<\/tr>\n<\/tbody>\n<\/table>\n<p><strong><span>7075\u00a0<\/span><\/strong><strong><span>Eigenschaften der Aluminiumlegierung<\/span><\/strong><\/p>\n<p><span>1. Hochfeste w\u00e4rmebehandelte Legierung.<\/span><\/p>\n<p><span>2. Gute mechanische Eigenschaften.<\/span><\/p>\n<p><span>3. Gute Benutzerfreundlichkeit.<\/span><\/p>\n<p><span>4. Leicht zu verarbeiten und gute Verschlei\u00dffestigkeit.<\/span><\/p>\n<p><span>5. der Zustand T7351 erh\u00f6ht die Korrosionsbest\u00e4ndigkeit<\/span><\/p>\n<p><span>6. Hochfeste Werkstoffe, die in Hochdruckbauteilen verwendet werden.<\/span><\/p>\n<p><span>\u00a0 \u00a0 \u00a0 Dem 7075-Material wird im Allgemeinen eine kleine Menge Kupfer, Chrom und andere Legierungen zugesetzt. Unter ihnen ist die A7075-Aluminiumlegierung besonders gut. Sie ist als das beste Produkt unter den Aluminiumlegierungen bekannt, mit hoher Festigkeit und weit besser als jeder Baustahl. Diese Legierung hat gute mechanische Eigenschaften und eine gute Anodenreaktion.<\/span><\/p>\n<p><strong><span>IV.\u00a0<\/span><\/strong><strong><span>7075\u00a0<\/span><\/strong><strong><span>Anwendungsbereiche<\/span><\/strong><\/p>\n<p><span>\u00a0 \u00a0 \u00a0 7075 eignet sich f\u00fcr die Luft- und Raumfahrtindustrie, Blasformen (Flaschen), Ultraschall-Kunststoffschwei\u00dfformen, Golfballk\u00f6pfe, Schuhformen, Papierformen, Schaumstoffformen, Wachsentfernungsformen, Schablonen, Vorrichtungen, Maschinen und Ger\u00e4te, Formverarbeitung und wird zur Herstellung von Fahrradrahmen aus hochwertiger Aluminiumlegierung usw. verwendet.<\/span><\/p>","protected":false},"excerpt":{"rendered":"<p>Scope of supply of Aviation Group: It can be customized non-standard, aluminum plate (whole plate\/cut), aluminum rod, aluminum forgings, aluminum [&hellip;]<\/p>","protected":false},"featured_media":524,"template":"","meta":{"site-sidebar-layout":"default","site-content-layout":"","ast-site-content-layout":"default","site-content-style":"default","site-sidebar-style":"default","ast-global-header-display":"","ast-banner-title-visibility":"","ast-main-header-display":"","ast-hfb-above-header-display":"","ast-hfb-below-header-display":"","ast-hfb-mobile-header-display":"","site-post-title":"","ast-breadcrumbs-content":"","ast-featured-img":"","footer-sml-layout":"","theme-transparent-header-meta":"default","adv-header-id-meta":"","stick-header-meta":"","header-above-stick-meta":"","header-main-stick-meta":"","header-below-stick-meta":"","astra-migrate-meta-layouts":"set","ast-page-background-enabled":"default","ast-page-background-meta":{"desktop":{"background-color":"var(--ast-global-color-5)","background-image":"","background-repeat":"repeat","background-position":"center center","background-size":"auto","background-attachment":"scroll","background-type":"","background-media":"","overlay-type":"","overlay-color":"","overlay-opacity":"","overlay-gradient":""},"tablet":{"background-color":"","background-image":"","background-repeat":"repeat","background-position":"center center","background-size":"auto","background-attachment":"scroll","background-type":"","background-media":"","overlay-type":"","overlay-color":"","overlay-opacity":"","overlay-gradient":""},"mobile":{"background-color":"","background-image":"","background-repeat":"repeat","background-position":"center center","background-size":"auto","background-attachment":"scroll","background-type":"","background-media":"","overlay-type":"","overlay-color":"","overlay-opacity":"","overlay-gradient":""}},"ast-content-background-meta":{"desktop":{"background-color":"var(--ast-global-color-4)","background-image":"","background-repeat":"repeat","background-position":"center center","background-size":"auto","background-attachment":"scroll","background-type":"","background-media":"","overlay-type":"","overlay-color":"","overlay-opacity":"","overlay-gradient":""},"tablet":{"background-color":"var(--ast-global-color-4)","background-image":"","background-repeat":"repeat","background-position":"center center","background-size":"auto","background-attachment":"scroll","background-type":"","background-media":"","overlay-type":"","overlay-color":"","overlay-opacity":"","overlay-gradient":""},"mobile":{"background-color":"var(--ast-global-color-4)","background-image":"","background-repeat":"repeat","background-position":"center center","background-size":"auto","background-attachment":"scroll","background-type":"","background-media":"","overlay-type":"","overlay-color":"","overlay-opacity":"","overlay-gradient":""}}},"product_brand":[],"product_cat":[29],"product_tag":[],"class_list":{"0":"post-523","1":"product","2":"type-product","3":"status-publish","4":"has-post-thumbnail","6":"product_cat-aviation-aluminum-alloy","7":"desktop-align-left","8":"tablet-align-left","9":"mobile-align-left","11":"first","12":"instock","13":"shipping-taxable","14":"product-type-simple"},"_links":{"self":[{"href":"https:\/\/www.dura-alloy.com\/de\/wp-json\/wp\/v2\/product\/523","targetHints":{"allow":["GET"]}}],"collection":[{"href":"https:\/\/www.dura-alloy.com\/de\/wp-json\/wp\/v2\/product"}],"about":[{"href":"https:\/\/www.dura-alloy.com\/de\/wp-json\/wp\/v2\/types\/product"}],"version-history":[{"count":0,"href":"https:\/\/www.dura-alloy.com\/de\/wp-json\/wp\/v2\/product\/523\/revisions"}],"wp:featuredmedia":[{"embeddable":true,"href":"https:\/\/www.dura-alloy.com\/de\/wp-json\/wp\/v2\/media\/524"}],"wp:attachment":[{"href":"https:\/\/www.dura-alloy.com\/de\/wp-json\/wp\/v2\/media?parent=523"}],"wp:term":[{"taxonomy":"product_brand","embeddable":true,"href":"https:\/\/www.dura-alloy.com\/de\/wp-json\/wp\/v2\/product_brand?post=523"},{"taxonomy":"product_cat","embeddable":true,"href":"https:\/\/www.dura-alloy.com\/de\/wp-json\/wp\/v2\/product_cat?post=523"},{"taxonomy":"product_tag","embeddable":true,"href":"https:\/\/www.dura-alloy.com\/de\/wp-json\/wp\/v2\/product_tag?post=523"}],"curies":[{"name":"wp","href":"https:\/\/api.w.org\/{rel}","templated":true}]}}