{"id":509,"date":"2025-06-16T06:45:00","date_gmt":"2025-06-16T06:45:00","guid":{"rendered":"https:\/\/dura-alloy.com\/?post_type=product&#038;p=509"},"modified":"2025-06-16T06:45:00","modified_gmt":"2025-06-16T06:45:00","slug":"3a21","status":"publish","type":"product","link":"https:\/\/www.dura-alloy.com\/de\/produkt\/3a21\/","title":{"rendered":"3A21"},"content":{"rendered":"<p style=\"text-align: center;\"><strong><span>Lieferumfang der Aviation Group:<\/span><\/strong><\/p>\n<p><strong><span>Es kann kundenspezifische Nicht-Standard, Aluminium-Platte (ganze Platte \/ Schnitt), Aluminium-Stab, Aluminium-Schmiedeteile, Aluminium-Rohre, Aluminium-Profile, etc. Willkommen zu erkundigen!<\/span><\/strong><\/p>\n<p><strong><span>1. Einf\u00fchrung in\u00a0<\/span><\/strong><strong><span>3A21\u00a0<\/span><\/strong><strong><span>Materialien<\/span><\/strong><\/p>\n<p><span>\u00a0 \u00a0 \u00a0 3A21 ist eine Legierung auf Al-Mn-Basis, die sich hervorragend als rostfreie milit\u00e4rische Aluminiumlegierung eignet. 3A21-Aluminiumblech ist ein weit verbreitetes rostfreies Aluminium mit geringer Festigkeit (nur geringf\u00fcgig h\u00f6her als industrielles Reinaluminium) und kann nicht durch W\u00e4rmebehandlung verst\u00e4rkt werden. Daher werden h\u00e4ufig Kaltverarbeitungsmethoden eingesetzt, um die mechanischen Eigenschaften zu verbessern. Es hat eine hohe Plastizit\u00e4t im gegl\u00fchten Zustand, und es ist immer noch gut, wenn geh\u00e4rtet halb gek\u00fchlt arbeiten, geringe Plastizit\u00e4t w\u00e4hrend der H\u00e4rtung, gute Korrosionsbest\u00e4ndigkeit, gutes Schwei\u00dfen, und schlechte Schneidleistung.<\/span><\/p>\n<p><strong><span>2.\u00a0<\/span><\/strong><span><strong>Chemische Zusammensetzung von\u00a0<\/strong><\/span><strong><span>3A21<\/span><\/strong><\/p>\n<table border=\"-\">\n<tbody>\n<tr>\n<td colspan=\"3\"><span>Legierungsmedaille<\/span><\/td>\n<td colspan=\"2\"><span>Silizium<\/span><\/p>\n<p><span>Und<\/span><\/td>\n<td colspan=\"2\"><span>Eisen<\/span><\/p>\n<p>Fe<\/td>\n<td colspan=\"2\"><span>Kupfer<\/span><\/p>\n<p>Cu<\/td>\n<td colspan=\"2\"><span>Mangan<\/span><\/p>\n<p>Mn<\/td>\n<td colspan=\"2\"><span>Magnesium<\/span><\/p>\n<p>Mg<\/td>\n<td colspan=\"2\"><span>Chrom<\/span><\/p>\n<p>Cr<\/td>\n<td colspan=\"2\"><span>Zink<\/span><\/p>\n<p>Zn<\/td>\n<td colspan=\"2\"><span>Titan<\/span><\/p>\n<p><span>von<\/span><\/td>\n<td colspan=\"3\"><span>andere<\/span><\/td>\n<td colspan=\"2\"><span>Aluminium<\/span><\/p>\n<p>AL<\/td>\n<\/tr>\n<tr>\n<td><span>Neue Klasse<\/span><\/td>\n<td><span>Alte Marke<\/span><\/td>\n<td colspan=\"2\" rowspan=\"2\">0.60<\/td>\n<td colspan=\"2\" rowspan=\"2\">0.70<\/td>\n<td colspan=\"2\" rowspan=\"2\">0.20<\/td>\n<td colspan=\"2\" rowspan=\"2\">1.0-1.6<\/td>\n<td colspan=\"2\" rowspan=\"2\">0.05<\/td>\n<td colspan=\"2\" rowspan=\"2\">&#8211;<\/td>\n<td colspan=\"2\" rowspan=\"2\">0.10<\/td>\n<td colspan=\"2\" rowspan=\"2\">0.15<\/td>\n<td colspan=\"2\"><span>Jede<\/span><\/td>\n<td><span>insgesamt<\/span><\/td>\n<td colspan=\"2\" rowspan=\"2\"><span>Marge<\/span><\/td>\n<td>&nbsp;<\/td>\n<\/tr>\n<tr>\n<td><span>3A21<\/span><\/td>\n<td>LF21<\/td>\n<td colspan=\"2\"><span>0.05<\/span><\/td>\n<td><span>0.10<\/span><\/td>\n<td>&nbsp;<\/td>\n<\/tr>\n<\/tbody>\n<\/table>\n<p><strong><span>3.\u00a0<\/span><\/strong><strong><span>3A21\u00a0<\/span><\/strong><strong><span>physikalische Eigenschaften<\/span><\/strong><\/p>\n<table border=\"-\">\n<tbody>\n<tr>\n<td width=\"97\"><span>Qualit\u00e4t und Zustand der Aluminiumlegierung<\/span><\/td>\n<td width=\"106\"><span>Zugfestigkeit<\/span><\/p>\n<p>Rm\/Mpa<\/td>\n<td width=\"99\"><span>Ausbeute der Ausbeute<\/span><\/p>\n<p>Rp0,2\/Mpa<\/td>\n<td width=\"96\"><span>Dehnung\/%<\/span><\/td>\n<td width=\"102\"><span>H\u00e4rte\/HBW\u03b1<\/span><\/td>\n<td width=\"105\"><span>Dichte<\/span><\/p>\n<p><span>(20 \u2103) (g \/ cm3)<\/span><\/td>\n<\/tr>\n<tr>\n<td width=\"97\"><span>3a21-h112<\/span><\/td>\n<td width=\"106\">120<\/td>\n<td width=\"99\"><span>&#8211;<\/span><\/td>\n<td width=\"96\">16<\/td>\n<td width=\"102\"><span>&#8211;<\/span><\/td>\n<td width=\"105\">2.75<\/td>\n<\/tr>\n<\/tbody>\n<\/table>\n<p><strong>\u00a0<\/strong><strong>\u00a0<\/strong><strong><span>Vier: Anwendbare Bereiche<\/span><\/strong><\/p>\n<p><span>\u00a0 \u00a0 \u00a0 3A21 wird haupts\u00e4chlich zum Schwei\u00dfen von Teilen wie Luft- und Raumfahrt, Milit\u00e4rausr\u00fcstung, Werkzeugen und Vorrichtungen, Automobilen, Transportmitteln, Treibstoffbeh\u00e4ltern, geschwei\u00dften Kabinenh\u00e4uten, Endrahmen, Halterungen und anderen geschwei\u00dften Teilen sowie Leitungen, die in korrosiven Medien arbeiten, verwendet.<\/span><\/p>","protected":false},"excerpt":{"rendered":"<p>Scope of supply of Aviation Group: It can be customized non-standard, aluminum plate (whole plate\/cut), aluminum rod, aluminum forgings, aluminum [&hellip;]<\/p>","protected":false},"featured_media":510,"template":"","meta":{"site-sidebar-layout":"default","site-content-layout":"","ast-site-content-layout":"default","site-content-style":"default","site-sidebar-style":"default","ast-global-header-display":"","ast-banner-title-visibility":"","ast-main-header-display":"","ast-hfb-above-header-display":"","ast-hfb-below-header-display":"","ast-hfb-mobile-header-display":"","site-post-title":"","ast-breadcrumbs-content":"","ast-featured-img":"","footer-sml-layout":"","theme-transparent-header-meta":"default","adv-header-id-meta":"","stick-header-meta":"","header-above-stick-meta":"","header-main-stick-meta":"","header-below-stick-meta":"","astra-migrate-meta-layouts":"set","ast-page-background-enabled":"default","ast-page-background-meta":{"desktop":{"background-color":"var(--ast-global-color-5)","background-image":"","background-repeat":"repeat","background-position":"center center","background-size":"auto","background-attachment":"scroll","background-type":"","background-media":"","overlay-type":"","overlay-color":"","overlay-opacity":"","overlay-gradient":""},"tablet":{"background-color":"","background-image":"","background-repeat":"repeat","background-position":"center center","background-size":"auto","background-attachment":"scroll","background-type":"","background-media":"","overlay-type":"","overlay-color":"","overlay-opacity":"","overlay-gradient":""},"mobile":{"background-color":"","background-image":"","background-repeat":"repeat","background-position":"center center","background-size":"auto","background-attachment":"scroll","background-type":"","background-media":"","overlay-type":"","overlay-color":"","overlay-opacity":"","overlay-gradient":""}},"ast-content-background-meta":{"desktop":{"background-color":"var(--ast-global-color-4)","background-image":"","background-repeat":"repeat","background-position":"center center","background-size":"auto","background-attachment":"scroll","background-type":"","background-media":"","overlay-type":"","overlay-color":"","overlay-opacity":"","overlay-gradient":""},"tablet":{"background-color":"var(--ast-global-color-4)","background-image":"","background-repeat":"repeat","background-position":"center center","background-size":"auto","background-attachment":"scroll","background-type":"","background-media":"","overlay-type":"","overlay-color":"","overlay-opacity":"","overlay-gradient":""},"mobile":{"background-color":"var(--ast-global-color-4)","background-image":"","background-repeat":"repeat","background-position":"center center","background-size":"auto","background-attachment":"scroll","background-type":"","background-media":"","overlay-type":"","overlay-color":"","overlay-opacity":"","overlay-gradient":""}}},"product_brand":[],"product_cat":[29],"product_tag":[],"class_list":{"0":"post-509","1":"product","2":"type-product","3":"status-publish","4":"has-post-thumbnail","6":"product_cat-aviation-aluminum-alloy","7":"desktop-align-left","8":"tablet-align-left","9":"mobile-align-left","11":"first","12":"instock","13":"shipping-taxable","14":"product-type-simple"},"_links":{"self":[{"href":"https:\/\/www.dura-alloy.com\/de\/wp-json\/wp\/v2\/product\/509","targetHints":{"allow":["GET"]}}],"collection":[{"href":"https:\/\/www.dura-alloy.com\/de\/wp-json\/wp\/v2\/product"}],"about":[{"href":"https:\/\/www.dura-alloy.com\/de\/wp-json\/wp\/v2\/types\/product"}],"version-history":[{"count":0,"href":"https:\/\/www.dura-alloy.com\/de\/wp-json\/wp\/v2\/product\/509\/revisions"}],"wp:featuredmedia":[{"embeddable":true,"href":"https:\/\/www.dura-alloy.com\/de\/wp-json\/wp\/v2\/media\/510"}],"wp:attachment":[{"href":"https:\/\/www.dura-alloy.com\/de\/wp-json\/wp\/v2\/media?parent=509"}],"wp:term":[{"taxonomy":"product_brand","embeddable":true,"href":"https:\/\/www.dura-alloy.com\/de\/wp-json\/wp\/v2\/product_brand?post=509"},{"taxonomy":"product_cat","embeddable":true,"href":"https:\/\/www.dura-alloy.com\/de\/wp-json\/wp\/v2\/product_cat?post=509"},{"taxonomy":"product_tag","embeddable":true,"href":"https:\/\/www.dura-alloy.com\/de\/wp-json\/wp\/v2\/product_tag?post=509"}],"curies":[{"name":"wp","href":"https:\/\/api.w.org\/{rel}","templated":true}]}}