{"id":506,"date":"2025-06-16T06:41:35","date_gmt":"2025-06-16T06:41:35","guid":{"rendered":"https:\/\/dura-alloy.com\/?post_type=product&#038;p=506"},"modified":"2025-06-16T06:42:21","modified_gmt":"2025-06-16T06:42:21","slug":"2a14","status":"publish","type":"product","link":"https:\/\/www.dura-alloy.com\/de\/produkt\/2a14\/","title":{"rendered":"2A14"},"content":{"rendered":"<p style=\"text-align: center;\"><strong><span>Lieferumfang der Aviation Group:<\/span><\/strong><\/p>\n<p><strong><span>Es kann kundenspezifische Nicht-Standard, Aluminium-Platte (ganze Platte \/ Schnitt), Aluminium-Stab, Aluminium-Schmiedeteile, Aluminium-Rohre, Aluminium-Profile, etc. Willkommen zu erkundigen!<\/span><\/strong><\/p>\n<p><strong><span>1. Einf\u00fchrung in\u00a0<\/span><\/strong><strong><span>2A14\u00a0<\/span><\/strong><strong><span>Materialien<\/span><\/strong><\/p>\n<p><span>\u00a0 \u00a0 \u00a0 Die Aluminiumlegierung 2A14 ist eine harte Aluminiumlegierung, und die alte Sorte ist LD10. 2A14 hat einen hohen Kupfergehalt, eine hohe Festigkeit, eine gute W\u00e4rmeformbest\u00e4ndigkeit, eine gute Bearbeitbarkeit, eine gute Widerstandsf\u00e4higkeit, eine gute Punkt- und Nahtschwei\u00dfbarkeit, kann w\u00e4rmebehandelt und verfestigt werden und hat einen Extrusionseffekt, aber es gibt Unterschiede bei den L\u00e4ngs- und Quereigenschaften. Die Korrosionsbest\u00e4ndigkeit ist nicht sehr gut, und die Tendenz zur interkristallinen Korrosion und zur Spannungskorrosion und Bruchneigung wird im k\u00fcnstlichen Alterungszustand auftreten.<\/span><\/p>\n<p><span>2.\u00a0<\/span><strong><span>2A12\u00a0<\/span><\/strong><strong><span>chemische Zusammensetzung<\/span><\/strong><\/p>\n<table border=\"-\">\n<tbody>\n<tr>\n<td colspan=\"2\" width=\"102\"><span>Legierungsmedaille<\/span><\/td>\n<td width=\"48\"><span>Silizium Si<\/span><\/td>\n<td width=\"48\"><span>Eisen Fe<\/span><\/td>\n<td width=\"49\"><span>\u94dc mit<\/span><\/td>\n<td width=\"46\"><span>Mangan Mn<\/span><\/td>\n<td width=\"47\"><span>Magnesium Mg<\/span><\/td>\n<td width=\"46\"><span>Zink Zn<\/span><\/td>\n<td width=\"48\"><span>Titan Ti<\/span><\/td>\n<td width=\"46\"><span>Ni<\/span><\/td>\n<td colspan=\"2\" width=\"91\"><span>andere<\/span><\/td>\n<td width=\"47\"><span>Aluminium AL<\/span><\/td>\n<\/tr>\n<tr>\n<td width=\"51\"><span>Neue Klasse<\/span><\/td>\n<td width=\"51\"><span>Alte Marke<\/span><\/td>\n<td rowspan=\"2\" width=\"48\"><span>0.6-1.2<\/span><\/td>\n<td rowspan=\"2\" width=\"48\"><span>0.70<\/span><\/td>\n<td rowspan=\"2\" width=\"49\"><span>3.9-4.8<\/span><\/td>\n<td rowspan=\"2\" width=\"46\"><span>0.4-1.0<\/span><\/td>\n<td rowspan=\"2\" width=\"47\"><span>0.4-0.8<\/span><\/td>\n<td rowspan=\"2\" width=\"46\"><span>0.30<\/span><\/td>\n<td rowspan=\"2\" width=\"48\"><span>0.15<\/span><\/td>\n<td rowspan=\"2\" width=\"46\"><span>0.10<\/span><\/td>\n<td width=\"43\"><span>Jede<\/span><\/td>\n<td width=\"47\"><span>insgesamt<\/span><\/td>\n<td rowspan=\"2\" width=\"47\"><span>Marge<\/span><\/td>\n<\/tr>\n<tr>\n<td width=\"51\"><span>2a14<\/span><\/td>\n<td width=\"51\"><span>LD10<\/span><\/td>\n<td width=\"43\"><span>0.05<\/span><\/td>\n<td width=\"47\"><span>0.10<\/span><\/td>\n<\/tr>\n<\/tbody>\n<\/table>\n<p><strong><span>3.\u00a0<\/span><\/strong><strong><span>2A14\u00a0<\/span><\/strong><strong><span>Physikalische Eigenschaften und Spezifikationen f\u00fcr die W\u00e4rmebehandlung<\/span><\/strong><\/p>\n<table border=\"-\">\n<tbody>\n<tr>\n<td width=\"91\"><span>Qualit\u00e4t und Zustand der Aluminiumlegierung<\/span><\/td>\n<td width=\"100\"><span>Zugfestigkeit<\/span><\/p>\n<p><span>Rm\/Mpa<\/span><\/td>\n<td width=\"93\"><span>Ausbeute der Ausbeute<\/span><\/p>\n<p><span>Rp0,2\/Mpa<\/span><\/td>\n<td width=\"91\"><span>Dehnung\/%<\/span><\/td>\n<td width=\"96\"><span>H\u00e4rte\/HBW\u03b1<\/span><\/td>\n<td width=\"146\"><span>Dichte<\/span><\/p>\n<p><span>(20 \u2103) (g \/ cm3)<\/span><\/td>\n<\/tr>\n<tr>\n<td width=\"91\"><span>2A14-T4<\/span><\/td>\n<td width=\"100\"><span>440<\/span><\/td>\n<td width=\"93\"><span>280<\/span><\/td>\n<td width=\"91\"><span>10<\/span><\/td>\n<td width=\"96\"><span>120<\/span><\/td>\n<td width=\"146\"><span>2.8<\/span><\/td>\n<\/tr>\n<\/tbody>\n<\/table>\n<p><span>2A14 Aluminiumlegierung Werkszustand:<\/span><\/p>\n<p><span>\u00a0 \u00a0 \u00a0 2-Serien-Hartaluminiumlegierungen sind erh\u00e4ltlich in O, T4, T6, H12, H14, H18, H112, F<\/span><\/p>\n<p><span>\u00a0 \u00a0 \u00a0 Die Kategorien der Aluminiumlegierung 2A14 umfassen Aluminiumplatten\/Aluminiumschmiedest\u00fccke\/Aluminiumstangen\/Aluminiumb\u00e4nder\/Aluminiumspulen\/Aluminiumfolien\/Aluminiumrohre.<\/span><\/p>\n<p><strong><span>2A14\u00a0<\/span><\/strong><strong><span>Spezifikationen f\u00fcr die W\u00e4rmebehandlung<\/span><\/strong><\/p>\n<p><span>1) Homogenisierungsgl\u00fchen: Erhitzung auf 475-490\u2103; Isolierung f\u00fcr 12-14 Stunden; Abk\u00fchlung des Ofens.<\/span><\/p>\n<p><span>2) Vollst\u00e4ndiges Ausgl\u00fchen: Hitze 350~400\u2103; abh\u00e4ngig von der effektiven Dicke des Materials betr\u00e4gt die Isolationszeit 30~120min; mit dem Ofen auf 300\u2103 bei einer Geschwindigkeit von 30~50\u2103\/h abk\u00fchlen, und dann Luft abk\u00fchlen.<\/span><\/p>\n<p><span>3) Schnelles Gl\u00fchen: Erhitzen bei 350-460\u2103; Isolierzeit bei 30-120min; Luftabk\u00fchlung.<\/span><\/p>\n<p><span>4) Abschrecken und Alterung: Abschrecken ist 495-505\u2103, wassergek\u00fchlt; nat\u00fcrliche Alterung ist 96h Raumtemperatur.<\/span><\/p>\n<p><strong>\u00a0<\/strong><strong><span>4. 2A14 Anwendungsbereiche<\/span><\/strong><strong>\u00a0<\/strong><\/p>\n<ul>\n<li><span>Die Aluminiumlegierung 2A14 wird f\u00fcr die Herstellung von hochbelastbaren Freiform- und Gesenkschmiedest\u00fccken sowie f\u00fcr gro\u00dfe Rahmen, Br\u00fccken, gro\u00dfe Schalen, Automobilbauteile usw. verwendet.<\/span><\/li>\n<li><span>2A14-Aluminium wird haupts\u00e4chlich f\u00fcr Strukturteile in der Luftfahrt verwendet.<\/span><\/li>\n<li><span>Angewandt auf den Treibstofftank der ersten Stufe und auf Raumfahrzeugteile von Mehrstufenraketen.<\/span><\/li>\n<li><span>F\u00fcr Lkw-Rahmen und Teile des Aufh\u00e4ngungssystems.\u00a0<\/span><\/li>\n<\/ul>","protected":false},"excerpt":{"rendered":"<p>Scope of supply of Aviation Group: It can be customized non-standard, aluminum plate (whole plate\/cut), aluminum rod, aluminum forgings, aluminum [&hellip;]<\/p>","protected":false},"featured_media":508,"template":"","meta":{"site-sidebar-layout":"default","site-content-layout":"","ast-site-content-layout":"default","site-content-style":"default","site-sidebar-style":"default","ast-global-header-display":"","ast-banner-title-visibility":"","ast-main-header-display":"","ast-hfb-above-header-display":"","ast-hfb-below-header-display":"","ast-hfb-mobile-header-display":"","site-post-title":"","ast-breadcrumbs-content":"","ast-featured-img":"","footer-sml-layout":"","theme-transparent-header-meta":"default","adv-header-id-meta":"","stick-header-meta":"","header-above-stick-meta":"","header-main-stick-meta":"","header-below-stick-meta":"","astra-migrate-meta-layouts":"set","ast-page-background-enabled":"default","ast-page-background-meta":{"desktop":{"background-color":"var(--ast-global-color-5)","background-image":"","background-repeat":"repeat","background-position":"center center","background-size":"auto","background-attachment":"scroll","background-type":"","background-media":"","overlay-type":"","overlay-color":"","overlay-opacity":"","overlay-gradient":""},"tablet":{"background-color":"","background-image":"","background-repeat":"repeat","background-position":"center center","background-size":"auto","background-attachment":"scroll","background-type":"","background-media":"","overlay-type":"","overlay-color":"","overlay-opacity":"","overlay-gradient":""},"mobile":{"background-color":"","background-image":"","background-repeat":"repeat","background-position":"center center","background-size":"auto","background-attachment":"scroll","background-type":"","background-media":"","overlay-type":"","overlay-color":"","overlay-opacity":"","overlay-gradient":""}},"ast-content-background-meta":{"desktop":{"background-color":"var(--ast-global-color-4)","background-image":"","background-repeat":"repeat","background-position":"center center","background-size":"auto","background-attachment":"scroll","background-type":"","background-media":"","overlay-type":"","overlay-color":"","overlay-opacity":"","overlay-gradient":""},"tablet":{"background-color":"var(--ast-global-color-4)","background-image":"","background-repeat":"repeat","background-position":"center center","background-size":"auto","background-attachment":"scroll","background-type":"","background-media":"","overlay-type":"","overlay-color":"","overlay-opacity":"","overlay-gradient":""},"mobile":{"background-color":"var(--ast-global-color-4)","background-image":"","background-repeat":"repeat","background-position":"center center","background-size":"auto","background-attachment":"scroll","background-type":"","background-media":"","overlay-type":"","overlay-color":"","overlay-opacity":"","overlay-gradient":""}}},"product_brand":[],"product_cat":[29],"product_tag":[],"class_list":{"0":"post-506","1":"product","2":"type-product","3":"status-publish","4":"has-post-thumbnail","6":"product_cat-aviation-aluminum-alloy","7":"desktop-align-left","8":"tablet-align-left","9":"mobile-align-left","11":"first","12":"instock","13":"shipping-taxable","14":"product-type-simple"},"_links":{"self":[{"href":"https:\/\/www.dura-alloy.com\/de\/wp-json\/wp\/v2\/product\/506","targetHints":{"allow":["GET"]}}],"collection":[{"href":"https:\/\/www.dura-alloy.com\/de\/wp-json\/wp\/v2\/product"}],"about":[{"href":"https:\/\/www.dura-alloy.com\/de\/wp-json\/wp\/v2\/types\/product"}],"version-history":[{"count":0,"href":"https:\/\/www.dura-alloy.com\/de\/wp-json\/wp\/v2\/product\/506\/revisions"}],"wp:featuredmedia":[{"embeddable":true,"href":"https:\/\/www.dura-alloy.com\/de\/wp-json\/wp\/v2\/media\/508"}],"wp:attachment":[{"href":"https:\/\/www.dura-alloy.com\/de\/wp-json\/wp\/v2\/media?parent=506"}],"wp:term":[{"taxonomy":"product_brand","embeddable":true,"href":"https:\/\/www.dura-alloy.com\/de\/wp-json\/wp\/v2\/product_brand?post=506"},{"taxonomy":"product_cat","embeddable":true,"href":"https:\/\/www.dura-alloy.com\/de\/wp-json\/wp\/v2\/product_cat?post=506"},{"taxonomy":"product_tag","embeddable":true,"href":"https:\/\/www.dura-alloy.com\/de\/wp-json\/wp\/v2\/product_tag?post=506"}],"curies":[{"name":"wp","href":"https:\/\/api.w.org\/{rel}","templated":true}]}}