{"id":292,"date":"2025-06-11T05:36:57","date_gmt":"2025-06-11T05:36:57","guid":{"rendered":"https:\/\/dura-alloy.com\/?post_type=product&#038;p=292"},"modified":"2025-06-16T08:14:57","modified_gmt":"2025-06-16T08:14:57","slug":"zirconium-target-material","status":"publish","type":"product","link":"https:\/\/www.dura-alloy.com\/de\/produkt\/zirconium-target-material\/","title":{"rendered":"Zirkonium-Zielmaterial"},"content":{"rendered":"<p><strong>Unsere Produktspezifikationen<\/strong><\/p>\n<ol>\n<li>Markennummer: ZR60702 (ZR702), ZR60705 (ZR705)<\/li>\n<li>Gr\u00f6\u00dfenangaben: \u03a6100*40, \u03a6100*35, \u03a695*45, \u03a695*40, \u03a663*32 oder k\u00f6nnen je nach Kundenanforderung angepasst werden<\/li>\n<li>Reinheit: \u226599.5%<\/li>\n<li>Norm: ASTM B551, GB\/T8769-2010<\/li>\n<li>Dichte: \u22656,51g\/cm3<\/li>\n<li>Schmelzpunkt: 1852\u2103<\/li>\n<li>Korngr\u00f6\u00dfe: &lt;100um<\/li>\n<li>Lieferstatus: polierte Oberfl\u00e4che, polierte Oberfl\u00e4che, bearbeitete Oberfl\u00e4che<\/li>\n<\/ol>\n<p><strong>Einf\u00fchrung in Zirkonium<\/strong><\/p>\n<p>Die Zirkoniumlegierung hat eine gute Korrosionsbest\u00e4ndigkeit, m\u00e4\u00dfige mechanische Eigenschaften und einen niedrigen atomaren thermischen Neutronenabsorptionsquerschnitt (Zirkonium hat einen Wert von 0,18 m) in Wasser und Dampf bei hohen Temperaturen und hohem Druck von 300-400\u2103. Es hat eine gute Kompatibilit\u00e4t mit Kernbrennstoff. Daher kann es als Kernstrukturmaterial (Brennstoffh\u00fclse, Druckrohr, Halterung und Lochrohr) f\u00fcr wassergek\u00fchlte Kernreaktoren verwendet werden. Dies ist der Hauptzweck der Zirkoniumlegierung.<\/p>\n<p>Zirkonium weist eine ausgezeichnete Korrosionsbest\u00e4ndigkeit gegen\u00fcber einer Vielzahl von S\u00e4uren (wie Salzs\u00e4ure, Salpeters\u00e4ure, Schwefels\u00e4ure und Essigs\u00e4ure), Laugen und Salzen auf, so dass Zirkoniumlegierungen auch zur Herstellung korrosionsbest\u00e4ndiger Komponenten und pharmazeutischer Ger\u00e4te verwendet werden. Da Zirkonium eine starke Affinit\u00e4t zu Gasen wie Sauerstoff und Stickstoff hat, werden Zirkoniumlegierungen auch h\u00e4ufig als nicht verdampfende Gasentgasungsmittel in der Elektrovakuum- und Gl\u00fchlampenindustrie verwendet. Zirkonium hat hervorragende Leuchteigenschaften, was es auch zu einem Material f\u00fcr Blitzlichter und Feuerwerke macht.<\/p>\n<p>Zirkonium und Zirkoniumlegierungen haben eine gute Plastizit\u00e4t und k\u00f6nnen zu Rohren, Platten, St\u00e4ben und Dr\u00e4hten verarbeitet werden, von denen Rohre die wichtigsten Produkte sind. Die Verarbeitungstechnologie von Zirkonium und Zirkoniumlegierungen h\u00e4ngt von den grundlegenden Eigenschaften von Zirkonium und den besonderen Anforderungen von Kernreaktoren an Zirkoniumkomponenten ab. Die grundlegenden Eigenschaften von Zirkonium sind: es wird leicht durch Sauerstoff, Stickstoff, Wasserstoff usw. verunreinigt, klebt leicht an der Form und weist eine homogene und heterokristalline Umwandlung auf.<\/p>\n<p>Zirkonium und Zirkoniumlegierungen haben gute Schwei\u00dfeigenschaften. Zu den g\u00e4ngigen Schwei\u00dfverfahren geh\u00f6ren das Wolfram-Elektroden-Argon-Lichtbogenschwei\u00dfen und das Elektronenstrahlschwei\u00dfen. D\u00fcnnwandige Rohre mit gro\u00dfem Durchmesser werden in der Regel durch Schwei\u00dfen hergestellt. Sp\u00e4ne aus Zirkoniumpulver sind brennbar, daher ist beim Schleifen und Schneiden von Zirkoniumprodukten Vorsicht geboten.<\/p>\n<p>Zirkoniumlegierungen sind korrosionsbest\u00e4ndig und biokompatibel, so dass sie f\u00fcr die Implantation in den K\u00f6rper verwendet werden k\u00f6nnen. In der Medizin k\u00f6nnen aus der Legierung Zr-2,5Nb Knie- oder H\u00fcftimplantate hergestellt werden. Diese Zirkoniumlegierung verringert die Reibung und erh\u00f6ht die Verschlei\u00dffestigkeit, wobei die Gesamtleistung (Herstellbarkeit, Bruchz\u00e4higkeit und Duktilit\u00e4t) erhalten bleibt, was eine gute L\u00f6sung f\u00fcr medizinische Implantate darstellt.<\/p>\n<p>Die Anforderungen von Kernreaktoren an Zirkoniumkomponenten sind hohe Ma\u00dfgenauigkeit, strenge Anforderungen an die Mikrostruktur und stabile Leistung. Die am weitesten verbreiteten Hauptverfahren der Verarbeitung nahtloser Zirkoniumrohre sind: Vorbereitung der Verbrauchselektroden, Schmelzguss, Schmieden, Warmflie\u00dfpressen (Rohrrohling), Kaltbearbeitung und Endbearbeitung.<\/p>","protected":false},"excerpt":{"rendered":"<p>Our product specifications Brand number: ZR60702 (ZR702), ZR60705 (ZR705) Size specifications: \u03a6100*40, \u03a6100*35, \u03a695*45, \u03a695*40, \u03a663*32 or can be customized [&hellip;]<\/p>","protected":false},"featured_media":294,"template":"","meta":{"site-sidebar-layout":"default","site-content-layout":"","ast-site-content-layout":"default","site-content-style":"default","site-sidebar-style":"default","ast-global-header-display":"","ast-banner-title-visibility":"","ast-main-header-display":"","ast-hfb-above-header-display":"","ast-hfb-below-header-display":"","ast-hfb-mobile-header-display":"","site-post-title":"","ast-breadcrumbs-content":"","ast-featured-img":"","footer-sml-layout":"","theme-transparent-header-meta":"default","adv-header-id-meta":"","stick-header-meta":"","header-above-stick-meta":"","header-main-stick-meta":"","header-below-stick-meta":"","astra-migrate-meta-layouts":"set","ast-page-background-enabled":"default","ast-page-background-meta":{"desktop":{"background-color":"var(--ast-global-color-5)","background-image":"","background-repeat":"repeat","background-position":"center center","background-size":"auto","background-attachment":"scroll","background-type":"","background-media":"","overlay-type":"","overlay-color":"","overlay-opacity":"","overlay-gradient":""},"tablet":{"background-color":"","background-image":"","background-repeat":"repeat","background-position":"center center","background-size":"auto","background-attachment":"scroll","background-type":"","background-media":"","overlay-type":"","overlay-color":"","overlay-opacity":"","overlay-gradient":""},"mobile":{"background-color":"","background-image":"","background-repeat":"repeat","background-position":"center center","background-size":"auto","background-attachment":"scroll","background-type":"","background-media":"","overlay-type":"","overlay-color":"","overlay-opacity":"","overlay-gradient":""}},"ast-content-background-meta":{"desktop":{"background-color":"var(--ast-global-color-4)","background-image":"","background-repeat":"repeat","background-position":"center center","background-size":"auto","background-attachment":"scroll","background-type":"","background-media":"","overlay-type":"","overlay-color":"","overlay-opacity":"","overlay-gradient":""},"tablet":{"background-color":"var(--ast-global-color-4)","background-image":"","background-repeat":"repeat","background-position":"center center","background-size":"auto","background-attachment":"scroll","background-type":"","background-media":"","overlay-type":"","overlay-color":"","overlay-opacity":"","overlay-gradient":""},"mobile":{"background-color":"var(--ast-global-color-4)","background-image":"","background-repeat":"repeat","background-position":"center center","background-size":"auto","background-attachment":"scroll","background-type":"","background-media":"","overlay-type":"","overlay-color":"","overlay-opacity":"","overlay-gradient":""}}},"product_brand":[],"product_cat":[31],"product_tag":[],"class_list":{"0":"post-292","1":"product","2":"type-product","3":"status-publish","4":"has-post-thumbnail","6":"product_cat-tantalum-niobium-zirconium-nickel","7":"desktop-align-left","8":"tablet-align-left","9":"mobile-align-left","11":"first","12":"instock","13":"shipping-taxable","14":"product-type-simple"},"_links":{"self":[{"href":"https:\/\/www.dura-alloy.com\/de\/wp-json\/wp\/v2\/product\/292","targetHints":{"allow":["GET"]}}],"collection":[{"href":"https:\/\/www.dura-alloy.com\/de\/wp-json\/wp\/v2\/product"}],"about":[{"href":"https:\/\/www.dura-alloy.com\/de\/wp-json\/wp\/v2\/types\/product"}],"version-history":[{"count":1,"href":"https:\/\/www.dura-alloy.com\/de\/wp-json\/wp\/v2\/product\/292\/revisions"}],"predecessor-version":[{"id":295,"href":"https:\/\/www.dura-alloy.com\/de\/wp-json\/wp\/v2\/product\/292\/revisions\/295"}],"wp:featuredmedia":[{"embeddable":true,"href":"https:\/\/www.dura-alloy.com\/de\/wp-json\/wp\/v2\/media\/294"}],"wp:attachment":[{"href":"https:\/\/www.dura-alloy.com\/de\/wp-json\/wp\/v2\/media?parent=292"}],"wp:term":[{"taxonomy":"product_brand","embeddable":true,"href":"https:\/\/www.dura-alloy.com\/de\/wp-json\/wp\/v2\/product_brand?post=292"},{"taxonomy":"product_cat","embeddable":true,"href":"https:\/\/www.dura-alloy.com\/de\/wp-json\/wp\/v2\/product_cat?post=292"},{"taxonomy":"product_tag","embeddable":true,"href":"https:\/\/www.dura-alloy.com\/de\/wp-json\/wp\/v2\/product_tag?post=292"}],"curies":[{"name":"wp","href":"https:\/\/api.w.org\/{rel}","templated":true}]}}