{"id":282,"date":"2025-06-11T04:49:46","date_gmt":"2025-06-11T04:49:46","guid":{"rendered":"https:\/\/dura-alloy.com\/?post_type=product&#038;p=282"},"modified":"2025-06-11T04:49:46","modified_gmt":"2025-06-11T04:49:46","slug":"904l","status":"publish","type":"product","link":"https:\/\/www.dura-alloy.com\/de\/produkt\/904l\/","title":{"rendered":"904L"},"content":{"rendered":"<p style=\"text-align: center;\"><strong><span>Das Leistungsspektrum unseres Unternehmens umfasst<\/span><\/strong><\/p>\n<p style=\"text-align: center;\"><strong><span>Nicht genormte Schmiedest\u00fccke, Rundstangen, Stahlplatten\/Stahlb\u00e4nder, Flanschrohre, nahtlose Rohre, Kapillaren, usw. Willkommen zu erkundigen!<\/span><\/strong><\/p>\n<p><strong><span>1.\u00a0<\/span><\/strong><strong><span>Einf\u00fchrung in 904L-Materialien<\/span><\/strong><\/p>\n<p><span>\u00a0 \u00a0 \u00a0 904L superaustenitischer rostfreier Stahl ist ein kohlenstoffarmer, nickelhaltiger, molybd\u00e4nhaltiger, austenitischer, s\u00e4urebest\u00e4ndiger Stahl und ist ein gesch\u00fctztes Material f\u00fcr die Einf\u00fchrung der franz\u00f6sischen Firma H.S.. Er hat eine gute Aktivierungs-Passivierungs-Umwandlungsf\u00e4higkeit, eine ausgezeichnete Korrosionsbest\u00e4ndigkeit, eine ausgezeichnete Korrosionsbest\u00e4ndigkeit in nicht oxidierenden S\u00e4uren wie Schwefels\u00e4ure, Essigs\u00e4ure, Ameisens\u00e4ure und Phosphors\u00e4ure, eine gute Lochfra\u00dfbest\u00e4ndigkeit in neutralen chloridhaltigen Medien und eine gute Best\u00e4ndigkeit gegen Hohlraumkorrosion und Spannungskorrosion. Es ist f\u00fcr Schwefels\u00e4ure in verschiedenen Konzentrationen unter 70\u00b0C geeignet. Es ist auch sehr korrosionsbest\u00e4ndig in S\u00e4uren jeglicher Konzentration oder Temperatur unter Normaldruck sowie in Gemischen aus Ameisens\u00e4ure und Essigs\u00e4ure.<\/span><\/p>\n<p><strong><span>2. 904L chemische Zusammensetzung<\/span><\/strong><\/p>\n<table border=\"-\" width=\"1120\">\n<tbody>\n<tr>\n<td width=\"97\"><span>Legierung<\/span><\/td>\n<td width=\"64\"><span>%<\/span><\/td>\n<td width=\"51\"><span>Chrom Cr<\/span><\/td>\n<td width=\"51\"><span>Kohlenstoff C<\/span><\/td>\n<td width=\"51\"><span>Mangan Mn<\/span><\/td>\n<td width=\"51\"><span>Silizium Si<\/span><\/td>\n<td width=\"51\"><span>Phosphor P<\/span><\/td>\n<td width=\"51\"><span>Schwefel S<\/span><\/td>\n<td width=\"51\"><span>Ni<\/span><\/td>\n<td width=\"51\"><span>Molybd\u00e4n Mo<\/span><\/td>\n<td width=\"51\"><span>Kupfer Cu<\/span><\/td>\n<\/tr>\n<tr>\n<td rowspan=\"2\" width=\"97\"><span>904L<\/span><\/td>\n<td width=\"64\"><span>Minimaler Wert<\/span><\/td>\n<td width=\"51\"><span>19.0<\/span><\/td>\n<td width=\"51\"><span>&#8211;<\/span><\/td>\n<td width=\"51\"><span>&#8211;<\/span><\/td>\n<td width=\"51\"><span>&#8211;<\/span><\/td>\n<td width=\"51\"><span>&#8211;<\/span><\/td>\n<td width=\"51\"><span>&#8211;<\/span><\/td>\n<td width=\"51\"><span>23.0<\/span><\/td>\n<td width=\"51\"><span>4.0<\/span><\/td>\n<td width=\"51\"><span>1.0<\/span><\/td>\n<\/tr>\n<tr>\n<td width=\"64\"><span>Maximaler Wert<\/span><\/td>\n<td width=\"51\"><span>23.0<\/span><\/td>\n<td width=\"51\"><span>0.02<\/span><\/td>\n<td width=\"51\"><span>2.0<\/span><\/td>\n<td width=\"51\"><span>1.0<\/span><\/td>\n<td width=\"51\"><span>0.045<\/span><\/td>\n<td width=\"51\"><span>0.035<\/span><\/td>\n<td width=\"51\"><span>28.0<\/span><\/td>\n<td width=\"51\"><span>5.0<\/span><\/td>\n<td width=\"51\"><span>2.0<\/span><\/td>\n<\/tr>\n<\/tbody>\n<\/table>\n<p><strong><span>3. Physikalische Eigenschaften von 904L<\/span><\/strong><\/p>\n<p><span>Mechanische Eigenschaften:<\/span><\/p>\n<table border=\"-\">\n<tbody>\n<tr>\n<td width=\"96\"><span>Dichte<\/span><\/td>\n<td width=\"144\"><span>8,0 g\/cm3<\/span><\/td>\n<\/tr>\n<tr>\n<td width=\"96\"><span>Schmelzpunkt<\/span><\/td>\n<td width=\"144\"><span>1300-1390 \u2103<\/span><\/td>\n<\/tr>\n<\/tbody>\n<\/table>\n<p>&nbsp;<\/p>\n<p><span>Mindestwert der mechanischen Eigenschaften von Legierungen bei Raumtemperatur:<\/span><\/p>\n<table border=\"-\">\n<tbody>\n<tr>\n<td width=\"108\"><span>Status der Legierung<\/span><\/td>\n<td width=\"93\"><span>Zugfestigkeit<\/span><\/p>\n<p><span>Rm N\/mm2<\/span><\/td>\n<td width=\"120\"><span>Streckgrenze RP0.2N\/mm2<\/span><\/td>\n<td width=\"87\"><span>Dehnung<\/span><\/p>\n<p><span>A5 %<\/span><\/td>\n<\/tr>\n<tr>\n<td width=\"108\"><span>904L<\/span><\/td>\n<td width=\"93\"><span>520<\/span><\/td>\n<td width=\"120\"><span>216<\/span><\/td>\n<td width=\"87\"><span>35<\/span><\/td>\n<\/tr>\n<\/tbody>\n<\/table>\n<p><strong><span>3. 904L Korrosionsbest\u00e4ndigkeit<\/span><\/strong><\/p>\n<p><span>\u00a0 \u00a0 \u00a0 Da der Kohlenstoffgehalt von 904L sehr niedrig ist (maximal 0,020%), kommt es bei der allgemeinen W\u00e4rmebehandlung und beim Schwei\u00dfen nicht zu Karbidausscheidungen. Dadurch wird das Risiko der interkristallinen Korrosion, die nach allgemeiner W\u00e4rmebehandlung und Schwei\u00dfen auftritt, beseitigt. Aufgrund des hohen Chrom-Nickel-Molybd\u00e4n-Gehalts und des Zusatzes von Kupferelementen kann 904L auch in einer reduzierenden Umgebung, wie Schwefels\u00e4ure und Ameisens\u00e4ure, passiviert werden. Der hohe Nickelgehalt bewirkt auch eine geringere Korrosionsrate im aktiven Zustand;<\/span><\/p>\n<p><span>\u00a0 \u00a0 \u00a0 In reiner Schwefels\u00e4ure im Konzentrationsbereich von 0~98%, kann die Betriebstemperatur von 904L bis zu 40 Grad Celsius betragen. In reiner Phosphors\u00e4ure im Konzentrationsbereich von 0~85% ist seine Korrosionsbest\u00e4ndigkeit sehr gut;<\/span><\/p>\n<p><span>\u00a0 \u00a0 \u00a0 Bei industrieller Phosphors\u00e4ure, die im Nassverfahren hergestellt wird, haben Verunreinigungen einen starken Einfluss auf die Korrosionsbest\u00e4ndigkeit. Unter den verschiedenen Phosphors\u00e4uren ist 904L besser als gew\u00f6hnlicher rostfreier Stahl. Bei der stark oxidierenden Salpeters\u00e4ure hat 904L eine geringere Korrosionsbest\u00e4ndigkeit als hochlegierte Stahlsorten ohne Molybd\u00e4n;<\/span><\/p>\n<p><span>\u00a0 \u00a0 \u00a0 In Salzs\u00e4ure ist die Verwendung von 904L auf eine niedrigere Konzentration von 1-2% beschr\u00e4nkt. In diesem Konzentrationsbereich. Die Korrosionsbest\u00e4ndigkeit von 904L ist besser als die von herk\u00f6mmlichem nichtrostendem Stahl. 904L-Stahl hat eine hohe Best\u00e4ndigkeit gegen Lochkorrosion;<\/span><\/p>\n<p><span>\u00a0 \u00a0 \u00a0 Sein Korrosionsschutz gegen Hohlr\u00e4ume ist auch in Chloridl\u00f6sungen sehr gut. Der hohe Nickelgehalt von 904L verringert die Korrosionsrate in den Vertiefungen und Spalten. Gew\u00f6hnliche austenitische nichtrostende St\u00e4hle k\u00f6nnen in einer chloridreichen Umgebung bei Temperaturen \u00fcber 60 Grad Celsius empfindlich auf Spannungskorrosion reagieren, und diese Sensibilisierung kann durch eine Erh\u00f6hung des Nickelgehalts des nichtrostenden Stahls verringert werden. Aufgrund des hohen Nickelgehalts weist 904L eine hohe Best\u00e4ndigkeit gegen Spannungskorrosion und Bruch in Chloridl\u00f6sungen, konzentrierten Hydroxidl\u00f6sungen und schwefelwasserstoffreichen Umgebungen auf.<\/span><\/p>\n<p><strong><span>4. 904L Anwendungsbereiche<\/span><\/strong><\/p>\n<ul>\n<li><span>Erd\u00f6l- und petrochemische Anlagen, wie Reaktoren in petrochemischen Anlagen usw.<\/span><\/li>\n<li><span>Ausr\u00fcstungen f\u00fcr die Lagerung und den Transport von Schwefels\u00e4ure, wie z. B. W\u00e4rmetauscher usw.<\/span><\/li>\n<li><span>Zu den Hauptbestandteilen der Rauchgasentschwefelungsanlage des Kraftwerks geh\u00f6ren: der Turmk\u00f6rper, der Rauchkanal, die T\u00fcrverkleidung, die Innenteile, das Spr\u00fchsystem usw. des Absorptionsturms.<\/span><\/li>\n<li><span>W\u00e4scher und Ventilatoren in Systemen zur Behandlung organischer S\u00e4uren.<\/span><\/li>\n<li><span>Seewasseraufbereitungsanlagen, Seewasserw\u00e4rmetauscher, Ausr\u00fcstungen f\u00fcr die Papierindustrie, Schwefels\u00e4ure- und Salpeters\u00e4ureanlagen, S\u00e4ureproduktion, pharmazeutische Industrie und andere chemische Ausr\u00fcstungen, Druckbeh\u00e4lter und Lebensmittelausr\u00fcstung.<\/span><\/li>\n<li><span>Pharmazeutische Fabrik: Zentrifuge, Reaktor, usw.<\/span><\/li>\n<li><span>Pflanzliche Lebensmittel: Sojasaucen-Dosen, Kochwein, Salzdosen, Ger\u00e4te und Dressings.<\/span><\/li>\n<li><span>Das hochkorrosive Medium der verd\u00fcnnten Schwefels\u00e4ure ist ein passender Stahltyp.<\/span><\/li>\n<\/ul>","protected":false},"excerpt":{"rendered":"<p>Our company&#8217;s scope of supply includes Non-standard forgings, round rods, steel plates\/steel belts, flange pipe fittings, seamless pipes, capillaries, etc. [&hellip;]<\/p>","protected":false},"featured_media":284,"template":"","meta":{"site-sidebar-layout":"default","site-content-layout":"","ast-site-content-layout":"default","site-content-style":"default","site-sidebar-style":"default","ast-global-header-display":"","ast-banner-title-visibility":"","ast-main-header-display":"","ast-hfb-above-header-display":"","ast-hfb-below-header-display":"","ast-hfb-mobile-header-display":"","site-post-title":"","ast-breadcrumbs-content":"","ast-featured-img":"","footer-sml-layout":"","theme-transparent-header-meta":"default","adv-header-id-meta":"","stick-header-meta":"","header-above-stick-meta":"","header-main-stick-meta":"","header-below-stick-meta":"","astra-migrate-meta-layouts":"set","ast-page-background-enabled":"default","ast-page-background-meta":{"desktop":{"background-color":"var(--ast-global-color-5)","background-image":"","background-repeat":"repeat","background-position":"center center","background-size":"auto","background-attachment":"scroll","background-type":"","background-media":"","overlay-type":"","overlay-color":"","overlay-opacity":"","overlay-gradient":""},"tablet":{"background-color":"","background-image":"","background-repeat":"repeat","background-position":"center center","background-size":"auto","background-attachment":"scroll","background-type":"","background-media":"","overlay-type":"","overlay-color":"","overlay-opacity":"","overlay-gradient":""},"mobile":{"background-color":"","background-image":"","background-repeat":"repeat","background-position":"center center","background-size":"auto","background-attachment":"scroll","background-type":"","background-media":"","overlay-type":"","overlay-color":"","overlay-opacity":"","overlay-gradient":""}},"ast-content-background-meta":{"desktop":{"background-color":"var(--ast-global-color-4)","background-image":"","background-repeat":"repeat","background-position":"center center","background-size":"auto","background-attachment":"scroll","background-type":"","background-media":"","overlay-type":"","overlay-color":"","overlay-opacity":"","overlay-gradient":""},"tablet":{"background-color":"var(--ast-global-color-4)","background-image":"","background-repeat":"repeat","background-position":"center center","background-size":"auto","background-attachment":"scroll","background-type":"","background-media":"","overlay-type":"","overlay-color":"","overlay-opacity":"","overlay-gradient":""},"mobile":{"background-color":"var(--ast-global-color-4)","background-image":"","background-repeat":"repeat","background-position":"center center","background-size":"auto","background-attachment":"scroll","background-type":"","background-media":"","overlay-type":"","overlay-color":"","overlay-opacity":"","overlay-gradient":""}}},"product_brand":[],"product_cat":[30],"product_tag":[],"class_list":{"0":"post-282","1":"product","2":"type-product","3":"status-publish","4":"has-post-thumbnail","6":"product_cat-advanced-stainless-steel","7":"desktop-align-left","8":"tablet-align-left","9":"mobile-align-left","11":"first","12":"instock","13":"shipping-taxable","14":"product-type-simple"},"_links":{"self":[{"href":"https:\/\/www.dura-alloy.com\/de\/wp-json\/wp\/v2\/product\/282","targetHints":{"allow":["GET"]}}],"collection":[{"href":"https:\/\/www.dura-alloy.com\/de\/wp-json\/wp\/v2\/product"}],"about":[{"href":"https:\/\/www.dura-alloy.com\/de\/wp-json\/wp\/v2\/types\/product"}],"version-history":[{"count":1,"href":"https:\/\/www.dura-alloy.com\/de\/wp-json\/wp\/v2\/product\/282\/revisions"}],"predecessor-version":[{"id":285,"href":"https:\/\/www.dura-alloy.com\/de\/wp-json\/wp\/v2\/product\/282\/revisions\/285"}],"wp:featuredmedia":[{"embeddable":true,"href":"https:\/\/www.dura-alloy.com\/de\/wp-json\/wp\/v2\/media\/284"}],"wp:attachment":[{"href":"https:\/\/www.dura-alloy.com\/de\/wp-json\/wp\/v2\/media?parent=282"}],"wp:term":[{"taxonomy":"product_brand","embeddable":true,"href":"https:\/\/www.dura-alloy.com\/de\/wp-json\/wp\/v2\/product_brand?post=282"},{"taxonomy":"product_cat","embeddable":true,"href":"https:\/\/www.dura-alloy.com\/de\/wp-json\/wp\/v2\/product_cat?post=282"},{"taxonomy":"product_tag","embeddable":true,"href":"https:\/\/www.dura-alloy.com\/de\/wp-json\/wp\/v2\/product_tag?post=282"}],"curies":[{"name":"wp","href":"https:\/\/api.w.org\/{rel}","templated":true}]}}